{"id":692,"date":"2023-12-02T17:22:51","date_gmt":"2023-12-02T09:22:51","guid":{"rendered":"https:\/\/mk-product.com\/?post_type=product&#038;p=692"},"modified":"2023-12-14T05:19:48","modified_gmt":"2023-12-14T15:19:48","slug":"electric-motor-aluminum-die-casings","status":"publish","type":"product","link":"https:\/\/mk-product.com\/tr\/urun\/electric-motor-aluminum-die-casings\/","title":{"rendered":"Elektrikli Motor Al\u00fcminyum Kal\u0131p G\u00f6vdeleri"},"content":{"rendered":"<h2>Giri\u015f<\/h2>\n<p>Elektrik motoru g\u00f6vdeleri, elektrik motorlar\u0131n\u0131n \u00f6nemli bir bile\u015fenidir ve i\u00e7 par\u00e7alar i\u00e7in koruma ve destek sa\u011flar. Motor g\u00f6vdeleri i\u00e7in kullan\u0131lan \u00e7e\u015fitli malzemeler aras\u0131nda al\u00fcminyum, m\u00fckemmel \u00f6zellikleri ve \u00e7ok y\u00f6nl\u00fcl\u00fc\u011f\u00fc ile \u00f6ne \u00e7\u0131kar. Bu makalede, elektrik motoru al\u00fcminyum g\u00f6vdelerinin faydalar\u0131n\u0131 ve \u00f6zelliklerini inceleyece\u011fiz.<\/p>\n<h2>Al\u00fcminyum G\u00f6vdelerin Faydalar\u0131<\/h2>\n<p>Al\u00fcminyum g\u00f6vdeler di\u011fer malzemelere g\u00f6re \u00e7ok say\u0131da avantaj sunarak elektrik motoru \u00fcreticileri i\u00e7in pop\u00fcler bir se\u00e7im haline gelir. \u0130\u015fte baz\u0131 temel avantajlar:<\/p>\n<ol>\n<li><strong>Hafif:<\/strong> Al\u00fcminyum, elektrik motorunun toplam a\u011f\u0131rl\u0131\u011f\u0131n\u0131 azaltmaya yard\u0131mc\u0131 olan hafif bir malzemedir. Bu \u00f6zellikle ta\u015f\u0131nabilir cihazlar veya ara\u00e7lar gibi a\u011f\u0131rl\u0131\u011f\u0131n kritik bir fakt\u00f6r oldu\u011fu uygulamalarda \u00f6nemlidir.<\/li>\n<li><strong>G\u00fc\u00e7l\u00fc:<\/strong> Hafif yap\u0131s\u0131na ra\u011fmen al\u00fcminyum olduk\u00e7a g\u00fc\u00e7l\u00fc ve dayan\u0131kl\u0131d\u0131r. Motorun dahili bile\u015fenleri i\u00e7in m\u00fckemmel koruma sa\u011flayarak uzun \u00f6m\u00fcrl\u00fc ve g\u00fcvenilir olmalar\u0131n\u0131 sa\u011flar.<\/li>\n<li><strong>Korozyon Direnci:<\/strong> Al\u00fcminyum, korozyona kar\u015f\u0131 do\u011fal diren\u00e7 \u00f6zelliklerine sahiptir, bu da onu pas ve di\u011fer korozyon t\u00fcrlerine kar\u015f\u0131 olduk\u00e7a diren\u00e7li hale getirir. Bu \u00f6zellikle y\u00fcksek nemli veya neme maruz kalan ortamlarda avantajl\u0131d\u0131r.<\/li>\n<li><strong>Termal \u0130letkenlik:<\/strong> Al\u00fcminyum m\u00fckemmel bir \u0131s\u0131 iletkenidir ve motorun \u00e7al\u0131\u015fmas\u0131 s\u0131ras\u0131nda olu\u015fan \u0131s\u0131n\u0131n verimli bir \u015fekilde da\u011f\u0131t\u0131lmas\u0131n\u0131 sa\u011flar. Bu, a\u015f\u0131r\u0131 \u0131s\u0131nmay\u0131 \u00f6nlemeye yard\u0131mc\u0131 olur ve motorun optimum performans\u0131n\u0131 ve uzun \u00f6m\u00fcrl\u00fc olmas\u0131n\u0131 sa\u011flar.<\/li>\n<li><strong>Elektriksel \u0130letkenlik:<\/strong> Al\u00fcminyum iyi bir elektrik iletkenli\u011fine sahiptir ve elektrik ak\u0131m\u0131n\u0131n motor i\u00e7inde verimli bir \u015fekilde aktar\u0131lmas\u0131n\u0131 sa\u011flar. Bu, istikrarl\u0131 ve g\u00fcvenilir motor performans\u0131n\u0131 korumak i\u00e7in \u00e7ok \u00f6nemlidir.<\/li>\n<\/ol>\n<h2>Elektrikli Motor Al\u00fcminyum G\u00f6vdelerinin \u00d6zellikleri<\/h2>\n<p>Elektrikli motor al\u00fcminyum g\u00f6vdeleri, i\u015flevselliklerini ve kullan\u0131labilirliklerini daha da art\u0131ran \u00e7e\u015fitli \u00f6zelliklerle birlikte gelir:<\/p>\n<ol>\n<li><strong>Tasar\u0131m Esnekli\u011fi:<\/strong> Al\u00fcminyum, karma\u015f\u0131k ve kompleks tasar\u0131mlara olanak tan\u0131yan son derece yumu\u015fak bir malzemedir. Tasar\u0131mdaki bu esneklik, motor \u00fcreticilerinin motorlar\u0131n\u0131n \u00f6zel gereksinimlerine m\u00fckemmel \u015fekilde uyan muhafazalar olu\u015fturmas\u0131n\u0131 sa\u011flar.<\/li>\n<li><strong>Kolay \u0130\u015flenebilirlik:<\/strong> Al\u00fcminyumun i\u015flenmesi kolayd\u0131r, bu da \u00fcreticilerin al\u00fcminyum muhafazalar \u00fcretmesini uygun maliyetli hale getirir. Bu i\u015fleme kolayl\u0131\u011f\u0131, bireysel m\u00fc\u015fteri ihtiya\u00e7lar\u0131na g\u00f6re muhafazalar\u0131n h\u0131zl\u0131 ve verimli bir \u015fekilde \u00f6zelle\u015ftirilmesine de olanak tan\u0131r.<\/li>\n<li><strong>Geri d\u00f6n\u00fc\u015ft\u00fcr\u00fclebilirlik:<\/strong> Al\u00fcminyum y\u00fcksek oranda geri d\u00f6n\u00fc\u015ft\u00fcr\u00fclebilir bir malzemedir ve hem \u00fcreticilerin hem de son kullan\u0131c\u0131lar\u0131n s\u00fcrd\u00fcr\u00fclebilirlik hedeflerine katk\u0131da bulunur. Al\u00fcminyum muhafazalar\u0131n geri d\u00f6n\u00fc\u015ft\u00fcr\u00fclebilmesi, \u00e7evresel etkinin azalt\u0131lmas\u0131na ve de\u011ferli kaynaklar\u0131n korunmas\u0131na yard\u0131mc\u0131 olur.<\/li>\n<li><strong>Estetik \u00c7ekicilik:<\/strong> Al\u00fcminyum muhafazalar \u015f\u0131k ve modern bir g\u00f6r\u00fcn\u00fcme sahiptir ve elektrik motorlar\u0131n\u0131n genel tasar\u0131m\u0131na sofistike bir dokunu\u015f katar. Bu estetik \u00e7ekicilik \u00f6zellikle t\u00fcketici elektroni\u011fi ve di\u011fer g\u00f6r\u00fcn\u00fcr uygulamalarda tercih edilir.<\/li>\n<\/ol>\n<h2>Elektrik Motoru Al\u00fcminyum G\u00f6vdelerinin Uygulamalar\u0131<\/h2>\n<p>Elektrik motoru al\u00fcminyum muhafazalar\u0131, a\u015fa\u011f\u0131dakiler de dahil olmak \u00fczere \u00e7ok \u00e7e\u015fitli sekt\u00f6rlerde ve \u00fcr\u00fcnlerde uygulama alan\u0131 bulmaktad\u0131r:<\/p>\n<ul>\n<li>Otomotiv: Elektrikli ara\u00e7lar, hibrit ara\u00e7lar ve elektrikli direksiyon sistemleri.<\/li>\n<li>End\u00fcstriyel: Pompalar, kompres\u00f6rler, fanlar ve \u00e7e\u015fitli makineler.<\/li>\n<li>T\u00fcketici Elektroni\u011fi: Elektrikli aletler, cihazlar ve so\u011futma fanlar\u0131.<\/li>\n<li>Yenilenebilir Enerji: R\u00fczgar t\u00fcrbinleri ve g\u00fcne\u015f enerjisi sistemleri.<\/li>\n<li>T\u0131bbi: T\u0131bbi cihazlar ve ekipmanlar.<\/li>\n<\/ul>\n<h2>Sonu\u00e7<\/h2>\n<p>Elektrik motoru al\u00fcminyum muhafazalar\u0131 hafif yap\u0131, g\u00fc\u00e7, korozyon direnci, termal iletkenlik ve elektrik iletkenli\u011finin kazanan bir kombinasyonunu sunar. Bu muhafazalar, elektrik motorlar\u0131n\u0131n dahili bile\u015fenleri i\u00e7in optimum koruma ve destek sa\u011flayarak uzun \u00f6m\u00fcrl\u00fc olmalar\u0131n\u0131 ve g\u00fcvenilir performans g\u00f6stermelerini sa\u011flar. Tasar\u0131m esnekli\u011fi, kolay i\u015flenebilirli\u011fi, geri d\u00f6n\u00fc\u015ft\u00fcr\u00fclebilirli\u011fi ve estetik \u00e7ekicili\u011fi ile al\u00fcminyum muhafazalar, \u00e7e\u015fitli sekt\u00f6rlerdeki \u00fcreticiler i\u00e7in tercih edilen bir se\u00e7imdir. \u0130ster otomotiv, end\u00fcstriyel, t\u00fcketici elektroni\u011fi, yenilenebilir enerji veya t\u0131bbi uygulamalarda olsun, elektrik motoru al\u00fcminyum muhafazalar\u0131 ola\u011fan\u00fcst\u00fc performans ve dayan\u0131kl\u0131l\u0131k sunar.<\/p>","protected":false},"excerpt":{"rendered":"<p>Introduction Electric motor casings are an essential component of electric motors, providing protection and support for the internal parts. Among the various materials used for motor casings, aluminum stands out for its excellent properties and versatility. In this article, we will explore the benefits and features of electric motor aluminum casings. Benefits of Aluminum Casings &hellip;<\/p>\n<p class=\"read-more\"> <a class=\"\" href=\"https:\/\/mk-product.com\/tr\/urun\/electric-motor-aluminum-die-casings\/\"> <span class=\"screen-reader-text\">Elektrikli Motor Al\u00fcminyum Kal\u0131p G\u00f6vdeleri<\/span> Devam\u0131 &raquo;<\/a><\/p>","protected":false},"featured_media":598,"template":"","meta":{"site-sidebar-layout":"default","site-content-layout":"","ast-site-content-layout":"default","site-content-style":"default","site-sidebar-style":"default","ast-global-header-display":"","ast-banner-title-visibility":"","ast-main-header-display":"","ast-hfb-above-header-display":"","ast-hfb-below-header-display":"","ast-hfb-mobile-header-display":"","site-post-title":"","ast-breadcrumbs-content":"","ast-featured-img":"","footer-sml-layout":"","theme-transparent-header-meta":"default","adv-header-id-meta":"","stick-header-meta":"","header-above-stick-meta":"","header-main-stick-meta":"","header-below-stick-meta":"","astra-migrate-meta-layouts":"set","ast-page-background-enabled":"default","ast-page-background-meta":{"desktop":{"background-color":"","background-image":"","background-repeat":"repeat","background-position":"center center","background-size":"auto","background-attachment":"scroll","background-type":"","background-media":"","overlay-type":"","overlay-color":"","overlay-gradient":""},"tablet":{"background-color":"","background-image":"","background-repeat":"repeat","background-position":"center center","background-size":"auto","background-attachment":"scroll","background-type":"","background-media":"","overlay-type":"","overlay-color":"","overlay-gradient":""},"mobile":{"background-color":"","background-image":"","background-repeat":"repeat","background-position":"center center","background-size":"auto","background-attachment":"scroll","background-type":"","background-media":"","overlay-type":"","overlay-color":"","overlay-gradient":""}},"ast-content-background-meta":{"desktop":{"background-color":"var(--ast-global-color-5)","background-image":"","background-repeat":"repeat","background-position":"center center","background-size":"auto","background-attachment":"scroll","background-type":"","background-media":"","overlay-type":"","overlay-color":"","overlay-gradient":""},"tablet":{"background-color":"var(--ast-global-color-5)","background-image":"","background-repeat":"repeat","background-position":"center center","background-size":"auto","background-attachment":"scroll","background-type":"","background-media":"","overlay-type":"","overlay-color":"","overlay-gradient":""},"mobile":{"background-color":"var(--ast-global-color-5)","background-image":"","background-repeat":"repeat","background-position":"center center","background-size":"auto","background-attachment":"scroll","background-type":"","background-media":"","overlay-type":"","overlay-color":"","overlay-gradient":""}}},"product_cat":[24],"product_tag":[],"yoast_head":"<!-- This site is optimized with the Yoast SEO plugin v21.7 - https:\/\/yoast.com\/wordpress\/plugins\/seo\/ -->\n<title>Electric Motor Aluminum die Casings - mk-product.com<\/title>\n<meta name=\"robots\" content=\"index, follow, max-snippet:-1, max-image-preview:large, max-video-preview:-1\" \/>\n<link rel=\"canonical\" href=\"https:\/\/mk-product.com\/tr\/urun\/electric-motor-aluminum-die-casings\/\" \/>\n<meta property=\"og:locale\" content=\"tr_TR\" \/>\n<meta property=\"og:type\" content=\"article\" \/>\n<meta property=\"og:title\" content=\"Electric Motor Aluminum die Casings - mk-product.com\" \/>\n<meta property=\"og:description\" content=\"Introduction Electric motor casings are an essential component of electric motors, providing protection and support for the internal parts. Among the various materials used for motor casings, aluminum stands out for its excellent properties and versatility. In this article, we will explore the benefits and features of electric motor aluminum casings. Benefits of Aluminum Casings &hellip; Electric Motor Aluminum die Casings Devam\u0131 &raquo;\" \/>\n<meta property=\"og:url\" content=\"https:\/\/mk-product.com\/tr\/urun\/electric-motor-aluminum-die-casings\/\" \/>\n<meta property=\"og:site_name\" content=\"mk-product.com\" \/>\n<meta property=\"article:modified_time\" content=\"2023-12-14T15:19:48+00:00\" \/>\n<meta property=\"og:image\" content=\"https:\/\/mk-product.com\/wp-content\/uploads\/2023\/12\/AYU9545.jpg\" \/>\n\t<meta property=\"og:image:width\" content=\"550\" \/>\n\t<meta property=\"og:image:height\" content=\"550\" \/>\n\t<meta property=\"og:image:type\" content=\"image\/jpeg\" \/>\n<meta name=\"twitter:card\" content=\"summary_large_image\" \/>\n<meta name=\"twitter:label1\" content=\"Tahmini okuma s\u00fcresi\" \/>\n\t<meta name=\"twitter:data1\" content=\"3 dakika\" \/>\n<script type=\"application\/ld+json\" class=\"yoast-schema-graph\">{\"@context\":\"https:\/\/schema.org\",\"@graph\":[{\"@type\":\"WebPage\",\"@id\":\"https:\/\/mk-product.com\/product\/electric-motor-aluminum-die-casings\/\",\"url\":\"https:\/\/mk-product.com\/product\/electric-motor-aluminum-die-casings\/\",\"name\":\"Electric Motor Aluminum die Casings - mk-product.com\",\"isPartOf\":{\"@id\":\"https:\/\/mk-product.com\/#website\"},\"datePublished\":\"2023-12-02T09:22:51+00:00\",\"dateModified\":\"2023-12-14T15:19:48+00:00\",\"breadcrumb\":{\"@id\":\"https:\/\/mk-product.com\/product\/electric-motor-aluminum-die-casings\/#breadcrumb\"},\"inLanguage\":\"tr\",\"potentialAction\":[{\"@type\":\"ReadAction\",\"target\":[\"https:\/\/mk-product.com\/product\/electric-motor-aluminum-die-casings\/\"]}]},{\"@type\":\"BreadcrumbList\",\"@id\":\"https:\/\/mk-product.com\/product\/electric-motor-aluminum-die-casings\/#breadcrumb\",\"itemListElement\":[{\"@type\":\"ListItem\",\"position\":1,\"name\":\"Home\",\"item\":\"https:\/\/mk-product.com\/\"},{\"@type\":\"ListItem\",\"position\":2,\"name\":\"Products\",\"item\":\"https:\/\/mk-product.com\/products\/\"},{\"@type\":\"ListItem\",\"position\":3,\"name\":\"Electric Motor Aluminum die Casings\"}]},{\"@type\":\"WebSite\",\"@id\":\"https:\/\/mk-product.com\/#website\",\"url\":\"https:\/\/mk-product.com\/\",\"name\":\"mk-product.com\",\"description\":\"\",\"publisher\":{\"@id\":\"https:\/\/mk-product.com\/#organization\"},\"potentialAction\":[{\"@type\":\"SearchAction\",\"target\":{\"@type\":\"EntryPoint\",\"urlTemplate\":\"https:\/\/mk-product.com\/?s={search_term_string}\"},\"query-input\":\"required name=search_term_string\"}],\"inLanguage\":\"tr\"},{\"@type\":\"Organization\",\"@id\":\"https:\/\/mk-product.com\/#organization\",\"name\":\"mk-product.com\",\"url\":\"https:\/\/mk-product.com\/\",\"logo\":{\"@type\":\"ImageObject\",\"inLanguage\":\"tr\",\"@id\":\"https:\/\/mk-product.com\/#\/schema\/logo\/image\/\",\"url\":\"https:\/\/mk-product.com\/wp-content\/uploads\/2023\/12\/cropped-MK-logo-final.png\",\"contentUrl\":\"https:\/\/mk-product.com\/wp-content\/uploads\/2023\/12\/cropped-MK-logo-final.png\",\"width\":780,\"height\":430,\"caption\":\"mk-product.com\"},\"image\":{\"@id\":\"https:\/\/mk-product.com\/#\/schema\/logo\/image\/\"}}]}<\/script>\n<!-- \/ Yoast SEO plugin. -->","yoast_head_json":{"title":"Electric Motor Aluminum die Casings - mk-product.com","robots":{"index":"index","follow":"follow","max-snippet":"max-snippet:-1","max-image-preview":"max-image-preview:large","max-video-preview":"max-video-preview:-1"},"canonical":"https:\/\/mk-product.com\/tr\/urun\/electric-motor-aluminum-die-casings\/","og_locale":"tr_TR","og_type":"article","og_title":"Electric Motor Aluminum die Casings - mk-product.com","og_description":"Introduction Electric motor casings are an essential component of electric motors, providing protection and support for the internal parts. Among the various materials used for motor casings, aluminum stands out for its excellent properties and versatility. In this article, we will explore the benefits and features of electric motor aluminum casings. Benefits of Aluminum Casings &hellip; Electric Motor Aluminum die Casings Devam\u0131 &raquo;","og_url":"https:\/\/mk-product.com\/tr\/urun\/electric-motor-aluminum-die-casings\/","og_site_name":"mk-product.com","article_modified_time":"2023-12-14T15:19:48+00:00","og_image":[{"width":550,"height":550,"url":"https:\/\/mk-product.com\/wp-content\/uploads\/2023\/12\/AYU9545.jpg","type":"image\/jpeg"}],"twitter_card":"summary_large_image","twitter_misc":{"Tahmini okuma s\u00fcresi":"3 dakika"},"schema":{"@context":"https:\/\/schema.org","@graph":[{"@type":"WebPage","@id":"https:\/\/mk-product.com\/product\/electric-motor-aluminum-die-casings\/","url":"https:\/\/mk-product.com\/product\/electric-motor-aluminum-die-casings\/","name":"Electric Motor Aluminum die Casings - mk-product.com","isPartOf":{"@id":"https:\/\/mk-product.com\/#website"},"datePublished":"2023-12-02T09:22:51+00:00","dateModified":"2023-12-14T15:19:48+00:00","breadcrumb":{"@id":"https:\/\/mk-product.com\/product\/electric-motor-aluminum-die-casings\/#breadcrumb"},"inLanguage":"tr","potentialAction":[{"@type":"ReadAction","target":["https:\/\/mk-product.com\/product\/electric-motor-aluminum-die-casings\/"]}]},{"@type":"BreadcrumbList","@id":"https:\/\/mk-product.com\/product\/electric-motor-aluminum-die-casings\/#breadcrumb","itemListElement":[{"@type":"ListItem","position":1,"name":"Home","item":"https:\/\/mk-product.com\/"},{"@type":"ListItem","position":2,"name":"Products","item":"https:\/\/mk-product.com\/products\/"},{"@type":"ListItem","position":3,"name":"Electric Motor Aluminum die Casings"}]},{"@type":"WebSite","@id":"https:\/\/mk-product.com\/#website","url":"https:\/\/mk-product.com\/","name":"mk-product.com","description":"","publisher":{"@id":"https:\/\/mk-product.com\/#organization"},"potentialAction":[{"@type":"SearchAction","target":{"@type":"EntryPoint","urlTemplate":"https:\/\/mk-product.com\/?s={search_term_string}"},"query-input":"required name=search_term_string"}],"inLanguage":"tr"},{"@type":"Organization","@id":"https:\/\/mk-product.com\/#organization","name":"mk-product.com","url":"https:\/\/mk-product.com\/","logo":{"@type":"ImageObject","inLanguage":"tr","@id":"https:\/\/mk-product.com\/#\/schema\/logo\/image\/","url":"https:\/\/mk-product.com\/wp-content\/uploads\/2023\/12\/cropped-MK-logo-final.png","contentUrl":"https:\/\/mk-product.com\/wp-content\/uploads\/2023\/12\/cropped-MK-logo-final.png","width":780,"height":430,"caption":"mk-product.com"},"image":{"@id":"https:\/\/mk-product.com\/#\/schema\/logo\/image\/"}}]}},"_links":{"self":[{"href":"https:\/\/mk-product.com\/tr\/wp-json\/wp\/v2\/product\/692"}],"collection":[{"href":"https:\/\/mk-product.com\/tr\/wp-json\/wp\/v2\/product"}],"about":[{"href":"https:\/\/mk-product.com\/tr\/wp-json\/wp\/v2\/types\/product"}],"wp:featuredmedia":[{"embeddable":true,"href":"https:\/\/mk-product.com\/tr\/wp-json\/wp\/v2\/media\/598"}],"wp:attachment":[{"href":"https:\/\/mk-product.com\/tr\/wp-json\/wp\/v2\/media?parent=692"}],"wp:term":[{"taxonomy":"product_cat","embeddable":true,"href":"https:\/\/mk-product.com\/tr\/wp-json\/wp\/v2\/product_cat?post=692"},{"taxonomy":"product_tag","embeddable":true,"href":"https:\/\/mk-product.com\/tr\/wp-json\/wp\/v2\/product_tag?post=692"}],"curies":[{"name":"wp","href":"https:\/\/api.w.org\/{rel}","templated":true}]}}