{"id":685,"date":"2023-12-02T17:15:33","date_gmt":"2023-12-02T09:15:33","guid":{"rendered":"https:\/\/mk-product.com\/?post_type=product&#038;p=685"},"modified":"2023-12-14T05:17:46","modified_gmt":"2023-12-14T15:17:46","slug":"aluminum-zinc-alloy-die-casting-part","status":"publish","type":"product","link":"https:\/\/mk-product.com\/tr\/urun\/aluminum-zinc-alloy-die-casting-part\/","title":{"rendered":"Al\u00fcminyum \u00c7inko Ala\u015f\u0131ml\u0131 D\u00f6k\u00fcm Par\u00e7a"},"content":{"rendered":"<div>\n<h1>Al\/Zn Ala\u015f\u0131ml\u0131 Bas\u0131n\u00e7l\u0131 D\u00f6k\u00fcm Par\u00e7a<\/h1>\n<p>Al\/Zn Ala\u015f\u0131ml\u0131 Bas\u0131n\u00e7l\u0131 D\u00f6k\u00fcm Par\u00e7am\u0131z, \u00e7e\u015fitli end\u00fcstrilerin \u00f6zel gereksinimlerini kar\u015f\u0131lamak \u00fczere tasarlanm\u0131\u015f y\u00fcksek kaliteli ve dayan\u0131kl\u0131 bir bile\u015fendir. Al\u00fcminyum ve \u00e7inko ala\u015f\u0131mlar\u0131n\u0131n bir kombinasyonundan \u00fcretilen bu par\u00e7a, ola\u011fan\u00fcst\u00fc g\u00fc\u00e7, korozyon direnci ve boyutsal kararl\u0131l\u0131k sunar.<\/p>\n<h2>Temel \u00d6zellikler:<\/h2>\n<ul>\n<li><strong>\u00dcst\u00fcn G\u00fc\u00e7:<\/strong> Bas\u0131n\u00e7l\u0131 d\u00f6k\u00fcm i\u015fleminde kullan\u0131lan Al\/Zn ala\u015f\u0131m\u0131 m\u00fckemmel mekanik \u00f6zellikler sa\u011flayarak bu par\u00e7ay\u0131 darbe ve a\u015f\u0131nmaya kar\u015f\u0131 olduk\u00e7a diren\u00e7li hale getirir.<\/li>\n<li><strong>Korozyon Direnci:<\/strong> Ala\u015f\u0131m bile\u015fimi, par\u00e7an\u0131n zorlu \u00e7evre ko\u015fullar\u0131nda bile korozyona kar\u015f\u0131 diren\u00e7li kalmas\u0131n\u0131 sa\u011flar.<\/li>\n<li><strong>Boyutsal Kararl\u0131l\u0131k:<\/strong> Bas\u0131n\u00e7l\u0131 d\u00f6k\u00fcm s\u00fcrecimiz hassas ve tutarl\u0131 boyutlar sa\u011flayarak kolay montaja ve di\u011fer bile\u015fenlerle uyumlulu\u011fa olanak tan\u0131r.<\/li>\n<li><strong>Hafif:<\/strong> Al\u00fcminyum ve \u00e7inko ala\u015f\u0131mlar\u0131n\u0131n kombinasyonu hafif bir par\u00e7a ortaya \u00e7\u0131kar\u0131r, bu da a\u011f\u0131rl\u0131k azaltman\u0131n gerekli oldu\u011fu uygulamalar i\u00e7in idealdir.<\/li>\n<li><strong>Uygun Maliyetli:<\/strong> Bas\u0131n\u00e7l\u0131 d\u00f6k\u00fcm, y\u00fcksek kalite standartlar\u0131n\u0131 korurken toplam maliyetleri d\u00fc\u015f\u00fcrerek m\u00fckemmel \u00fcretim verimlili\u011fi sunar.<\/li>\n<\/ul>\n<h2>Uygulamalar:<\/h2>\n<p>Al\/Zn Ala\u015f\u0131ml\u0131 Bas\u0131n\u00e7l\u0131 D\u00f6k\u00fcm Par\u00e7as\u0131, a\u015fa\u011f\u0131dakiler de dahil olmak \u00fczere \u00e7e\u015fitli end\u00fcstrilerdeki \u00e7ok \u00e7e\u015fitli uygulamalar i\u00e7in uygundur:<\/p>\n<ul>\n<li>Otomotiv: Bu par\u00e7a genellikle motor par\u00e7alar\u0131, \u015fanz\u0131man muhafazalar\u0131 ve braketler gibi otomotiv bile\u015fenlerinde kullan\u0131l\u0131r.<\/li>\n<li>Elektronik: Konekt\u00f6rler, \u0131s\u0131 al\u0131c\u0131lar\u0131 ve muhafazalar dahil olmak \u00fczere elektronik cihazlarda kullan\u0131l\u0131r.<\/li>\n<li>Aletler: Par\u00e7a, buzdolab\u0131, klima ve \u00e7ama\u015f\u0131r makinesi gibi ev aletlerinde uygulama alan\u0131 bulur.<\/li>\n<li>End\u00fcstriyel Ekipmanlar: Pompalar, vanalar ve makine bile\u015fenleri gibi end\u00fcstriyel ekipmanlar\u0131n imalat\u0131nda kullan\u0131l\u0131r.<\/li>\n<li>Ayd\u0131nlatma: Par\u00e7a, yap\u0131sal destek ve \u0131s\u0131 da\u011f\u0131l\u0131m\u0131 sa\u011flayan ayd\u0131nlatma armat\u00fcrleri i\u00e7in uygundur.<\/li>\n<\/ul>\n<h2>Kalite G\u00fcvencesi:<\/h2>\n<p>\u00dcretim tesisimizde, her Al \/ Zn Ala\u015f\u0131ml\u0131 Bas\u0131n\u00e7l\u0131 D\u00f6k\u00fcm Par\u00e7as\u0131n\u0131n en y\u00fcksek standartlar\u0131 kar\u015f\u0131lad\u0131\u011f\u0131ndan emin olmak i\u00e7in s\u0131k\u0131 kalite kontrol \u00f6nlemlerini takip ediyoruz. M\u00fchendis ve teknisyenlerden olu\u015fan deneyimli ekibimiz, \u00fcretim s\u00fcrecinin her a\u015famas\u0131nda kapsaml\u0131 denetimler ve testler ger\u00e7ekle\u015ftirmektedir.<\/p>\n<p>Ayr\u0131ca, par\u00e7alar\u0131n boyutsal do\u011frulu\u011funu, y\u00fczey kalitesini ve genel performans\u0131n\u0131 garanti etmek i\u00e7in ileri teknoloji ve ekipman kullan\u0131yoruz. Kaliteye olan ba\u011fl\u0131l\u0131\u011f\u0131m\u0131z, m\u00fc\u015fterilerimizin uygulamalar\u0131 i\u00e7in g\u00fcvenilir ve dayan\u0131kl\u0131 bile\u015fenler almas\u0131n\u0131 sa\u011flar.<\/p>\n<h2>\u00d6zelle\u015ftirme Se\u00e7enekleri:<\/h2>\n<p>Farkl\u0131 uygulamalar\u0131n \u00f6zel tasar\u0131m hususlar\u0131 gerektirebilece\u011fini biliyoruz. Bu nedenle, Al\/Zn Ala\u015f\u0131ml\u0131 Bas\u0131n\u00e7l\u0131 D\u00f6k\u00fcm Par\u00e7alar\u0131m\u0131z i\u00e7in \u00f6zelle\u015ftirme se\u00e7enekleri sunuyoruz. M\u00fchendislik ekibimiz, tam gereksinimlerinizi kar\u015f\u0131layan \u00f6zel bir \u00e7\u00f6z\u00fcm geli\u015ftirmek i\u00e7in sizinle yak\u0131n bir \u015fekilde \u00e7al\u0131\u015fabilir.<\/p>\n<p>\u0130ster boyutlar\u0131 de\u011fi\u015ftirmek, ister belirli \u00f6zellikler eklemek veya benzersiz y\u00fczeyler uygulamak olsun, \u00f6zel ihtiya\u00e7lar\u0131n\u0131za uygun \u00f6zelle\u015ftirilmi\u015f par\u00e7alar sunmak i\u00e7in uzmanl\u0131\u011fa ve yeteneklere sahibiz.<\/p>\n<h2>Bize Ula\u015f\u0131n:<\/h2>\n<p>Y\u00fcksek kaliteli Al \/ Zn Ala\u015f\u0131ml\u0131 Bas\u0131n\u00e7l\u0131 D\u00f6k\u00fcm Par\u00e7alar\u0131 ar\u0131yorsan\u0131z, l\u00fctfen bug\u00fcn bizimle ileti\u015fime ge\u00e7in. Bilgili ekibimiz size yard\u0131mc\u0131 olmaya ve \u00fcr\u00fcnlerimiz ve hizmetlerimiz hakk\u0131nda daha fazla bilgi vermeye haz\u0131rd\u0131r.<\/p>\n<p>M\u00fckemmelli\u011fe ve m\u00fc\u015fteri memnuniyetine olan ba\u011fl\u0131l\u0131\u011f\u0131m\u0131zla, t\u00fcm bas\u0131n\u00e7l\u0131 d\u00f6k\u00fcm ihtiya\u00e7lar\u0131n\u0131z i\u00e7in g\u00fcvenilir orta\u011f\u0131n\u0131z olmaya \u00e7al\u0131\u015f\u0131yoruz.<\/p>\n<\/div>","protected":false},"excerpt":{"rendered":"<p>Al\/Zn Alloy Die Casting Part Our Al\/Zn Alloy Die Casting Part is a high-quality and durable component that is designed to meet the specific requirements of various industries. Made from a combination of aluminum and zinc alloys, this part offers exceptional strength, corrosion resistance, and dimensional stability. Key Features: Superior Strength: The Al\/Zn alloy used &hellip;<\/p>\n<p class=\"read-more\"> <a class=\"\" href=\"https:\/\/mk-product.com\/tr\/urun\/aluminum-zinc-alloy-die-casting-part\/\"> <span class=\"screen-reader-text\">Al\u00fcminyum \u00c7inko Ala\u015f\u0131ml\u0131 D\u00f6k\u00fcm Par\u00e7a<\/span> Devam\u0131 &raquo;<\/a><\/p>","protected":false},"featured_media":601,"template":"","meta":{"site-sidebar-layout":"default","site-content-layout":"","ast-site-content-layout":"default","site-content-style":"default","site-sidebar-style":"default","ast-global-header-display":"","ast-banner-title-visibility":"","ast-main-header-display":"","ast-hfb-above-header-display":"","ast-hfb-below-header-display":"","ast-hfb-mobile-header-display":"","site-post-title":"","ast-breadcrumbs-content":"","ast-featured-img":"","footer-sml-layout":"","theme-transparent-header-meta":"default","adv-header-id-meta":"","stick-header-meta":"","header-above-stick-meta":"","header-main-stick-meta":"","header-below-stick-meta":"","astra-migrate-meta-layouts":"set","ast-page-background-enabled":"default","ast-page-background-meta":{"desktop":{"background-color":"","background-image":"","background-repeat":"repeat","background-position":"center center","background-size":"auto","background-attachment":"scroll","background-type":"","background-media":"","overlay-type":"","overlay-color":"","overlay-gradient":""},"tablet":{"background-color":"","background-image":"","background-repeat":"repeat","background-position":"center center","background-size":"auto","background-attachment":"scroll","background-type":"","background-media":"","overlay-type":"","overlay-color":"","overlay-gradient":""},"mobile":{"background-color":"","background-image":"","background-repeat":"repeat","background-position":"center center","background-size":"auto","background-attachment":"scroll","background-type":"","background-media":"","overlay-type":"","overlay-color":"","overlay-gradient":""}},"ast-content-background-meta":{"desktop":{"background-color":"var(--ast-global-color-5)","background-image":"","background-repeat":"repeat","background-position":"center center","background-size":"auto","background-attachment":"scroll","background-type":"","background-media":"","overlay-type":"","overlay-color":"","overlay-gradient":""},"tablet":{"background-color":"var(--ast-global-color-5)","background-image":"","background-repeat":"repeat","background-position":"center center","background-size":"auto","background-attachment":"scroll","background-type":"","background-media":"","overlay-type":"","overlay-color":"","overlay-gradient":""},"mobile":{"background-color":"var(--ast-global-color-5)","background-image":"","background-repeat":"repeat","background-position":"center center","background-size":"auto","background-attachment":"scroll","background-type":"","background-media":"","overlay-type":"","overlay-color":"","overlay-gradient":""}}},"product_cat":[24],"product_tag":[],"yoast_head":"<!-- This site is optimized with the Yoast SEO plugin v21.7 - https:\/\/yoast.com\/wordpress\/plugins\/seo\/ -->\n<title>Aluminum zinc Alloy Die Casting Part - mk-product.com<\/title>\n<meta name=\"robots\" content=\"index, follow, max-snippet:-1, max-image-preview:large, max-video-preview:-1\" \/>\n<link rel=\"canonical\" href=\"https:\/\/mk-product.com\/tr\/urun\/aluminum-zinc-alloy-die-casting-part\/\" \/>\n<meta property=\"og:locale\" content=\"tr_TR\" \/>\n<meta property=\"og:type\" content=\"article\" \/>\n<meta property=\"og:title\" content=\"Aluminum zinc Alloy Die Casting Part - mk-product.com\" \/>\n<meta property=\"og:description\" content=\"Al\/Zn Alloy Die Casting Part Our Al\/Zn Alloy Die Casting Part is a high-quality and durable component that is designed to meet the specific requirements of various industries. Made from a combination of aluminum and zinc alloys, this part offers exceptional strength, corrosion resistance, and dimensional stability. Key Features: Superior Strength: The Al\/Zn alloy used &hellip; Aluminum zinc Alloy Die Casting Part Devam\u0131 &raquo;\" \/>\n<meta property=\"og:url\" content=\"https:\/\/mk-product.com\/tr\/urun\/aluminum-zinc-alloy-die-casting-part\/\" \/>\n<meta property=\"og:site_name\" content=\"mk-product.com\" \/>\n<meta property=\"article:modified_time\" content=\"2023-12-14T15:17:46+00:00\" \/>\n<meta property=\"og:image\" content=\"https:\/\/mk-product.com\/wp-content\/uploads\/2023\/12\/AYU9494.jpg\" \/>\n\t<meta property=\"og:image:width\" content=\"550\" \/>\n\t<meta property=\"og:image:height\" content=\"550\" \/>\n\t<meta property=\"og:image:type\" content=\"image\/jpeg\" \/>\n<meta name=\"twitter:card\" content=\"summary_large_image\" \/>\n<meta name=\"twitter:label1\" content=\"Tahmini okuma s\u00fcresi\" \/>\n\t<meta name=\"twitter:data1\" content=\"2 dakika\" \/>\n<script type=\"application\/ld+json\" class=\"yoast-schema-graph\">{\"@context\":\"https:\/\/schema.org\",\"@graph\":[{\"@type\":\"WebPage\",\"@id\":\"https:\/\/mk-product.com\/product\/aluminum-zinc-alloy-die-casting-part\/\",\"url\":\"https:\/\/mk-product.com\/product\/aluminum-zinc-alloy-die-casting-part\/\",\"name\":\"Aluminum zinc Alloy Die Casting Part - mk-product.com\",\"isPartOf\":{\"@id\":\"https:\/\/mk-product.com\/#website\"},\"datePublished\":\"2023-12-02T09:15:33+00:00\",\"dateModified\":\"2023-12-14T15:17:46+00:00\",\"breadcrumb\":{\"@id\":\"https:\/\/mk-product.com\/product\/aluminum-zinc-alloy-die-casting-part\/#breadcrumb\"},\"inLanguage\":\"tr\",\"potentialAction\":[{\"@type\":\"ReadAction\",\"target\":[\"https:\/\/mk-product.com\/product\/aluminum-zinc-alloy-die-casting-part\/\"]}]},{\"@type\":\"BreadcrumbList\",\"@id\":\"https:\/\/mk-product.com\/product\/aluminum-zinc-alloy-die-casting-part\/#breadcrumb\",\"itemListElement\":[{\"@type\":\"ListItem\",\"position\":1,\"name\":\"Home\",\"item\":\"https:\/\/mk-product.com\/\"},{\"@type\":\"ListItem\",\"position\":2,\"name\":\"Products\",\"item\":\"https:\/\/mk-product.com\/products\/\"},{\"@type\":\"ListItem\",\"position\":3,\"name\":\"Aluminum zinc Alloy Die Casting Part\"}]},{\"@type\":\"WebSite\",\"@id\":\"https:\/\/mk-product.com\/#website\",\"url\":\"https:\/\/mk-product.com\/\",\"name\":\"mk-product.com\",\"description\":\"\",\"publisher\":{\"@id\":\"https:\/\/mk-product.com\/#organization\"},\"potentialAction\":[{\"@type\":\"SearchAction\",\"target\":{\"@type\":\"EntryPoint\",\"urlTemplate\":\"https:\/\/mk-product.com\/?s={search_term_string}\"},\"query-input\":\"required name=search_term_string\"}],\"inLanguage\":\"tr\"},{\"@type\":\"Organization\",\"@id\":\"https:\/\/mk-product.com\/#organization\",\"name\":\"mk-product.com\",\"url\":\"https:\/\/mk-product.com\/\",\"logo\":{\"@type\":\"ImageObject\",\"inLanguage\":\"tr\",\"@id\":\"https:\/\/mk-product.com\/#\/schema\/logo\/image\/\",\"url\":\"https:\/\/mk-product.com\/wp-content\/uploads\/2023\/12\/cropped-MK-logo-final.png\",\"contentUrl\":\"https:\/\/mk-product.com\/wp-content\/uploads\/2023\/12\/cropped-MK-logo-final.png\",\"width\":780,\"height\":430,\"caption\":\"mk-product.com\"},\"image\":{\"@id\":\"https:\/\/mk-product.com\/#\/schema\/logo\/image\/\"}}]}<\/script>\n<!-- \/ Yoast SEO plugin. -->","yoast_head_json":{"title":"Aluminum zinc Alloy Die Casting Part - mk-product.com","robots":{"index":"index","follow":"follow","max-snippet":"max-snippet:-1","max-image-preview":"max-image-preview:large","max-video-preview":"max-video-preview:-1"},"canonical":"https:\/\/mk-product.com\/tr\/urun\/aluminum-zinc-alloy-die-casting-part\/","og_locale":"tr_TR","og_type":"article","og_title":"Aluminum zinc Alloy Die Casting Part - mk-product.com","og_description":"Al\/Zn Alloy Die Casting Part Our Al\/Zn Alloy Die Casting Part is a high-quality and durable component that is designed to meet the specific requirements of various industries. Made from a combination of aluminum and zinc alloys, this part offers exceptional strength, corrosion resistance, and dimensional stability. Key Features: Superior Strength: The Al\/Zn alloy used &hellip; Aluminum zinc Alloy Die Casting Part Devam\u0131 &raquo;","og_url":"https:\/\/mk-product.com\/tr\/urun\/aluminum-zinc-alloy-die-casting-part\/","og_site_name":"mk-product.com","article_modified_time":"2023-12-14T15:17:46+00:00","og_image":[{"width":550,"height":550,"url":"https:\/\/mk-product.com\/wp-content\/uploads\/2023\/12\/AYU9494.jpg","type":"image\/jpeg"}],"twitter_card":"summary_large_image","twitter_misc":{"Tahmini okuma s\u00fcresi":"2 dakika"},"schema":{"@context":"https:\/\/schema.org","@graph":[{"@type":"WebPage","@id":"https:\/\/mk-product.com\/product\/aluminum-zinc-alloy-die-casting-part\/","url":"https:\/\/mk-product.com\/product\/aluminum-zinc-alloy-die-casting-part\/","name":"Aluminum zinc Alloy Die Casting Part - mk-product.com","isPartOf":{"@id":"https:\/\/mk-product.com\/#website"},"datePublished":"2023-12-02T09:15:33+00:00","dateModified":"2023-12-14T15:17:46+00:00","breadcrumb":{"@id":"https:\/\/mk-product.com\/product\/aluminum-zinc-alloy-die-casting-part\/#breadcrumb"},"inLanguage":"tr","potentialAction":[{"@type":"ReadAction","target":["https:\/\/mk-product.com\/product\/aluminum-zinc-alloy-die-casting-part\/"]}]},{"@type":"BreadcrumbList","@id":"https:\/\/mk-product.com\/product\/aluminum-zinc-alloy-die-casting-part\/#breadcrumb","itemListElement":[{"@type":"ListItem","position":1,"name":"Home","item":"https:\/\/mk-product.com\/"},{"@type":"ListItem","position":2,"name":"Products","item":"https:\/\/mk-product.com\/products\/"},{"@type":"ListItem","position":3,"name":"Aluminum zinc Alloy Die Casting Part"}]},{"@type":"WebSite","@id":"https:\/\/mk-product.com\/#website","url":"https:\/\/mk-product.com\/","name":"mk-product.com","description":"","publisher":{"@id":"https:\/\/mk-product.com\/#organization"},"potentialAction":[{"@type":"SearchAction","target":{"@type":"EntryPoint","urlTemplate":"https:\/\/mk-product.com\/?s={search_term_string}"},"query-input":"required name=search_term_string"}],"inLanguage":"tr"},{"@type":"Organization","@id":"https:\/\/mk-product.com\/#organization","name":"mk-product.com","url":"https:\/\/mk-product.com\/","logo":{"@type":"ImageObject","inLanguage":"tr","@id":"https:\/\/mk-product.com\/#\/schema\/logo\/image\/","url":"https:\/\/mk-product.com\/wp-content\/uploads\/2023\/12\/cropped-MK-logo-final.png","contentUrl":"https:\/\/mk-product.com\/wp-content\/uploads\/2023\/12\/cropped-MK-logo-final.png","width":780,"height":430,"caption":"mk-product.com"},"image":{"@id":"https:\/\/mk-product.com\/#\/schema\/logo\/image\/"}}]}},"_links":{"self":[{"href":"https:\/\/mk-product.com\/tr\/wp-json\/wp\/v2\/product\/685"}],"collection":[{"href":"https:\/\/mk-product.com\/tr\/wp-json\/wp\/v2\/product"}],"about":[{"href":"https:\/\/mk-product.com\/tr\/wp-json\/wp\/v2\/types\/product"}],"wp:featuredmedia":[{"embeddable":true,"href":"https:\/\/mk-product.com\/tr\/wp-json\/wp\/v2\/media\/601"}],"wp:attachment":[{"href":"https:\/\/mk-product.com\/tr\/wp-json\/wp\/v2\/media?parent=685"}],"wp:term":[{"taxonomy":"product_cat","embeddable":true,"href":"https:\/\/mk-product.com\/tr\/wp-json\/wp\/v2\/product_cat?post=685"},{"taxonomy":"product_tag","embeddable":true,"href":"https:\/\/mk-product.com\/tr\/wp-json\/wp\/v2\/product_tag?post=685"}],"curies":[{"name":"wp","href":"https:\/\/api.w.org\/{rel}","templated":true}]}}