{"id":1057,"date":"2023-12-12T22:39:27","date_gmt":"2023-12-12T14:39:27","guid":{"rendered":"https:\/\/mk-product.com\/?post_type=product&#038;p=1057"},"modified":"2023-12-14T05:11:58","modified_gmt":"2023-12-14T15:11:58","slug":"custom-plastic-injection-molding-part","status":"publish","type":"product","link":"https:\/\/mk-product.com\/tr\/urun\/custom-plastic-injection-molding-part\/","title":{"rendered":"\u00d6zel Plastik Enjeksiyon Par\u00e7as\u0131"},"content":{"rendered":"<div>\n<h1>Plastik Kal\u0131p Par\u00e7as\u0131<\/h1>\n<p>Plastik kal\u0131plama par\u00e7am\u0131z, \u00f6zel \u00fcretim ihtiya\u00e7lar\u0131n\u0131z\u0131 kar\u015f\u0131lamak \u00fczere tasarlanm\u0131\u015f y\u00fcksek kaliteli bir bile\u015fendir. \u0130ster otomotiv, elektronik, medikal veya ba\u015fka bir sekt\u00f6r i\u00e7in \u00f6zel plastik par\u00e7alara ihtiyac\u0131n\u0131z olsun, kal\u0131plama par\u00e7am\u0131z ola\u011fan\u00fcst\u00fc dayan\u0131kl\u0131l\u0131k ve hassasiyet sunar.<\/p>\n<h2>\u00dcst\u00fcn Kalite<\/h2>\n<p>\u015eirketimizde, \u00fcretim s\u00fcrecinin her ad\u0131m\u0131nda kaliteye \u00f6ncelik veriyoruz. Plastik kal\u0131plama par\u00e7alar\u0131m\u0131z, g\u00fc\u00e7leri ve g\u00fcvenilirlikleri i\u00e7in \u00f6zenle se\u00e7ilen birinci s\u0131n\u0131f malzemelerden yap\u0131l\u0131r. Tutarl\u0131 ve do\u011fru \u00fcretim sa\u011flamak i\u00e7in geli\u015fmi\u015f kal\u0131plama teknikleri ve son teknoloji makineler kullan\u0131yoruz.<\/p>\n<p>Her plastik kal\u0131plama par\u00e7as\u0131, b\u00fct\u00fcnl\u00fc\u011f\u00fcn\u00fc garanti alt\u0131na almak i\u00e7in titiz kalite kontrol kontrollerinden ge\u00e7er. Yetenekli teknisyenlerden olu\u015fan ekibimiz, en y\u00fcksek standartlar\u0131 kar\u015f\u0131lad\u0131\u011f\u0131ndan emin olmak i\u00e7in her par\u00e7ay\u0131 titizlikle inceler. Bu kalite taahh\u00fcd\u00fc, plastik kal\u0131plama par\u00e7am\u0131z\u0131n s\u00fcrekli olarak beklentilerinize uygun performans g\u00f6stermesini sa\u011flar.<\/p>\n<h2>\u00d6zelle\u015ftirme Se\u00e7enekleri<\/h2>\n<p>Her projenin kendine \u00f6zg\u00fc gereksinimleri oldu\u011funu biliyoruz. Bu nedenle plastik kal\u0131plama par\u00e7am\u0131z \u00f6zel ihtiya\u00e7lar\u0131n\u0131za uyacak \u015fekilde tamamen \u00f6zelle\u015ftirilebilir. \u0130ster belirli bir \u015fekle, boyuta veya renge ihtiyac\u0131n\u0131z olsun, taleplerinizi kar\u015f\u0131layabilecek kapasiteye sahibiz.<\/p>\n<p>Deneyimli m\u00fchendislerimiz, tasar\u0131m \u00f6zelliklerinizi anlamak ve uzman tavsiyesi sa\u011flamak i\u00e7in sizinle yak\u0131n i\u015fbirli\u011fi i\u00e7inde \u00e7al\u0131\u015f\u0131r. Vizyonunuzu hayata ge\u00e7irmek i\u00e7in geli\u015fmi\u015f CAD yaz\u0131l\u0131m\u0131 ve son teknoloji \u00fcretim tekniklerinden yararlan\u0131yoruz. \u00d6zelle\u015ftirme se\u00e7eneklerimiz sayesinde, plastik kal\u0131plama par\u00e7as\u0131n\u0131n uygulaman\u0131za m\u00fckemmel \u015fekilde uyaca\u011f\u0131ndan emin olabilirsiniz.<\/p>\n<h2>Geni\u015f Uygulama Yelpazesi<\/h2>\n<p>Plastik kal\u0131plama par\u00e7am\u0131z \u00e7ok y\u00f6nl\u00fcd\u00fcr ve \u00e7ok \u00e7e\u015fitli end\u00fcstrilerde ve uygulamalarda kullan\u0131labilir. Otomotiv bile\u015fenlerinden t\u00fcketici elektroni\u011fine, t\u0131bbi cihazlardan ev aletlerine kadar, kal\u0131plama par\u00e7am\u0131z \u00e7e\u015fitli sekt\u00f6rlerin taleplerini kar\u015f\u0131layabilir.<\/p>\n<p>M\u00fckemmel mukavemeti, dayan\u0131kl\u0131l\u0131\u011f\u0131 ve kimyasallara ve s\u0131cakl\u0131k de\u011fi\u015fimlerine kar\u015f\u0131 direnci ile plastik kal\u0131plama par\u00e7am\u0131z hem i\u00e7 hem de d\u0131\u015f mekan uygulamalar\u0131 i\u00e7in uygundur. Zorlu ortamlara dayanabilir ve uzun bir s\u00fcre boyunca performans\u0131n\u0131 koruyabilir.<\/p>\n<h2>Uygun Maliyetli \u00c7\u00f6z\u00fcm<\/h2>\n<p>Plastik kal\u0131plama par\u00e7am\u0131z\u0131 se\u00e7mek, \u00fcretim ihtiya\u00e7lar\u0131n\u0131z i\u00e7in uygun maliyetli bir \u00e7\u00f6z\u00fcm sunar. Verimli \u00fcretim s\u00fcre\u00e7lerimiz ve \u00f6l\u00e7ek ekonomilerimiz, kaliteden \u00f6d\u00fcn vermeden rekabet\u00e7i fiyatlar sunmam\u0131z\u0131 sa\u011flar. Bizimle i\u015f ortakl\u0131\u011f\u0131 yaparak, y\u00fcksek kaliteli plastik par\u00e7alardan makul bir maliyetle yararlanabilirsiniz.<\/p>\n<p>Buna ek olarak, plastik kal\u0131plama par\u00e7am\u0131z\u0131n dayan\u0131kl\u0131l\u0131\u011f\u0131 ve uzun \u00f6m\u00fcrl\u00fcl\u00fc\u011f\u00fc, s\u0131k s\u0131k de\u011fi\u015ftirme ihtiyac\u0131n\u0131 azaltarak uzun vadede paradan daha fazla tasarruf etmenizi sa\u011flar. G\u00fcvenilirli\u011fi, \u00fcr\u00fcnlerinizin i\u015flevselli\u011fini korumas\u0131n\u0131 sa\u011flayarak maliyetli onar\u0131m veya geri \u00e7a\u011f\u0131rma riskini azalt\u0131r.<\/p>\n<h2>Sonu\u00e7<\/h2>\n<p>Plastik kal\u0131plama par\u00e7alar\u0131 s\u00f6z konusu oldu\u011funda, \u015firketimiz g\u00fcvenilir orta\u011f\u0131n\u0131zd\u0131r. Kaliteye olan ba\u011fl\u0131l\u0131\u011f\u0131m\u0131z, \u00f6zelle\u015ftirme se\u00e7eneklerimiz, geni\u015f uygulama yelpazemiz ve uygun maliyetli \u00e7\u00f6z\u00fcmlerimizle, \u00f6zel gereksinimlerinizi kar\u015f\u0131layan plastik kal\u0131plama par\u00e7as\u0131n\u0131 sunma konusunda kendimize g\u00fcveniyoruz.<\/p>\n<p>Projenizi g\u00f6r\u00fc\u015fmek ve plastik kal\u0131plama par\u00e7am\u0131z\u0131n \u00fcretim s\u00fcrecinizi nas\u0131l geli\u015ftirebilece\u011fini ke\u015ffetmek i\u00e7in bug\u00fcn bize ula\u015f\u0131n.<\/p>\n<\/div>","protected":false},"excerpt":{"rendered":"<p>Plastic Molding Part Our plastic molding part is a high-quality component designed to meet your specific manufacturing needs. Whether you require custom plastic parts for automotive, electronics, medical, or any other industry, our molding part offers exceptional durability and precision. Superior Quality At our company, we prioritize quality in every step of the manufacturing process. &hellip;<\/p>\n<p class=\"read-more\"> <a class=\"\" href=\"https:\/\/mk-product.com\/tr\/urun\/custom-plastic-injection-molding-part\/\"> <span class=\"screen-reader-text\">\u00d6zel Plastik Enjeksiyon Par\u00e7as\u0131<\/span> Devam\u0131 &raquo;<\/a><\/p>","protected":false},"featured_media":1058,"template":"","meta":{"site-sidebar-layout":"default","site-content-layout":"","ast-site-content-layout":"default","site-content-style":"default","site-sidebar-style":"default","ast-global-header-display":"","ast-banner-title-visibility":"","ast-main-header-display":"","ast-hfb-above-header-display":"","ast-hfb-below-header-display":"","ast-hfb-mobile-header-display":"","site-post-title":"","ast-breadcrumbs-content":"","ast-featured-img":"","footer-sml-layout":"","theme-transparent-header-meta":"default","adv-header-id-meta":"","stick-header-meta":"","header-above-stick-meta":"","header-main-stick-meta":"","header-below-stick-meta":"","astra-migrate-meta-layouts":"set","ast-page-background-enabled":"default","ast-page-background-meta":{"desktop":{"background-color":"","background-image":"","background-repeat":"repeat","background-position":"center center","background-size":"auto","background-attachment":"scroll","background-type":"","background-media":"","overlay-type":"","overlay-color":"","overlay-gradient":""},"tablet":{"background-color":"","background-image":"","background-repeat":"repeat","background-position":"center center","background-size":"auto","background-attachment":"scroll","background-type":"","background-media":"","overlay-type":"","overlay-color":"","overlay-gradient":""},"mobile":{"background-color":"","background-image":"","background-repeat":"repeat","background-position":"center center","background-size":"auto","background-attachment":"scroll","background-type":"","background-media":"","overlay-type":"","overlay-color":"","overlay-gradient":""}},"ast-content-background-meta":{"desktop":{"background-color":"var(--ast-global-color-5)","background-image":"","background-repeat":"repeat","background-position":"center center","background-size":"auto","background-attachment":"scroll","background-type":"","background-media":"","overlay-type":"","overlay-color":"","overlay-gradient":""},"tablet":{"background-color":"var(--ast-global-color-5)","background-image":"","background-repeat":"repeat","background-position":"center center","background-size":"auto","background-attachment":"scroll","background-type":"","background-media":"","overlay-type":"","overlay-color":"","overlay-gradient":""},"mobile":{"background-color":"var(--ast-global-color-5)","background-image":"","background-repeat":"repeat","background-position":"center center","background-size":"auto","background-attachment":"scroll","background-type":"","background-media":"","overlay-type":"","overlay-color":"","overlay-gradient":""}}},"product_cat":[23],"product_tag":[],"yoast_head":"<!-- This site is optimized with the Yoast SEO plugin v21.7 - https:\/\/yoast.com\/wordpress\/plugins\/seo\/ -->\n<title>Custom Plastic injection Molding Part - mk-product.com<\/title>\n<meta name=\"robots\" content=\"index, follow, max-snippet:-1, max-image-preview:large, max-video-preview:-1\" \/>\n<link rel=\"canonical\" href=\"https:\/\/mk-product.com\/tr\/urun\/custom-plastic-injection-molding-part\/\" \/>\n<meta property=\"og:locale\" content=\"tr_TR\" \/>\n<meta property=\"og:type\" content=\"article\" \/>\n<meta property=\"og:title\" content=\"Custom Plastic injection Molding Part - mk-product.com\" \/>\n<meta property=\"og:description\" content=\"Plastic Molding Part Our plastic molding part is a high-quality component designed to meet your specific manufacturing needs. Whether you require custom plastic parts for automotive, electronics, medical, or any other industry, our molding part offers exceptional durability and precision. Superior Quality At our company, we prioritize quality in every step of the manufacturing process. &hellip; Custom Plastic injection Molding Part Devam\u0131 &raquo;\" \/>\n<meta property=\"og:url\" content=\"https:\/\/mk-product.com\/tr\/urun\/custom-plastic-injection-molding-part\/\" \/>\n<meta property=\"og:site_name\" content=\"mk-product.com\" \/>\n<meta property=\"article:modified_time\" content=\"2023-12-14T15:11:58+00:00\" \/>\n<meta property=\"og:image\" content=\"https:\/\/mk-product.com\/wp-content\/uploads\/2023\/12\/AYU9565-e1702391953881.webp\" \/>\n\t<meta property=\"og:image:width\" content=\"800\" \/>\n\t<meta property=\"og:image:height\" content=\"702\" \/>\n\t<meta property=\"og:image:type\" content=\"image\/webp\" \/>\n<meta name=\"twitter:card\" content=\"summary_large_image\" \/>\n<meta name=\"twitter:label1\" content=\"Tahmini okuma s\u00fcresi\" \/>\n\t<meta name=\"twitter:data1\" content=\"2 dakika\" \/>\n<script type=\"application\/ld+json\" class=\"yoast-schema-graph\">{\"@context\":\"https:\/\/schema.org\",\"@graph\":[{\"@type\":\"WebPage\",\"@id\":\"https:\/\/mk-product.com\/product\/custom-plastic-injection-molding-part\/\",\"url\":\"https:\/\/mk-product.com\/product\/custom-plastic-injection-molding-part\/\",\"name\":\"Custom Plastic injection Molding Part - mk-product.com\",\"isPartOf\":{\"@id\":\"https:\/\/mk-product.com\/#website\"},\"datePublished\":\"2023-12-12T14:39:27+00:00\",\"dateModified\":\"2023-12-14T15:11:58+00:00\",\"breadcrumb\":{\"@id\":\"https:\/\/mk-product.com\/product\/custom-plastic-injection-molding-part\/#breadcrumb\"},\"inLanguage\":\"tr\",\"potentialAction\":[{\"@type\":\"ReadAction\",\"target\":[\"https:\/\/mk-product.com\/product\/custom-plastic-injection-molding-part\/\"]}]},{\"@type\":\"BreadcrumbList\",\"@id\":\"https:\/\/mk-product.com\/product\/custom-plastic-injection-molding-part\/#breadcrumb\",\"itemListElement\":[{\"@type\":\"ListItem\",\"position\":1,\"name\":\"Home\",\"item\":\"https:\/\/mk-product.com\/\"},{\"@type\":\"ListItem\",\"position\":2,\"name\":\"Products\",\"item\":\"https:\/\/mk-product.com\/products\/\"},{\"@type\":\"ListItem\",\"position\":3,\"name\":\"Custom Plastic injection Molding Part\"}]},{\"@type\":\"WebSite\",\"@id\":\"https:\/\/mk-product.com\/#website\",\"url\":\"https:\/\/mk-product.com\/\",\"name\":\"mk-product.com\",\"description\":\"\",\"publisher\":{\"@id\":\"https:\/\/mk-product.com\/#organization\"},\"potentialAction\":[{\"@type\":\"SearchAction\",\"target\":{\"@type\":\"EntryPoint\",\"urlTemplate\":\"https:\/\/mk-product.com\/?s={search_term_string}\"},\"query-input\":\"required name=search_term_string\"}],\"inLanguage\":\"tr\"},{\"@type\":\"Organization\",\"@id\":\"https:\/\/mk-product.com\/#organization\",\"name\":\"mk-product.com\",\"url\":\"https:\/\/mk-product.com\/\",\"logo\":{\"@type\":\"ImageObject\",\"inLanguage\":\"tr\",\"@id\":\"https:\/\/mk-product.com\/#\/schema\/logo\/image\/\",\"url\":\"https:\/\/mk-product.com\/wp-content\/uploads\/2023\/12\/cropped-MK-logo-final.png\",\"contentUrl\":\"https:\/\/mk-product.com\/wp-content\/uploads\/2023\/12\/cropped-MK-logo-final.png\",\"width\":780,\"height\":430,\"caption\":\"mk-product.com\"},\"image\":{\"@id\":\"https:\/\/mk-product.com\/#\/schema\/logo\/image\/\"}}]}<\/script>\n<!-- \/ Yoast SEO plugin. -->","yoast_head_json":{"title":"Custom Plastic injection Molding Part - mk-product.com","robots":{"index":"index","follow":"follow","max-snippet":"max-snippet:-1","max-image-preview":"max-image-preview:large","max-video-preview":"max-video-preview:-1"},"canonical":"https:\/\/mk-product.com\/tr\/urun\/custom-plastic-injection-molding-part\/","og_locale":"tr_TR","og_type":"article","og_title":"Custom Plastic injection Molding Part - mk-product.com","og_description":"Plastic Molding Part Our plastic molding part is a high-quality component designed to meet your specific manufacturing needs. Whether you require custom plastic parts for automotive, electronics, medical, or any other industry, our molding part offers exceptional durability and precision. Superior Quality At our company, we prioritize quality in every step of the manufacturing process. &hellip; Custom Plastic injection Molding Part Devam\u0131 &raquo;","og_url":"https:\/\/mk-product.com\/tr\/urun\/custom-plastic-injection-molding-part\/","og_site_name":"mk-product.com","article_modified_time":"2023-12-14T15:11:58+00:00","og_image":[{"width":800,"height":702,"url":"https:\/\/mk-product.com\/wp-content\/uploads\/2023\/12\/AYU9565-e1702391953881.webp","type":"image\/webp"}],"twitter_card":"summary_large_image","twitter_misc":{"Tahmini okuma s\u00fcresi":"2 dakika"},"schema":{"@context":"https:\/\/schema.org","@graph":[{"@type":"WebPage","@id":"https:\/\/mk-product.com\/product\/custom-plastic-injection-molding-part\/","url":"https:\/\/mk-product.com\/product\/custom-plastic-injection-molding-part\/","name":"Custom Plastic injection Molding Part - mk-product.com","isPartOf":{"@id":"https:\/\/mk-product.com\/#website"},"datePublished":"2023-12-12T14:39:27+00:00","dateModified":"2023-12-14T15:11:58+00:00","breadcrumb":{"@id":"https:\/\/mk-product.com\/product\/custom-plastic-injection-molding-part\/#breadcrumb"},"inLanguage":"tr","potentialAction":[{"@type":"ReadAction","target":["https:\/\/mk-product.com\/product\/custom-plastic-injection-molding-part\/"]}]},{"@type":"BreadcrumbList","@id":"https:\/\/mk-product.com\/product\/custom-plastic-injection-molding-part\/#breadcrumb","itemListElement":[{"@type":"ListItem","position":1,"name":"Home","item":"https:\/\/mk-product.com\/"},{"@type":"ListItem","position":2,"name":"Products","item":"https:\/\/mk-product.com\/products\/"},{"@type":"ListItem","position":3,"name":"Custom Plastic injection Molding Part"}]},{"@type":"WebSite","@id":"https:\/\/mk-product.com\/#website","url":"https:\/\/mk-product.com\/","name":"mk-product.com","description":"","publisher":{"@id":"https:\/\/mk-product.com\/#organization"},"potentialAction":[{"@type":"SearchAction","target":{"@type":"EntryPoint","urlTemplate":"https:\/\/mk-product.com\/?s={search_term_string}"},"query-input":"required name=search_term_string"}],"inLanguage":"tr"},{"@type":"Organization","@id":"https:\/\/mk-product.com\/#organization","name":"mk-product.com","url":"https:\/\/mk-product.com\/","logo":{"@type":"ImageObject","inLanguage":"tr","@id":"https:\/\/mk-product.com\/#\/schema\/logo\/image\/","url":"https:\/\/mk-product.com\/wp-content\/uploads\/2023\/12\/cropped-MK-logo-final.png","contentUrl":"https:\/\/mk-product.com\/wp-content\/uploads\/2023\/12\/cropped-MK-logo-final.png","width":780,"height":430,"caption":"mk-product.com"},"image":{"@id":"https:\/\/mk-product.com\/#\/schema\/logo\/image\/"}}]}},"_links":{"self":[{"href":"https:\/\/mk-product.com\/tr\/wp-json\/wp\/v2\/product\/1057"}],"collection":[{"href":"https:\/\/mk-product.com\/tr\/wp-json\/wp\/v2\/product"}],"about":[{"href":"https:\/\/mk-product.com\/tr\/wp-json\/wp\/v2\/types\/product"}],"wp:featuredmedia":[{"embeddable":true,"href":"https:\/\/mk-product.com\/tr\/wp-json\/wp\/v2\/media\/1058"}],"wp:attachment":[{"href":"https:\/\/mk-product.com\/tr\/wp-json\/wp\/v2\/media?parent=1057"}],"wp:term":[{"taxonomy":"product_cat","embeddable":true,"href":"https:\/\/mk-product.com\/tr\/wp-json\/wp\/v2\/product_cat?post=1057"},{"taxonomy":"product_tag","embeddable":true,"href":"https:\/\/mk-product.com\/tr\/wp-json\/wp\/v2\/product_tag?post=1057"}],"curies":[{"name":"wp","href":"https:\/\/api.w.org\/{rel}","templated":true}]}}