{"id":1053,"date":"2023-12-12T22:36:27","date_gmt":"2023-12-12T14:36:27","guid":{"rendered":"https:\/\/mk-product.com\/?post_type=product&#038;p=1053"},"modified":"2023-12-14T05:18:54","modified_gmt":"2023-12-14T15:18:54","slug":"oem-aluminum-alloy-die-casting-parts","status":"publish","type":"product","link":"https:\/\/mk-product.com\/tr\/urun\/oem-aluminum-alloy-die-casting-parts\/","title":{"rendered":"OEM Al\u00fcminyum ala\u015f\u0131ml\u0131 D\u00f6k\u00fcm Par\u00e7alar\u0131"},"content":{"rendered":"<h2>Al\u00fcminyum Bas\u0131n\u00e7l\u0131 D\u00f6k\u00fcm Par\u00e7alara Giri\u015f<\/h2>\n<p>Al\u00fcminyum d\u00f6k\u00fcm, erimi\u015f al\u00fcminyumun y\u00fcksek bas\u0131n\u00e7 alt\u0131nda bir kal\u0131p bo\u015flu\u011funa enjekte edilmesini i\u00e7eren \u00e7ok y\u00f6nl\u00fc bir \u00fcretim s\u00fcrecidir. Bu s\u00fcre\u00e7, m\u00fckemmel boyutsal do\u011fruluk ve y\u00fczey kalitesi ile karma\u015f\u0131k ve girift par\u00e7alar\u0131n \u00fcretimine olanak tan\u0131r. Al\u00fcminyum d\u00f6k\u00fcm par\u00e7alar, otomotiv, havac\u0131l\u0131k, elektronik ve t\u00fcketim mallar\u0131 dahil olmak \u00fczere \u00e7e\u015fitli end\u00fcstrilerde yayg\u0131n olarak kullan\u0131lmaktad\u0131r.<\/p>\n<h2>Al\u00fcminyum Bas\u0131n\u00e7l\u0131 D\u00f6k\u00fcm Par\u00e7alar\u0131n Avantajlar\u0131<\/h2>\n<p>Al\u00fcminyum d\u00f6k\u00fcm par\u00e7alar\u0131 kullanman\u0131n \u00e7e\u015fitli avantajlar\u0131 vard\u0131r:<\/p>\n<ul>\n<li><strong>Hafif:<\/strong> Al\u00fcminyum hafiftir, bu da onu otomotiv ve havac\u0131l\u0131k end\u00fcstrileri gibi a\u011f\u0131rl\u0131k azaltman\u0131n kritik oldu\u011fu uygulamalar i\u00e7in ideal bir se\u00e7im haline getirir.<\/li>\n<li><strong>Y\u00fcksek mukavemetli:<\/strong> Hafif yap\u0131s\u0131na ra\u011fmen al\u00fcminyum d\u00f6k\u00fcm par\u00e7alar m\u00fckemmel g\u00fc\u00e7 ve dayan\u0131kl\u0131l\u0131k sunar.<\/li>\n<li><strong>Boyutsal do\u011fruluk:<\/strong> Bas\u0131n\u00e7l\u0131 d\u00f6k\u00fcm i\u015flemi hassas ve tutarl\u0131 boyutlar sa\u011flayarak birbirine m\u00fckemmel \u015fekilde uyan par\u00e7alar elde edilmesini sa\u011flar.<\/li>\n<li><strong>Karma\u015f\u0131k \u015fekiller:<\/strong> Al\u00fcminyum bas\u0131n\u00e7l\u0131 d\u00f6k\u00fcm, di\u011fer \u00fcretim y\u00f6ntemleriyle kolayca elde edilemeyen karma\u015f\u0131k \u015fekillerin ve karma\u015f\u0131k ayr\u0131nt\u0131lar\u0131n \u00fcretilmesine olanak tan\u0131r.<\/li>\n<li><strong>M\u00fckemmel y\u00fczey kalitesi:<\/strong> Bas\u0131n\u00e7l\u0131 d\u00f6k\u00fcm prosesi, p\u00fcr\u00fczs\u00fcz bir y\u00fczey kalitesine sahip par\u00e7alar \u00fcreterek ek son i\u015flem operasyonlar\u0131na olan ihtiyac\u0131 azalt\u0131r.<\/li>\n<li><strong>Uygun maliyetli:<\/strong> Al\u00fcminyum d\u00f6k\u00fcm par\u00e7alar nispeten d\u00fc\u015f\u00fck bir maliyetle b\u00fcy\u00fck miktarlarda \u00fcretilebilir, bu da onu seri \u00fcretim i\u00e7in ekonomik bir se\u00e7im haline getirir.<\/li>\n<\/ul>\n<h2>Al\u00fcminyum Bas\u0131n\u00e7l\u0131 D\u00f6k\u00fcm Par\u00e7a Uygulamalar\u0131<\/h2>\n<p>Al\u00fcminyum d\u00f6k\u00fcm par\u00e7alar \u00e7e\u015fitli sekt\u00f6rlerde uygulama alan\u0131 bulmaktad\u0131r:<\/p>\n<ul>\n<li><strong>Otomotiv:<\/strong> Al\u00fcminyum d\u00f6k\u00fcm par\u00e7alar otomotiv end\u00fcstrisinde motor bile\u015fenleri, \u015fanz\u0131man g\u00f6vdeleri, s\u00fcspansiyon par\u00e7alar\u0131 ve daha fazlas\u0131 i\u00e7in yayg\u0131n olarak kullan\u0131lmaktad\u0131r.<\/li>\n<li><strong>Havac\u0131l\u0131k ve uzay:<\/strong> Havac\u0131l\u0131k ve uzay end\u00fcstrisi, motor par\u00e7alar\u0131, yap\u0131sal bile\u015fenler ve i\u00e7 donan\u0131mlar dahil olmak \u00fczere u\u00e7ak bile\u015fenleri i\u00e7in al\u00fcminyum d\u00f6k\u00fcm par\u00e7alara g\u00fcvenmektedir.<\/li>\n<li><strong>Elektronik:<\/strong> Al\u00fcminyum d\u00f6k\u00fcm par\u00e7alar, \u0131s\u0131 al\u0131c\u0131lar\u0131, konekt\u00f6rler ve muhafazalar gibi elektronik cihazlarda kullan\u0131l\u0131r.<\/li>\n<li><strong>T\u00fcketim mallar\u0131:<\/strong> Elektrikli el aletleri, mutfak aletleri ve spor ekipmanlar\u0131 gibi bir\u00e7ok t\u00fcketim mal\u0131nda, hafif ve dayan\u0131kl\u0131 \u00f6zellikleri nedeniyle al\u00fcminyum d\u00f6k\u00fcm par\u00e7alar kullan\u0131lmaktad\u0131r.<\/li>\n<li><strong>End\u00fcstriyel ekipman:<\/strong> Al\u00fcminyum d\u00f6k\u00fcm par\u00e7alar ayr\u0131ca pompalar, valfler ve makine bile\u015fenleri gibi end\u00fcstriyel ekipmanlarda da kullan\u0131l\u0131r.<\/li>\n<\/ul>\n<h2>Al\u00fcminyum Bas\u0131n\u00e7l\u0131 D\u00f6k\u00fcm S\u00fcreci<\/h2>\n<p>Al\u00fcminyum bas\u0131n\u00e7l\u0131 d\u00f6k\u00fcm i\u015flemi birka\u00e7 ad\u0131mdan olu\u015fur:<\/p>\n<ol>\n<li><strong>Kal\u0131p tasar\u0131m\u0131 ve \u00fcretimi:<\/strong> Kal\u0131p olarak da bilinen bir kal\u0131p, par\u00e7an\u0131n istenen \u015fekline g\u00f6re tasarlan\u0131r ve \u00fcretilir.<\/li>\n<li><strong>Eritme ve enjeksiyon:<\/strong> Al\u00fcminyum bir f\u0131r\u0131nda eritilir ve ard\u0131ndan y\u00fcksek bas\u0131n\u00e7 alt\u0131nda kal\u0131p bo\u015flu\u011funa enjekte edilir.<\/li>\n<li><strong>So\u011futma ve kat\u0131la\u015ft\u0131rma:<\/strong> Erimi\u015f al\u00fcminyum h\u0131zla so\u011fur ve kal\u0131p i\u00e7inde kat\u0131la\u015farak bo\u015flu\u011fun \u015feklini al\u0131r.<\/li>\n<li><strong>F\u0131rlatma ve d\u00fczeltme:<\/strong> Kat\u0131la\u015fan par\u00e7a kal\u0131ptan \u00e7\u0131kar\u0131l\u0131r ve fazla malzeme veya parlama varsa kesilir.<\/li>\n<li><strong>Bitiriyorum:<\/strong> Bitmi\u015f par\u00e7a, istenen \u00f6zellikleri ve g\u00f6r\u00fcn\u00fcm\u00fc elde etmek i\u00e7in i\u015fleme, parlatma veya y\u00fczey i\u015fleme gibi ek bitirme i\u015flemlerinden ge\u00e7ebilir.<\/li>\n<\/ol>\n<h2>Sonu\u00e7<\/h2>\n<p>Al\u00fcminyum d\u00f6k\u00fcm par\u00e7alar hafiflik, y\u00fcksek mukavemet, boyutsal do\u011fruluk ve m\u00fckemmel y\u00fczey kalitesi gibi \u00e7ok say\u0131da avantaj sunar. Otomotiv, havac\u0131l\u0131k, elektronik ve t\u00fcketim mallar\u0131 gibi \u00e7e\u015fitli sekt\u00f6rlerde uygulama alan\u0131 bulurlar. Al\u00fcminyum bas\u0131n\u00e7l\u0131 d\u00f6k\u00fcm i\u015flemi, karma\u015f\u0131k ve girift par\u00e7alar\u0131n kolayl\u0131kla \u00fcretilmesine olanak tan\u0131yarak \u00fcreticiler i\u00e7in pop\u00fcler bir se\u00e7im haline gelir. \u0130ster motor bile\u015fenlerine, ister u\u00e7ak par\u00e7alar\u0131na veya elektronik muhafazalara ihtiyac\u0131n\u0131z olsun, al\u00fcminyum d\u00f6k\u00fcm par\u00e7alar ihtiya\u00e7 duydu\u011funuz performans\u0131 ve g\u00fcvenilirli\u011fi sa\u011flar.<\/p>","protected":false},"excerpt":{"rendered":"<p>Introduction to Aluminum Die Casting Parts Aluminum die casting is a highly versatile manufacturing process that involves injecting molten aluminum into a mold cavity under high pressure. This process allows for the production of complex and intricate parts with excellent dimensional accuracy and surface finish. Aluminum die casting parts are widely used in various industries, &hellip;<\/p>\n<p class=\"read-more\"> <a class=\"\" href=\"https:\/\/mk-product.com\/tr\/urun\/oem-aluminum-alloy-die-casting-parts\/\"> <span class=\"screen-reader-text\">OEM Al\u00fcminyum ala\u015f\u0131ml\u0131 D\u00f6k\u00fcm Par\u00e7alar\u0131<\/span> Devam\u0131 &raquo;<\/a><\/p>","protected":false},"featured_media":1054,"template":"","meta":{"site-sidebar-layout":"default","site-content-layout":"","ast-site-content-layout":"default","site-content-style":"default","site-sidebar-style":"default","ast-global-header-display":"","ast-banner-title-visibility":"","ast-main-header-display":"","ast-hfb-above-header-display":"","ast-hfb-below-header-display":"","ast-hfb-mobile-header-display":"","site-post-title":"","ast-breadcrumbs-content":"","ast-featured-img":"","footer-sml-layout":"","theme-transparent-header-meta":"default","adv-header-id-meta":"","stick-header-meta":"","header-above-stick-meta":"","header-main-stick-meta":"","header-below-stick-meta":"","astra-migrate-meta-layouts":"set","ast-page-background-enabled":"default","ast-page-background-meta":{"desktop":{"background-color":"","background-image":"","background-repeat":"repeat","background-position":"center center","background-size":"auto","background-attachment":"scroll","background-type":"","background-media":"","overlay-type":"","overlay-color":"","overlay-gradient":""},"tablet":{"background-color":"","background-image":"","background-repeat":"repeat","background-position":"center center","background-size":"auto","background-attachment":"scroll","background-type":"","background-media":"","overlay-type":"","overlay-color":"","overlay-gradient":""},"mobile":{"background-color":"","background-image":"","background-repeat":"repeat","background-position":"center center","background-size":"auto","background-attachment":"scroll","background-type":"","background-media":"","overlay-type":"","overlay-color":"","overlay-gradient":""}},"ast-content-background-meta":{"desktop":{"background-color":"var(--ast-global-color-5)","background-image":"","background-repeat":"repeat","background-position":"center center","background-size":"auto","background-attachment":"scroll","background-type":"","background-media":"","overlay-type":"","overlay-color":"","overlay-gradient":""},"tablet":{"background-color":"var(--ast-global-color-5)","background-image":"","background-repeat":"repeat","background-position":"center center","background-size":"auto","background-attachment":"scroll","background-type":"","background-media":"","overlay-type":"","overlay-color":"","overlay-gradient":""},"mobile":{"background-color":"var(--ast-global-color-5)","background-image":"","background-repeat":"repeat","background-position":"center center","background-size":"auto","background-attachment":"scroll","background-type":"","background-media":"","overlay-type":"","overlay-color":"","overlay-gradient":""}}},"product_cat":[24],"product_tag":[],"yoast_head":"<!-- This site is optimized with the Yoast SEO plugin v21.7 - https:\/\/yoast.com\/wordpress\/plugins\/seo\/ -->\n<title>OEM Aluminum alloy Die Casting Parts - mk-product.com<\/title>\n<meta name=\"robots\" content=\"index, follow, max-snippet:-1, max-image-preview:large, max-video-preview:-1\" \/>\n<link rel=\"canonical\" href=\"https:\/\/mk-product.com\/tr\/urun\/oem-aluminum-alloy-die-casting-parts\/\" \/>\n<meta property=\"og:locale\" content=\"tr_TR\" \/>\n<meta property=\"og:type\" content=\"article\" \/>\n<meta property=\"og:title\" content=\"OEM Aluminum alloy Die Casting Parts - mk-product.com\" \/>\n<meta property=\"og:description\" content=\"Introduction to Aluminum Die Casting Parts Aluminum die casting is a highly versatile manufacturing process that involves injecting molten aluminum into a mold cavity under high pressure. This process allows for the production of complex and intricate parts with excellent dimensional accuracy and surface finish. Aluminum die casting parts are widely used in various industries, &hellip; OEM Aluminum alloy Die Casting Parts Devam\u0131 &raquo;\" \/>\n<meta property=\"og:url\" content=\"https:\/\/mk-product.com\/tr\/urun\/oem-aluminum-alloy-die-casting-parts\/\" \/>\n<meta property=\"og:site_name\" content=\"mk-product.com\" \/>\n<meta property=\"article:modified_time\" content=\"2023-12-14T15:18:54+00:00\" \/>\n<meta property=\"og:image\" content=\"https:\/\/mk-product.com\/wp-content\/uploads\/2023\/12\/AYU9513-e1702391535272.webp\" \/>\n\t<meta property=\"og:image:width\" content=\"800\" \/>\n\t<meta property=\"og:image:height\" content=\"704\" \/>\n\t<meta property=\"og:image:type\" content=\"image\/webp\" \/>\n<meta name=\"twitter:card\" content=\"summary_large_image\" \/>\n<meta name=\"twitter:label1\" content=\"Tahmini okuma s\u00fcresi\" \/>\n\t<meta name=\"twitter:data1\" content=\"3 dakika\" \/>\n<script type=\"application\/ld+json\" class=\"yoast-schema-graph\">{\"@context\":\"https:\/\/schema.org\",\"@graph\":[{\"@type\":\"WebPage\",\"@id\":\"https:\/\/mk-product.com\/product\/oem-aluminum-alloy-die-casting-parts\/\",\"url\":\"https:\/\/mk-product.com\/product\/oem-aluminum-alloy-die-casting-parts\/\",\"name\":\"OEM Aluminum alloy Die Casting Parts - mk-product.com\",\"isPartOf\":{\"@id\":\"https:\/\/mk-product.com\/#website\"},\"datePublished\":\"2023-12-12T14:36:27+00:00\",\"dateModified\":\"2023-12-14T15:18:54+00:00\",\"breadcrumb\":{\"@id\":\"https:\/\/mk-product.com\/product\/oem-aluminum-alloy-die-casting-parts\/#breadcrumb\"},\"inLanguage\":\"tr\",\"potentialAction\":[{\"@type\":\"ReadAction\",\"target\":[\"https:\/\/mk-product.com\/product\/oem-aluminum-alloy-die-casting-parts\/\"]}]},{\"@type\":\"BreadcrumbList\",\"@id\":\"https:\/\/mk-product.com\/product\/oem-aluminum-alloy-die-casting-parts\/#breadcrumb\",\"itemListElement\":[{\"@type\":\"ListItem\",\"position\":1,\"name\":\"Home\",\"item\":\"https:\/\/mk-product.com\/\"},{\"@type\":\"ListItem\",\"position\":2,\"name\":\"Products\",\"item\":\"https:\/\/mk-product.com\/products\/\"},{\"@type\":\"ListItem\",\"position\":3,\"name\":\"OEM Aluminum alloy Die Casting Parts\"}]},{\"@type\":\"WebSite\",\"@id\":\"https:\/\/mk-product.com\/#website\",\"url\":\"https:\/\/mk-product.com\/\",\"name\":\"mk-product.com\",\"description\":\"\",\"publisher\":{\"@id\":\"https:\/\/mk-product.com\/#organization\"},\"potentialAction\":[{\"@type\":\"SearchAction\",\"target\":{\"@type\":\"EntryPoint\",\"urlTemplate\":\"https:\/\/mk-product.com\/?s={search_term_string}\"},\"query-input\":\"required name=search_term_string\"}],\"inLanguage\":\"tr\"},{\"@type\":\"Organization\",\"@id\":\"https:\/\/mk-product.com\/#organization\",\"name\":\"mk-product.com\",\"url\":\"https:\/\/mk-product.com\/\",\"logo\":{\"@type\":\"ImageObject\",\"inLanguage\":\"tr\",\"@id\":\"https:\/\/mk-product.com\/#\/schema\/logo\/image\/\",\"url\":\"https:\/\/mk-product.com\/wp-content\/uploads\/2023\/12\/cropped-MK-logo-final.png\",\"contentUrl\":\"https:\/\/mk-product.com\/wp-content\/uploads\/2023\/12\/cropped-MK-logo-final.png\",\"width\":780,\"height\":430,\"caption\":\"mk-product.com\"},\"image\":{\"@id\":\"https:\/\/mk-product.com\/#\/schema\/logo\/image\/\"}}]}<\/script>\n<!-- \/ Yoast SEO plugin. -->","yoast_head_json":{"title":"OEM Aluminum alloy Die Casting Parts - mk-product.com","robots":{"index":"index","follow":"follow","max-snippet":"max-snippet:-1","max-image-preview":"max-image-preview:large","max-video-preview":"max-video-preview:-1"},"canonical":"https:\/\/mk-product.com\/tr\/urun\/oem-aluminum-alloy-die-casting-parts\/","og_locale":"tr_TR","og_type":"article","og_title":"OEM Aluminum alloy Die Casting Parts - mk-product.com","og_description":"Introduction to Aluminum Die Casting Parts Aluminum die casting is a highly versatile manufacturing process that involves injecting molten aluminum into a mold cavity under high pressure. This process allows for the production of complex and intricate parts with excellent dimensional accuracy and surface finish. Aluminum die casting parts are widely used in various industries, &hellip; OEM Aluminum alloy Die Casting Parts Devam\u0131 &raquo;","og_url":"https:\/\/mk-product.com\/tr\/urun\/oem-aluminum-alloy-die-casting-parts\/","og_site_name":"mk-product.com","article_modified_time":"2023-12-14T15:18:54+00:00","og_image":[{"width":800,"height":704,"url":"https:\/\/mk-product.com\/wp-content\/uploads\/2023\/12\/AYU9513-e1702391535272.webp","type":"image\/webp"}],"twitter_card":"summary_large_image","twitter_misc":{"Tahmini okuma s\u00fcresi":"3 dakika"},"schema":{"@context":"https:\/\/schema.org","@graph":[{"@type":"WebPage","@id":"https:\/\/mk-product.com\/product\/oem-aluminum-alloy-die-casting-parts\/","url":"https:\/\/mk-product.com\/product\/oem-aluminum-alloy-die-casting-parts\/","name":"OEM Aluminum alloy Die Casting Parts - mk-product.com","isPartOf":{"@id":"https:\/\/mk-product.com\/#website"},"datePublished":"2023-12-12T14:36:27+00:00","dateModified":"2023-12-14T15:18:54+00:00","breadcrumb":{"@id":"https:\/\/mk-product.com\/product\/oem-aluminum-alloy-die-casting-parts\/#breadcrumb"},"inLanguage":"tr","potentialAction":[{"@type":"ReadAction","target":["https:\/\/mk-product.com\/product\/oem-aluminum-alloy-die-casting-parts\/"]}]},{"@type":"BreadcrumbList","@id":"https:\/\/mk-product.com\/product\/oem-aluminum-alloy-die-casting-parts\/#breadcrumb","itemListElement":[{"@type":"ListItem","position":1,"name":"Home","item":"https:\/\/mk-product.com\/"},{"@type":"ListItem","position":2,"name":"Products","item":"https:\/\/mk-product.com\/products\/"},{"@type":"ListItem","position":3,"name":"OEM Aluminum alloy Die Casting Parts"}]},{"@type":"WebSite","@id":"https:\/\/mk-product.com\/#website","url":"https:\/\/mk-product.com\/","name":"mk-product.com","description":"","publisher":{"@id":"https:\/\/mk-product.com\/#organization"},"potentialAction":[{"@type":"SearchAction","target":{"@type":"EntryPoint","urlTemplate":"https:\/\/mk-product.com\/?s={search_term_string}"},"query-input":"required name=search_term_string"}],"inLanguage":"tr"},{"@type":"Organization","@id":"https:\/\/mk-product.com\/#organization","name":"mk-product.com","url":"https:\/\/mk-product.com\/","logo":{"@type":"ImageObject","inLanguage":"tr","@id":"https:\/\/mk-product.com\/#\/schema\/logo\/image\/","url":"https:\/\/mk-product.com\/wp-content\/uploads\/2023\/12\/cropped-MK-logo-final.png","contentUrl":"https:\/\/mk-product.com\/wp-content\/uploads\/2023\/12\/cropped-MK-logo-final.png","width":780,"height":430,"caption":"mk-product.com"},"image":{"@id":"https:\/\/mk-product.com\/#\/schema\/logo\/image\/"}}]}},"_links":{"self":[{"href":"https:\/\/mk-product.com\/tr\/wp-json\/wp\/v2\/product\/1053"}],"collection":[{"href":"https:\/\/mk-product.com\/tr\/wp-json\/wp\/v2\/product"}],"about":[{"href":"https:\/\/mk-product.com\/tr\/wp-json\/wp\/v2\/types\/product"}],"wp:featuredmedia":[{"embeddable":true,"href":"https:\/\/mk-product.com\/tr\/wp-json\/wp\/v2\/media\/1054"}],"wp:attachment":[{"href":"https:\/\/mk-product.com\/tr\/wp-json\/wp\/v2\/media?parent=1053"}],"wp:term":[{"taxonomy":"product_cat","embeddable":true,"href":"https:\/\/mk-product.com\/tr\/wp-json\/wp\/v2\/product_cat?post=1053"},{"taxonomy":"product_tag","embeddable":true,"href":"https:\/\/mk-product.com\/tr\/wp-json\/wp\/v2\/product_tag?post=1053"}],"curies":[{"name":"wp","href":"https:\/\/api.w.org\/{rel}","templated":true}]}}