{"id":1047,"date":"2023-12-12T22:24:34","date_gmt":"2023-12-12T14:24:34","guid":{"rendered":"https:\/\/mk-product.com\/?post_type=product&#038;p=1047"},"modified":"2023-12-14T05:13:22","modified_gmt":"2023-12-14T15:13:22","slug":"high-quality-aluminum-die-casting-parts","status":"publish","type":"product","link":"https:\/\/mk-product.com\/tr\/urun\/high-quality-aluminum-die-casting-parts\/","title":{"rendered":"Y\u00fcksek Kaliteli Al\u00fcminyum Bas\u0131n\u00e7l\u0131 D\u00f6k\u00fcm Par\u00e7alar\u0131"},"content":{"rendered":"<h2>Giri\u015f<\/h2>\n<p>Al\u00fcminyum d\u00f6k\u00fcm par\u00e7alar, ola\u011fan\u00fcst\u00fc g\u00fc\u00e7leri, dayan\u0131kl\u0131l\u0131klar\u0131 ve \u00e7ok y\u00f6nl\u00fcl\u00fckleri nedeniyle \u00e7e\u015fitli end\u00fcstrilerde yayg\u0131n olarak kullan\u0131lmaktad\u0131r. Al\u00fcminyum d\u00f6k\u00fcm par\u00e7alar\u0131n\u0131n lider \u00fcreticisi olarak, m\u00fc\u015fterilerimizin \u00f6zel gereksinimlerini kar\u015f\u0131layan y\u00fcksek kaliteli \u00fcr\u00fcnler sunmaktan gurur duyuyoruz.<\/p>\n<h2>Al\u00fcminyum Bas\u0131n\u00e7l\u0131 D\u00f6k\u00fcm Nedir?<\/h2>\n<p>Al\u00fcminyum d\u00f6k\u00fcm, erimi\u015f al\u00fcminyumun y\u00fcksek bas\u0131n\u00e7 alt\u0131nda kal\u0131p olarak da bilinen \u00e7elik bir kal\u0131ba enjekte edilmesini i\u00e7eren bir \u00fcretim s\u00fcrecidir. Bu s\u00fcre\u00e7, m\u00fckemmel boyutsal do\u011fruluk ve y\u00fczey kalitesi ile karma\u015f\u0131k ve girift par\u00e7alar\u0131n \u00fcretimine olanak tan\u0131r.<\/p>\n<h2>Al\u00fcminyum Bas\u0131n\u00e7l\u0131 D\u00f6k\u00fcm Par\u00e7alar\u0131n Avantajlar\u0131<\/h2>\n<p>Al\u00fcminyum d\u00f6k\u00fcm par\u00e7alar\u0131n \u00e7e\u015fitli uygulamalarda kullan\u0131lmas\u0131n\u0131n \u00e7e\u015fitli avantajlar\u0131 vard\u0131r:<\/p>\n<ul>\n<li><strong>Hafif:<\/strong> Al\u00fcminyum hafif bir malzemedir, bu da onu otomotiv ve havac\u0131l\u0131k end\u00fcstrileri gibi a\u011f\u0131rl\u0131k azaltman\u0131n \u00e7ok \u00f6nemli oldu\u011fu uygulamalar i\u00e7in ideal hale getirir.<\/li>\n<li><strong>Y\u00fcksek Mukavemet:<\/strong> Hafif yap\u0131s\u0131na ra\u011fmen al\u00fcminyum d\u00f6k\u00fcm par\u00e7alar ola\u011fan\u00fcst\u00fc g\u00fc\u00e7 ve sa\u011flaml\u0131k sunarak uzun \u00f6m\u00fcrl\u00fc performans sa\u011flar.<\/li>\n<li><strong>Korozyon Direnci:<\/strong> Al\u00fcminyum, korozyona kar\u015f\u0131 do\u011fal diren\u00e7 \u00f6zelliklerine sahiptir, bu da onu zorlu ortamlardaki uygulamalar i\u00e7in uygun hale getirir.<\/li>\n<li><strong>M\u00fckemmel Termal \u0130letkenlik:<\/strong> Al\u00fcminyum \u0131s\u0131y\u0131 verimli bir \u015fekilde da\u011f\u0131t\u0131r, bu da onu etkili termal y\u00f6netim gerektiren par\u00e7alar i\u00e7in m\u00fckemmel bir se\u00e7im haline getirir.<\/li>\n<li><strong>Karma\u015f\u0131k Geometriler:<\/strong> Bas\u0131n\u00e7l\u0131 d\u00f6k\u00fcm s\u00fcreci, karma\u015f\u0131k tasar\u0131mlara ve karma\u015f\u0131k geometrilere sahip par\u00e7alar\u0131n \u00fcretimine olanak tan\u0131yarak \u00fcr\u00fcn tasar\u0131m\u0131nda esneklik sa\u011flar.<\/li>\n<\/ul>\n<h2>Al\u00fcminyum Bas\u0131n\u00e7l\u0131 D\u00f6k\u00fcm Par\u00e7a Uygulamalar\u0131<\/h2>\n<p>Al\u00fcminyum d\u00f6k\u00fcm par\u00e7alar \u00e7e\u015fitli end\u00fcstrilerde geni\u015f kullan\u0131m alan\u0131 bulmaktad\u0131r:<\/p>\n<ul>\n<li><strong>Otomotiv:<\/strong> Al\u00fcminyum d\u00f6k\u00fcm par\u00e7alar, otomotiv end\u00fcstrisinde motor bloklar\u0131, \u015fanz\u0131man kutular\u0131 ve s\u00fcspansiyon par\u00e7alar\u0131 gibi bile\u015fenler i\u00e7in yayg\u0131n olarak kullan\u0131lmaktad\u0131r.<\/li>\n<li><strong>Havac\u0131l\u0131k ve uzay:<\/strong> Havac\u0131l\u0131k ve uzay end\u00fcstrisi, motor g\u00f6vdeleri, yap\u0131sal braketler ve i\u00e7 donan\u0131mlar dahil olmak \u00fczere u\u00e7ak bile\u015fenleri i\u00e7in al\u00fcminyum d\u00f6k\u00fcm par\u00e7alar kullanmaktad\u0131r.<\/li>\n<li><strong>Elektronik:<\/strong> Al\u00fcminyum d\u00f6k\u00fcm par\u00e7alar genellikle \u0131s\u0131 al\u0131c\u0131lar\u0131, muhafaza muhafazalar\u0131 ve konekt\u00f6rler gibi elektronik cihazlarda bulunur.<\/li>\n<li><strong>End\u00fcstriyel Makineler:<\/strong> Bir\u00e7ok end\u00fcstriyel makine uygulamas\u0131, dayan\u0131kl\u0131l\u0131k, hassasiyet ve maliyet etkinli\u011fi i\u00e7in al\u00fcminyum d\u00f6k\u00fcm par\u00e7alara g\u00fcvenmektedir.<\/li>\n<li><strong>T\u00fcketim Mallar\u0131:<\/strong> Ev aletlerinden spor ekipmanlar\u0131na kadar, al\u00fcminyum d\u00f6k\u00fcm par\u00e7alar \u00e7e\u015fitli t\u00fcketim mallar\u0131n\u0131n \u00fcretiminde \u00e7ok \u00f6nemlidir.<\/li>\n<\/ul>\n<h2>Kalite Taahh\u00fcd\u00fcm\u00fcz<\/h2>\n<p>G\u00fcvenilir bir \u00fcretici olarak<\/p>","protected":false},"excerpt":{"rendered":"<p>Introduction Aluminum die casting parts are widely used in various industries due to their exceptional strength, durability, and versatility. As a leading manufacturer of aluminum die casting parts, we take pride in delivering high-quality products that meet the specific requirements of our clients. What is Aluminum Die Casting? Aluminum die casting is a manufacturing process &hellip;<\/p>\n<p class=\"read-more\"> <a class=\"\" href=\"https:\/\/mk-product.com\/tr\/urun\/high-quality-aluminum-die-casting-parts\/\"> <span class=\"screen-reader-text\">Y\u00fcksek Kaliteli Al\u00fcminyum Bas\u0131n\u00e7l\u0131 D\u00f6k\u00fcm Par\u00e7alar\u0131<\/span> Devam\u0131 &raquo;<\/a><\/p>","protected":false},"featured_media":1048,"template":"","meta":{"site-sidebar-layout":"default","site-content-layout":"","ast-site-content-layout":"default","site-content-style":"default","site-sidebar-style":"default","ast-global-header-display":"","ast-banner-title-visibility":"","ast-main-header-display":"","ast-hfb-above-header-display":"","ast-hfb-below-header-display":"","ast-hfb-mobile-header-display":"","site-post-title":"","ast-breadcrumbs-content":"","ast-featured-img":"","footer-sml-layout":"","theme-transparent-header-meta":"default","adv-header-id-meta":"","stick-header-meta":"","header-above-stick-meta":"","header-main-stick-meta":"","header-below-stick-meta":"","astra-migrate-meta-layouts":"set","ast-page-background-enabled":"default","ast-page-background-meta":{"desktop":{"background-color":"","background-image":"","background-repeat":"repeat","background-position":"center center","background-size":"auto","background-attachment":"scroll","background-type":"","background-media":"","overlay-type":"","overlay-color":"","overlay-gradient":""},"tablet":{"background-color":"","background-image":"","background-repeat":"repeat","background-position":"center center","background-size":"auto","background-attachment":"scroll","background-type":"","background-media":"","overlay-type":"","overlay-color":"","overlay-gradient":""},"mobile":{"background-color":"","background-image":"","background-repeat":"repeat","background-position":"center center","background-size":"auto","background-attachment":"scroll","background-type":"","background-media":"","overlay-type":"","overlay-color":"","overlay-gradient":""}},"ast-content-background-meta":{"desktop":{"background-color":"var(--ast-global-color-5)","background-image":"","background-repeat":"repeat","background-position":"center center","background-size":"auto","background-attachment":"scroll","background-type":"","background-media":"","overlay-type":"","overlay-color":"","overlay-gradient":""},"tablet":{"background-color":"var(--ast-global-color-5)","background-image":"","background-repeat":"repeat","background-position":"center center","background-size":"auto","background-attachment":"scroll","background-type":"","background-media":"","overlay-type":"","overlay-color":"","overlay-gradient":""},"mobile":{"background-color":"var(--ast-global-color-5)","background-image":"","background-repeat":"repeat","background-position":"center center","background-size":"auto","background-attachment":"scroll","background-type":"","background-media":"","overlay-type":"","overlay-color":"","overlay-gradient":""}}},"product_cat":[24],"product_tag":[],"yoast_head":"<!-- This site is optimized with the Yoast SEO plugin v21.7 - https:\/\/yoast.com\/wordpress\/plugins\/seo\/ -->\n<title>High-Quality Aluminum Die Casting Parts - mk-product.com<\/title>\n<meta name=\"robots\" content=\"index, follow, max-snippet:-1, max-image-preview:large, max-video-preview:-1\" \/>\n<link rel=\"canonical\" href=\"https:\/\/mk-product.com\/tr\/urun\/high-quality-aluminum-die-casting-parts\/\" \/>\n<meta property=\"og:locale\" content=\"tr_TR\" \/>\n<meta property=\"og:type\" content=\"article\" \/>\n<meta property=\"og:title\" content=\"High-Quality Aluminum Die Casting Parts - mk-product.com\" \/>\n<meta property=\"og:description\" content=\"Introduction Aluminum die casting parts are widely used in various industries due to their exceptional strength, durability, and versatility. As a leading manufacturer of aluminum die casting parts, we take pride in delivering high-quality products that meet the specific requirements of our clients. What is Aluminum Die Casting? Aluminum die casting is a manufacturing process &hellip; High-Quality Aluminum Die Casting Parts Devam\u0131 &raquo;\" \/>\n<meta property=\"og:url\" content=\"https:\/\/mk-product.com\/tr\/urun\/high-quality-aluminum-die-casting-parts\/\" \/>\n<meta property=\"og:site_name\" content=\"mk-product.com\" \/>\n<meta property=\"article:modified_time\" content=\"2023-12-14T15:13:22+00:00\" \/>\n<meta property=\"og:image\" content=\"https:\/\/mk-product.com\/wp-content\/uploads\/2023\/12\/AYU9512-e1702391114213.webp\" \/>\n\t<meta property=\"og:image:width\" content=\"789\" \/>\n\t<meta property=\"og:image:height\" content=\"698\" \/>\n\t<meta property=\"og:image:type\" content=\"image\/webp\" \/>\n<meta name=\"twitter:card\" content=\"summary_large_image\" \/>\n<meta name=\"twitter:label1\" content=\"Tahmini okuma s\u00fcresi\" \/>\n\t<meta name=\"twitter:data1\" content=\"2 dakika\" \/>\n<script type=\"application\/ld+json\" class=\"yoast-schema-graph\">{\"@context\":\"https:\/\/schema.org\",\"@graph\":[{\"@type\":\"WebPage\",\"@id\":\"https:\/\/mk-product.com\/product\/high-quality-aluminum-die-casting-parts\/\",\"url\":\"https:\/\/mk-product.com\/product\/high-quality-aluminum-die-casting-parts\/\",\"name\":\"High-Quality Aluminum Die Casting Parts - mk-product.com\",\"isPartOf\":{\"@id\":\"https:\/\/mk-product.com\/#website\"},\"datePublished\":\"2023-12-12T14:24:34+00:00\",\"dateModified\":\"2023-12-14T15:13:22+00:00\",\"breadcrumb\":{\"@id\":\"https:\/\/mk-product.com\/product\/high-quality-aluminum-die-casting-parts\/#breadcrumb\"},\"inLanguage\":\"tr\",\"potentialAction\":[{\"@type\":\"ReadAction\",\"target\":[\"https:\/\/mk-product.com\/product\/high-quality-aluminum-die-casting-parts\/\"]}]},{\"@type\":\"BreadcrumbList\",\"@id\":\"https:\/\/mk-product.com\/product\/high-quality-aluminum-die-casting-parts\/#breadcrumb\",\"itemListElement\":[{\"@type\":\"ListItem\",\"position\":1,\"name\":\"Home\",\"item\":\"https:\/\/mk-product.com\/\"},{\"@type\":\"ListItem\",\"position\":2,\"name\":\"Products\",\"item\":\"https:\/\/mk-product.com\/products\/\"},{\"@type\":\"ListItem\",\"position\":3,\"name\":\"High-Quality Aluminum Die Casting Parts\"}]},{\"@type\":\"WebSite\",\"@id\":\"https:\/\/mk-product.com\/#website\",\"url\":\"https:\/\/mk-product.com\/\",\"name\":\"mk-product.com\",\"description\":\"\",\"publisher\":{\"@id\":\"https:\/\/mk-product.com\/#organization\"},\"potentialAction\":[{\"@type\":\"SearchAction\",\"target\":{\"@type\":\"EntryPoint\",\"urlTemplate\":\"https:\/\/mk-product.com\/?s={search_term_string}\"},\"query-input\":\"required name=search_term_string\"}],\"inLanguage\":\"tr\"},{\"@type\":\"Organization\",\"@id\":\"https:\/\/mk-product.com\/#organization\",\"name\":\"mk-product.com\",\"url\":\"https:\/\/mk-product.com\/\",\"logo\":{\"@type\":\"ImageObject\",\"inLanguage\":\"tr\",\"@id\":\"https:\/\/mk-product.com\/#\/schema\/logo\/image\/\",\"url\":\"https:\/\/mk-product.com\/wp-content\/uploads\/2023\/12\/cropped-MK-logo-final.png\",\"contentUrl\":\"https:\/\/mk-product.com\/wp-content\/uploads\/2023\/12\/cropped-MK-logo-final.png\",\"width\":780,\"height\":430,\"caption\":\"mk-product.com\"},\"image\":{\"@id\":\"https:\/\/mk-product.com\/#\/schema\/logo\/image\/\"}}]}<\/script>\n<!-- \/ Yoast SEO plugin. -->","yoast_head_json":{"title":"High-Quality Aluminum Die Casting Parts - mk-product.com","robots":{"index":"index","follow":"follow","max-snippet":"max-snippet:-1","max-image-preview":"max-image-preview:large","max-video-preview":"max-video-preview:-1"},"canonical":"https:\/\/mk-product.com\/tr\/urun\/high-quality-aluminum-die-casting-parts\/","og_locale":"tr_TR","og_type":"article","og_title":"High-Quality Aluminum Die Casting Parts - mk-product.com","og_description":"Introduction Aluminum die casting parts are widely used in various industries due to their exceptional strength, durability, and versatility. As a leading manufacturer of aluminum die casting parts, we take pride in delivering high-quality products that meet the specific requirements of our clients. What is Aluminum Die Casting? Aluminum die casting is a manufacturing process &hellip; High-Quality Aluminum Die Casting Parts Devam\u0131 &raquo;","og_url":"https:\/\/mk-product.com\/tr\/urun\/high-quality-aluminum-die-casting-parts\/","og_site_name":"mk-product.com","article_modified_time":"2023-12-14T15:13:22+00:00","og_image":[{"width":789,"height":698,"url":"https:\/\/mk-product.com\/wp-content\/uploads\/2023\/12\/AYU9512-e1702391114213.webp","type":"image\/webp"}],"twitter_card":"summary_large_image","twitter_misc":{"Tahmini okuma s\u00fcresi":"2 dakika"},"schema":{"@context":"https:\/\/schema.org","@graph":[{"@type":"WebPage","@id":"https:\/\/mk-product.com\/product\/high-quality-aluminum-die-casting-parts\/","url":"https:\/\/mk-product.com\/product\/high-quality-aluminum-die-casting-parts\/","name":"High-Quality Aluminum Die Casting Parts - mk-product.com","isPartOf":{"@id":"https:\/\/mk-product.com\/#website"},"datePublished":"2023-12-12T14:24:34+00:00","dateModified":"2023-12-14T15:13:22+00:00","breadcrumb":{"@id":"https:\/\/mk-product.com\/product\/high-quality-aluminum-die-casting-parts\/#breadcrumb"},"inLanguage":"tr","potentialAction":[{"@type":"ReadAction","target":["https:\/\/mk-product.com\/product\/high-quality-aluminum-die-casting-parts\/"]}]},{"@type":"BreadcrumbList","@id":"https:\/\/mk-product.com\/product\/high-quality-aluminum-die-casting-parts\/#breadcrumb","itemListElement":[{"@type":"ListItem","position":1,"name":"Home","item":"https:\/\/mk-product.com\/"},{"@type":"ListItem","position":2,"name":"Products","item":"https:\/\/mk-product.com\/products\/"},{"@type":"ListItem","position":3,"name":"High-Quality Aluminum Die Casting Parts"}]},{"@type":"WebSite","@id":"https:\/\/mk-product.com\/#website","url":"https:\/\/mk-product.com\/","name":"mk-product.com","description":"","publisher":{"@id":"https:\/\/mk-product.com\/#organization"},"potentialAction":[{"@type":"SearchAction","target":{"@type":"EntryPoint","urlTemplate":"https:\/\/mk-product.com\/?s={search_term_string}"},"query-input":"required name=search_term_string"}],"inLanguage":"tr"},{"@type":"Organization","@id":"https:\/\/mk-product.com\/#organization","name":"mk-product.com","url":"https:\/\/mk-product.com\/","logo":{"@type":"ImageObject","inLanguage":"tr","@id":"https:\/\/mk-product.com\/#\/schema\/logo\/image\/","url":"https:\/\/mk-product.com\/wp-content\/uploads\/2023\/12\/cropped-MK-logo-final.png","contentUrl":"https:\/\/mk-product.com\/wp-content\/uploads\/2023\/12\/cropped-MK-logo-final.png","width":780,"height":430,"caption":"mk-product.com"},"image":{"@id":"https:\/\/mk-product.com\/#\/schema\/logo\/image\/"}}]}},"_links":{"self":[{"href":"https:\/\/mk-product.com\/tr\/wp-json\/wp\/v2\/product\/1047"}],"collection":[{"href":"https:\/\/mk-product.com\/tr\/wp-json\/wp\/v2\/product"}],"about":[{"href":"https:\/\/mk-product.com\/tr\/wp-json\/wp\/v2\/types\/product"}],"wp:featuredmedia":[{"embeddable":true,"href":"https:\/\/mk-product.com\/tr\/wp-json\/wp\/v2\/media\/1048"}],"wp:attachment":[{"href":"https:\/\/mk-product.com\/tr\/wp-json\/wp\/v2\/media?parent=1047"}],"wp:term":[{"taxonomy":"product_cat","embeddable":true,"href":"https:\/\/mk-product.com\/tr\/wp-json\/wp\/v2\/product_cat?post=1047"},{"taxonomy":"product_tag","embeddable":true,"href":"https:\/\/mk-product.com\/tr\/wp-json\/wp\/v2\/product_tag?post=1047"}],"curies":[{"name":"wp","href":"https:\/\/api.w.org\/{rel}","templated":true}]}}