{"id":1043,"date":"2023-12-12T22:21:46","date_gmt":"2023-12-12T14:21:46","guid":{"rendered":"https:\/\/mk-product.com\/?post_type=product&#038;p=1043"},"modified":"2023-12-12T22:26:08","modified_gmt":"2023-12-12T14:26:08","slug":"custom-aluminum-die-casting-parts","status":"publish","type":"product","link":"https:\/\/mk-product.com\/tr\/urun\/custom-aluminum-die-casting-parts\/","title":{"rendered":"\u00d6zel Al\u00fcminyum Bas\u0131n\u00e7l\u0131 D\u00f6k\u00fcm Par\u00e7alar\u0131"},"content":{"rendered":"<h1>\u00d6zel Al\u00fcminyum Bas\u0131n\u00e7l\u0131 D\u00f6k\u00fcm Par\u00e7alar\u0131<\/h1>\n<p>Y\u00fcksek kaliteli ve hassas metal par\u00e7alar\u0131n \u00fcretimi s\u00f6z konusu oldu\u011funda, \u00f6zel al\u00fcminyum d\u00f6k\u00fcm m\u00fckemmel bir se\u00e7imdir. Bu s\u00fcre\u00e7, s\u0131k\u0131 toleranslara sahip karma\u015f\u0131k ve girift \u015fekillerin \u00fcretilmesine olanak tan\u0131yarak \u00e7ok \u00e7e\u015fitli end\u00fcstriler ve uygulamalar i\u00e7in idealdir.<\/p>\n<h2>\u00d6zel Al\u00fcminyum Bas\u0131n\u00e7l\u0131 D\u00f6k\u00fcm Nedir?<\/h2>\n<p>\u00d6zel al\u00fcminyum d\u00f6k\u00fcm, erimi\u015f al\u00fcminyumun y\u00fcksek bas\u0131n\u00e7 alt\u0131nda kal\u0131p olarak da bilinen \u00e7elik bir kal\u0131ba enjekte edildi\u011fi bir \u00fcretim s\u00fcrecidir. Al\u00fcminyum h\u0131zla kat\u0131la\u015farak kal\u0131b\u0131n \u015feklini al\u0131r ve istenen par\u00e7ay\u0131 olu\u015fturur. Bu s\u00fcre\u00e7 son derece tekrarlanabilirdir ve tutarl\u0131 kalitede b\u00fcy\u00fck miktarlarda par\u00e7a \u00fcretebilir.<\/p>\n<h2>\u00d6zel Al\u00fcminyum Bas\u0131n\u00e7l\u0131 D\u00f6k\u00fcm\u00fcn Avantajlar\u0131<\/h2>\n<p>\u00dcretim ihtiya\u00e7lar\u0131n\u0131z i\u00e7in \u00f6zel al\u00fcminyum d\u00f6k\u00fcm se\u00e7menin \u00e7e\u015fitli avantajlar\u0131 vard\u0131r:<\/p>\n<ol>\n<li><strong>G\u00fc\u00e7 ve Dayan\u0131kl\u0131l\u0131k:<\/strong> Al\u00fcminyum d\u00f6k\u00fcm par\u00e7alar m\u00fckemmel g\u00fc\u00e7\/a\u011f\u0131rl\u0131k oran\u0131 ve dayan\u0131kl\u0131l\u0131k sunar. Y\u00fcksek s\u0131cakl\u0131klara, korozyona ve a\u015f\u0131nmaya dayanabilirler, bu da onlar\u0131 \u00e7ok \u00e7e\u015fitli uygulamalar i\u00e7in uygun hale getirir.<\/li>\n<li><strong>Karma\u015f\u0131k \u015eekiller:<\/strong> Bas\u0131n\u00e7l\u0131 d\u00f6k\u00fcm s\u00fcreci, di\u011fer \u00fcretim y\u00f6ntemleriyle elde edilmesi zor veya imkans\u0131z olan karma\u015f\u0131k ve karma\u015f\u0131k \u015fekillerin \u00fcretilmesine olanak tan\u0131r.<\/li>\n<li><strong>S\u0131k\u0131 Toleranslar:<\/strong> \u00d6zel al\u00fcminyum d\u00f6k\u00fcm, hassas boyutlar ve tutarl\u0131 par\u00e7a kalitesi sa\u011flayarak s\u0131k\u0131 toleranslar elde edebilir.<\/li>\n<li><strong>Uygun Maliyetli:<\/strong> Bas\u0131n\u00e7l\u0131 d\u00f6k\u00fcm, b\u00fcy\u00fck miktarlarda par\u00e7a \u00fcretmek i\u00e7in uygun maliyetli bir \u00fcretim y\u00f6ntemidir. Y\u00fcksek \u00fcretim h\u0131z\u0131 ve minimum malzeme at\u0131\u011f\u0131, onu bir\u00e7ok end\u00fcstri i\u00e7in verimli bir se\u00e7enek haline getirir.<\/li>\n<li><strong>Y\u00fczey \u0130\u015flemi:<\/strong> Al\u00fcminyum d\u00f6k\u00fcm par\u00e7alar p\u00fcr\u00fczs\u00fcz ve estetik a\u00e7\u0131dan ho\u015f bir y\u00fczey kaplamas\u0131na sahip olabilir ve ek son i\u015flem s\u00fcre\u00e7lerine olan ihtiyac\u0131 ortadan kald\u0131r\u0131r.<\/li>\n<\/ol>\n<h2>\u00d6zel Al\u00fcminyum Bas\u0131n\u00e7l\u0131 D\u00f6k\u00fcm Par\u00e7a Uygulamalar\u0131<\/h2>\n<p>\u00d6zel al\u00fcminyum d\u00f6k\u00fcm par\u00e7alar, a\u015fa\u011f\u0131dakiler de dahil olmak \u00fczere \u00e7e\u015fitli end\u00fcstrilerde uygulama alan\u0131 bulmaktad\u0131r:<\/p>\n<ul>\n<li><strong>Otomotiv:<\/strong> Motor bile\u015fenleri, \u015fanz\u0131man kutular\u0131 ve yap\u0131sal par\u00e7alar.<\/li>\n<li><strong>Havac\u0131l\u0131k ve uzay:<\/strong> Motor par\u00e7alar\u0131, braketler ve muhafazalar dahil olmak \u00fczere u\u00e7ak bile\u015fenleri.<\/li>\n<li><strong>Elektronik:<\/strong> Is\u0131 al\u0131c\u0131lar\u0131, konekt\u00f6rler ve muhafazalar.<\/li>\n<li><strong>End\u00fcstriyel Makineler:<\/strong> Pompa ve valf bile\u015fenleri, di\u015fli kutular\u0131 ve motor g\u00f6vdeleri.<\/li>\n<li><strong>T\u00fcketim Mallar\u0131:<\/strong> Beyaz e\u015fyalar, ayd\u0131nlatma armat\u00fcrleri ve mobilya donan\u0131m\u0131.<\/li>\n<\/ul>\n<h2>\u00d6zel Al\u00fcminyum Bas\u0131n\u00e7l\u0131 D\u00f6k\u00fcm Par\u00e7alar\u0131 i\u00e7in Neden Bizi Se\u00e7melisiniz?<\/h2>\n<p>\u00d6zel al\u00fcminyum d\u00f6k\u00fcm par\u00e7alar s\u00f6z konusu oldu\u011funda, g\u00fcvenilir \u00fcretim orta\u011f\u0131n\u0131z biziz. \u0130\u015fte neden bizi se\u00e7meniz gerekti\u011fi:<\/p>\n<ol>\n<li><strong>Deneyim ve Uzmanl\u0131k:<\/strong> Sekt\u00f6rdeki uzun y\u0131llara dayanan deneyimimizle, tam spesifikasyonlar\u0131n\u0131z\u0131 kar\u015f\u0131layan y\u00fcksek kaliteli \u00f6zel al\u00fcminyum d\u00f6k\u00fcm par\u00e7alar sunacak bilgi ve uzmanl\u0131\u011fa sahibiz.<\/li>\n<li><strong>Son Teknoloji Tesisler:<\/strong> \u00dcretim tesislerimiz, karma\u015f\u0131k par\u00e7alar\u0131 hassasiyet ve verimlilikle \u00fcretmemizi sa\u011flayan en son teknoloji ve makinelerle donat\u0131lm\u0131\u015ft\u0131r.<\/li>\n<li><strong>Kalite G\u00fcvencesi:<\/strong> \u00dcretti\u011fimiz her par\u00e7an\u0131n en y\u00fcksek kalite ve performans standartlar\u0131n\u0131 kar\u015f\u0131lad\u0131\u011f\u0131ndan emin olmak i\u00e7in titiz bir kalite g\u00fcvence s\u00fcrecine sahibiz.<\/li>\n<li><strong>\u00d6zelle\u015ftirme Se\u00e7enekleri:<\/strong> Malzeme se\u00e7imi, y\u00fczey kalitesi ve ek i\u015fleme veya montaj hizmetleri de dahil olmak \u00fczere \u00e7ok \u00e7e\u015fitli \u00f6zelle\u015ftirme se\u00e7enekleri sunuyoruz.<\/li>\n<li><strong>Zaman\u0131nda Teslimat:<\/strong> Zaman\u0131nda teslimat\u0131n \u00f6nemini anl\u0131yor ve kaliteden \u00f6d\u00fcn vermeden son teslim tarihlerinizi kar\u015f\u0131lamak i\u00e7in \u00e7al\u0131\u015f\u0131yoruz.<\/li>\n<\/ol>\n<p>\u0130ster otomotiv, havac\u0131l\u0131k, elektronik, end\u00fcstriyel makine veya t\u00fcketim mallar\u0131 i\u00e7in \u00f6zel al\u00fcminyum d\u00f6k\u00fcm par\u00e7alara ihtiyac\u0131n\u0131z olsun, ihtiya\u00e7lar\u0131n\u0131z\u0131 kar\u015f\u0131layacak yeteneklere sahibiz. \u0130htiya\u00e7lar\u0131n\u0131z\u0131 g\u00f6r\u00fc\u015fmek ve projeniz i\u00e7in fiyat teklifi almak i\u00e7in bug\u00fcn bize ula\u015f\u0131n.<\/p>","protected":false},"excerpt":{"rendered":"<p>Custom Aluminum Die Casting Parts When it comes to manufacturing high-quality and precise metal parts, custom aluminum die casting is an excellent choice. This process allows for the production of complex and intricate shapes with tight tolerances, making it ideal for a wide range of industries and applications. What is Custom Aluminum Die Casting? Custom &hellip;<\/p>\n<p class=\"read-more\"> <a class=\"\" href=\"https:\/\/mk-product.com\/tr\/urun\/custom-aluminum-die-casting-parts\/\"> <span class=\"screen-reader-text\">\u00d6zel Al\u00fcminyum Bas\u0131n\u00e7l\u0131 D\u00f6k\u00fcm Par\u00e7alar\u0131<\/span> Devam\u0131 &raquo;<\/a><\/p>","protected":false},"featured_media":1045,"template":"","meta":{"site-sidebar-layout":"default","site-content-layout":"","ast-site-content-layout":"default","site-content-style":"default","site-sidebar-style":"default","ast-global-header-display":"","ast-banner-title-visibility":"","ast-main-header-display":"","ast-hfb-above-header-display":"","ast-hfb-below-header-display":"","ast-hfb-mobile-header-display":"","site-post-title":"","ast-breadcrumbs-content":"","ast-featured-img":"","footer-sml-layout":"","theme-transparent-header-meta":"default","adv-header-id-meta":"","stick-header-meta":"","header-above-stick-meta":"","header-main-stick-meta":"","header-below-stick-meta":"","astra-migrate-meta-layouts":"set","ast-page-background-enabled":"default","ast-page-background-meta":{"desktop":{"background-color":"","background-image":"","background-repeat":"repeat","background-position":"center center","background-size":"auto","background-attachment":"scroll","background-type":"","background-media":"","overlay-type":"","overlay-color":"","overlay-gradient":""},"tablet":{"background-color":"","background-image":"","background-repeat":"repeat","background-position":"center center","background-size":"auto","background-attachment":"scroll","background-type":"","background-media":"","overlay-type":"","overlay-color":"","overlay-gradient":""},"mobile":{"background-color":"","background-image":"","background-repeat":"repeat","background-position":"center center","background-size":"auto","background-attachment":"scroll","background-type":"","background-media":"","overlay-type":"","overlay-color":"","overlay-gradient":""}},"ast-content-background-meta":{"desktop":{"background-color":"var(--ast-global-color-5)","background-image":"","background-repeat":"repeat","background-position":"center center","background-size":"auto","background-attachment":"scroll","background-type":"","background-media":"","overlay-type":"","overlay-color":"","overlay-gradient":""},"tablet":{"background-color":"var(--ast-global-color-5)","background-image":"","background-repeat":"repeat","background-position":"center center","background-size":"auto","background-attachment":"scroll","background-type":"","background-media":"","overlay-type":"","overlay-color":"","overlay-gradient":""},"mobile":{"background-color":"var(--ast-global-color-5)","background-image":"","background-repeat":"repeat","background-position":"center center","background-size":"auto","background-attachment":"scroll","background-type":"","background-media":"","overlay-type":"","overlay-color":"","overlay-gradient":""}}},"product_cat":[24],"product_tag":[],"yoast_head":"<!-- This site is optimized with the Yoast SEO plugin v21.7 - https:\/\/yoast.com\/wordpress\/plugins\/seo\/ -->\n<title>Custom Aluminum Die Casting Parts - mk-product.com<\/title>\n<meta name=\"robots\" content=\"index, follow, max-snippet:-1, max-image-preview:large, max-video-preview:-1\" \/>\n<link rel=\"canonical\" href=\"https:\/\/mk-product.com\/tr\/urun\/custom-aluminum-die-casting-parts\/\" \/>\n<meta property=\"og:locale\" content=\"tr_TR\" \/>\n<meta property=\"og:type\" content=\"article\" \/>\n<meta property=\"og:title\" content=\"Custom Aluminum Die Casting Parts - mk-product.com\" \/>\n<meta property=\"og:description\" content=\"Custom Aluminum Die Casting Parts When it comes to manufacturing high-quality and precise metal parts, custom aluminum die casting is an excellent choice. This process allows for the production of complex and intricate shapes with tight tolerances, making it ideal for a wide range of industries and applications. What is Custom Aluminum Die Casting? Custom &hellip; Custom Aluminum Die Casting Parts Devam\u0131 &raquo;\" \/>\n<meta property=\"og:url\" content=\"https:\/\/mk-product.com\/tr\/urun\/custom-aluminum-die-casting-parts\/\" \/>\n<meta property=\"og:site_name\" content=\"mk-product.com\" \/>\n<meta property=\"article:modified_time\" content=\"2023-12-12T14:26:08+00:00\" \/>\n<meta property=\"og:image\" content=\"https:\/\/mk-product.com\/wp-content\/uploads\/2023\/12\/AYU9510-e1702391161828.webp\" \/>\n\t<meta property=\"og:image:width\" content=\"800\" \/>\n\t<meta property=\"og:image:height\" content=\"704\" \/>\n\t<meta property=\"og:image:type\" content=\"image\/webp\" \/>\n<meta name=\"twitter:card\" content=\"summary_large_image\" \/>\n<meta name=\"twitter:label1\" content=\"Tahmini okuma s\u00fcresi\" \/>\n\t<meta name=\"twitter:data1\" content=\"3 dakika\" \/>\n<script type=\"application\/ld+json\" class=\"yoast-schema-graph\">{\"@context\":\"https:\/\/schema.org\",\"@graph\":[{\"@type\":\"WebPage\",\"@id\":\"https:\/\/mk-product.com\/product\/custom-aluminum-die-casting-parts\/\",\"url\":\"https:\/\/mk-product.com\/product\/custom-aluminum-die-casting-parts\/\",\"name\":\"Custom Aluminum Die Casting Parts - mk-product.com\",\"isPartOf\":{\"@id\":\"https:\/\/mk-product.com\/#website\"},\"datePublished\":\"2023-12-12T14:21:46+00:00\",\"dateModified\":\"2023-12-12T14:26:08+00:00\",\"breadcrumb\":{\"@id\":\"https:\/\/mk-product.com\/product\/custom-aluminum-die-casting-parts\/#breadcrumb\"},\"inLanguage\":\"tr\",\"potentialAction\":[{\"@type\":\"ReadAction\",\"target\":[\"https:\/\/mk-product.com\/product\/custom-aluminum-die-casting-parts\/\"]}]},{\"@type\":\"BreadcrumbList\",\"@id\":\"https:\/\/mk-product.com\/product\/custom-aluminum-die-casting-parts\/#breadcrumb\",\"itemListElement\":[{\"@type\":\"ListItem\",\"position\":1,\"name\":\"Home\",\"item\":\"https:\/\/mk-product.com\/\"},{\"@type\":\"ListItem\",\"position\":2,\"name\":\"Products\",\"item\":\"https:\/\/mk-product.com\/products\/\"},{\"@type\":\"ListItem\",\"position\":3,\"name\":\"Custom Aluminum Die Casting Parts\"}]},{\"@type\":\"WebSite\",\"@id\":\"https:\/\/mk-product.com\/#website\",\"url\":\"https:\/\/mk-product.com\/\",\"name\":\"mk-product.com\",\"description\":\"\",\"publisher\":{\"@id\":\"https:\/\/mk-product.com\/#organization\"},\"potentialAction\":[{\"@type\":\"SearchAction\",\"target\":{\"@type\":\"EntryPoint\",\"urlTemplate\":\"https:\/\/mk-product.com\/?s={search_term_string}\"},\"query-input\":\"required name=search_term_string\"}],\"inLanguage\":\"tr\"},{\"@type\":\"Organization\",\"@id\":\"https:\/\/mk-product.com\/#organization\",\"name\":\"mk-product.com\",\"url\":\"https:\/\/mk-product.com\/\",\"logo\":{\"@type\":\"ImageObject\",\"inLanguage\":\"tr\",\"@id\":\"https:\/\/mk-product.com\/#\/schema\/logo\/image\/\",\"url\":\"https:\/\/mk-product.com\/wp-content\/uploads\/2023\/12\/cropped-MK-logo-final.png\",\"contentUrl\":\"https:\/\/mk-product.com\/wp-content\/uploads\/2023\/12\/cropped-MK-logo-final.png\",\"width\":780,\"height\":430,\"caption\":\"mk-product.com\"},\"image\":{\"@id\":\"https:\/\/mk-product.com\/#\/schema\/logo\/image\/\"}}]}<\/script>\n<!-- \/ Yoast SEO plugin. -->","yoast_head_json":{"title":"Custom Aluminum Die Casting Parts - mk-product.com","robots":{"index":"index","follow":"follow","max-snippet":"max-snippet:-1","max-image-preview":"max-image-preview:large","max-video-preview":"max-video-preview:-1"},"canonical":"https:\/\/mk-product.com\/tr\/urun\/custom-aluminum-die-casting-parts\/","og_locale":"tr_TR","og_type":"article","og_title":"Custom Aluminum Die Casting Parts - mk-product.com","og_description":"Custom Aluminum Die Casting Parts When it comes to manufacturing high-quality and precise metal parts, custom aluminum die casting is an excellent choice. This process allows for the production of complex and intricate shapes with tight tolerances, making it ideal for a wide range of industries and applications. What is Custom Aluminum Die Casting? Custom &hellip; Custom Aluminum Die Casting Parts Devam\u0131 &raquo;","og_url":"https:\/\/mk-product.com\/tr\/urun\/custom-aluminum-die-casting-parts\/","og_site_name":"mk-product.com","article_modified_time":"2023-12-12T14:26:08+00:00","og_image":[{"width":800,"height":704,"url":"https:\/\/mk-product.com\/wp-content\/uploads\/2023\/12\/AYU9510-e1702391161828.webp","type":"image\/webp"}],"twitter_card":"summary_large_image","twitter_misc":{"Tahmini okuma s\u00fcresi":"3 dakika"},"schema":{"@context":"https:\/\/schema.org","@graph":[{"@type":"WebPage","@id":"https:\/\/mk-product.com\/product\/custom-aluminum-die-casting-parts\/","url":"https:\/\/mk-product.com\/product\/custom-aluminum-die-casting-parts\/","name":"Custom Aluminum Die Casting Parts - mk-product.com","isPartOf":{"@id":"https:\/\/mk-product.com\/#website"},"datePublished":"2023-12-12T14:21:46+00:00","dateModified":"2023-12-12T14:26:08+00:00","breadcrumb":{"@id":"https:\/\/mk-product.com\/product\/custom-aluminum-die-casting-parts\/#breadcrumb"},"inLanguage":"tr","potentialAction":[{"@type":"ReadAction","target":["https:\/\/mk-product.com\/product\/custom-aluminum-die-casting-parts\/"]}]},{"@type":"BreadcrumbList","@id":"https:\/\/mk-product.com\/product\/custom-aluminum-die-casting-parts\/#breadcrumb","itemListElement":[{"@type":"ListItem","position":1,"name":"Home","item":"https:\/\/mk-product.com\/"},{"@type":"ListItem","position":2,"name":"Products","item":"https:\/\/mk-product.com\/products\/"},{"@type":"ListItem","position":3,"name":"Custom Aluminum Die Casting Parts"}]},{"@type":"WebSite","@id":"https:\/\/mk-product.com\/#website","url":"https:\/\/mk-product.com\/","name":"mk-product.com","description":"","publisher":{"@id":"https:\/\/mk-product.com\/#organization"},"potentialAction":[{"@type":"SearchAction","target":{"@type":"EntryPoint","urlTemplate":"https:\/\/mk-product.com\/?s={search_term_string}"},"query-input":"required name=search_term_string"}],"inLanguage":"tr"},{"@type":"Organization","@id":"https:\/\/mk-product.com\/#organization","name":"mk-product.com","url":"https:\/\/mk-product.com\/","logo":{"@type":"ImageObject","inLanguage":"tr","@id":"https:\/\/mk-product.com\/#\/schema\/logo\/image\/","url":"https:\/\/mk-product.com\/wp-content\/uploads\/2023\/12\/cropped-MK-logo-final.png","contentUrl":"https:\/\/mk-product.com\/wp-content\/uploads\/2023\/12\/cropped-MK-logo-final.png","width":780,"height":430,"caption":"mk-product.com"},"image":{"@id":"https:\/\/mk-product.com\/#\/schema\/logo\/image\/"}}]}},"_links":{"self":[{"href":"https:\/\/mk-product.com\/tr\/wp-json\/wp\/v2\/product\/1043"}],"collection":[{"href":"https:\/\/mk-product.com\/tr\/wp-json\/wp\/v2\/product"}],"about":[{"href":"https:\/\/mk-product.com\/tr\/wp-json\/wp\/v2\/types\/product"}],"wp:featuredmedia":[{"embeddable":true,"href":"https:\/\/mk-product.com\/tr\/wp-json\/wp\/v2\/media\/1045"}],"wp:attachment":[{"href":"https:\/\/mk-product.com\/tr\/wp-json\/wp\/v2\/media?parent=1043"}],"wp:term":[{"taxonomy":"product_cat","embeddable":true,"href":"https:\/\/mk-product.com\/tr\/wp-json\/wp\/v2\/product_cat?post=1043"},{"taxonomy":"product_tag","embeddable":true,"href":"https:\/\/mk-product.com\/tr\/wp-json\/wp\/v2\/product_tag?post=1043"}],"curies":[{"name":"wp","href":"https:\/\/api.w.org\/{rel}","templated":true}]}}