{"id":1040,"date":"2023-12-12T22:19:39","date_gmt":"2023-12-12T14:19:39","guid":{"rendered":"https:\/\/mk-product.com\/?post_type=product&#038;p=1040"},"modified":"2023-12-14T05:13:47","modified_gmt":"2023-12-14T15:13:47","slug":"aluminum-die-casting-patio-furniture-parts","status":"publish","type":"product","link":"https:\/\/mk-product.com\/tr\/urun\/aluminum-die-casting-patio-furniture-parts\/","title":{"rendered":"Al\u00fcminyum D\u00f6k\u00fcm Veranda Mobilya Par\u00e7alar\u0131"},"content":{"rendered":"<h2>Al\u00fcminyum D\u00f6k\u00fcm Veranda Mobilya Par\u00e7alar\u0131 ile D\u0131\u015f Mekan\u0131n\u0131z\u0131 Geli\u015ftirin<\/h2>\n<p>Veranda mobilyalar\u0131n\u0131z\u0131 yenilemek mi istiyorsunuz? Ba\u015fka yere bakman\u0131za gerek yok! Y\u00fcksek kaliteli al\u00fcminyum d\u00f6k\u00fcm veranda mobilya par\u00e7alar\u0131m\u0131z, d\u0131\u015f mekan\u0131n\u0131z\u0131 \u015f\u0131k ve konforlu bir vahaya d\u00f6n\u00fc\u015ft\u00fcrmek i\u00e7in m\u00fckemmel bir \u00e7\u00f6z\u00fcmd\u00fcr.<\/p>\n<h3>Al\u00fcminyum Bas\u0131n\u00e7l\u0131 D\u00f6k\u00fcm\u00fcn Faydalar\u0131<\/h3>\n<p>Al\u00fcminyum d\u00f6k\u00fcm, m\u00fckemmel boyutsal hassasiyete sahip g\u00fc\u00e7l\u00fc ve dayan\u0131kl\u0131 par\u00e7alar \u00fcreten bir \u00fcretim s\u00fcrecidir. Bu s\u00fcre\u00e7, erimi\u015f al\u00fcminyumun y\u00fcksek bas\u0131n\u00e7 alt\u0131nda bir kal\u0131p bo\u015flu\u011funa enjekte edilmesini i\u00e7erir ve karma\u015f\u0131k ve hassas veranda mobilya par\u00e7alar\u0131 ile sonu\u00e7lan\u0131r.<\/p>\n<p>\u0130\u015fte veranda mobilya par\u00e7alar\u0131 i\u00e7in al\u00fcminyum d\u00f6k\u00fcm kullanman\u0131n baz\u0131 temel faydalar\u0131:<\/p>\n<ul>\n<li><strong>G\u00fc\u00e7 ve Dayan\u0131kl\u0131l\u0131k:<\/strong> Al\u00fcminyum d\u00f6k\u00fcm, g\u00fc\u00e7l\u00fc ve d\u0131\u015f etkenlere dayanabilen par\u00e7alar yaratarak bunlar\u0131 d\u0131\u015f mekan mobilyalar\u0131 i\u00e7in m\u00fckemmel hale getirir.<\/li>\n<li><strong>Hafif:<\/strong> Sa\u011flaml\u0131\u011f\u0131na ra\u011fmen al\u00fcminyum hafiftir, bu da veranda mobilyalar\u0131n\u0131z\u0131 gerekti\u011fi gibi ta\u015f\u0131man\u0131z\u0131 ve yeniden d\u00fczenlemenizi kolayla\u015ft\u0131r\u0131r.<\/li>\n<li><strong>Korozyon Direnci:<\/strong> Al\u00fcminyum do\u011fal olarak koruyucu bir oksit tabakas\u0131 olu\u015fturur, bu da onu korozyona kar\u015f\u0131 olduk\u00e7a diren\u00e7li hale getirir ve veranda mobilyalar\u0131n\u0131z\u0131n y\u0131llarca dayanmas\u0131n\u0131 sa\u011flar.<\/li>\n<li><strong>Tasar\u0131m Esnekli\u011fi:<\/strong> Al\u00fcminyum d\u00f6k\u00fcm, karma\u015f\u0131k ve kompleks tasar\u0131mlara olanak tan\u0131yarak benzersiz ve \u015f\u0131k veranda mobilyalar\u0131 yaratman\u0131z i\u00e7in size sonsuz olanaklar sunar.<\/li>\n<\/ul>\n<h3>Geni\u015f Veranda Mobilya Par\u00e7alar\u0131 Yelpazesi<\/h3>\n<p>\u0130ster tek bir bile\u015feni de\u011fi\u015ftirmek, ister t\u00fcm bir veranda mobilyas\u0131 seti in\u015fa etmek istiyor olun, ihtiya\u00e7lar\u0131n\u0131z\u0131 kar\u015f\u0131layacak \u00e7ok \u00e7e\u015fitli al\u00fcminyum d\u00f6k\u00fcm par\u00e7alar sunuyoruz. Se\u00e7imimiz \u015funlar\u0131 i\u00e7erir:<\/p>\n<ul>\n<li>Sandalye \u00e7er\u00e7eveleri<\/li>\n<li>Masa ayaklar\u0131<\/li>\n<li>Kol\u00e7aklar<\/li>\n<li>S\u0131rtl\u0131klar<\/li>\n<li>Destek braketleri<\/li>\n<li>Ve \u00e7ok daha fazlas\u0131!<\/li>\n<\/ul>\n<p>Veranda mobilya par\u00e7alar\u0131m\u0131z \u00e7e\u015fitli boyutlarda ve kaplamalarda mevcut olup, d\u0131\u015f mekan\u0131n\u0131z i\u00e7in uyumlu ve \u015f\u0131k bir g\u00f6r\u00fcn\u00fcm olu\u015fturman\u0131za olanak tan\u0131r. \u0130ster klasik ister \u00e7a\u011fda\u015f bir tasar\u0131m tercih edin, par\u00e7alar\u0131m\u0131z benzersiz tarz\u0131n\u0131za uyacak \u015fekilde \u00f6zelle\u015ftirilebilir.<\/p>\n<h3>\u00d6d\u00fcn Vermeyen Kalite ve Hassasiyet<\/h3>\n<p>\u015eirketinizin Ad\u0131] olarak, en y\u00fcksek kalitede al\u00fcminyum d\u00f6k\u00fcm veranda mobilya par\u00e7alar\u0131 sunmaktan gurur duyuyoruz. Yetenekli m\u00fchendis ve teknisyenlerden olu\u015fan ekibimiz, her par\u00e7an\u0131n en kat\u0131 kalite standartlar\u0131n\u0131 kar\u015f\u0131lamas\u0131n\u0131 sa\u011flar.<\/p>\n<p>\u0130lk tasar\u0131m a\u015famas\u0131ndan nihai \u00fcretime kadar, par\u00e7alar\u0131m\u0131z\u0131n hassasiyetini ve dayan\u0131kl\u0131l\u0131\u011f\u0131n\u0131 sa\u011flamak i\u00e7in en son teknolojiyi ve titiz kalite kontrol \u00f6nlemlerini kullan\u0131yoruz. Veranda mobilyas\u0131 par\u00e7alar\u0131m\u0131z\u0131n zaman\u0131n testine dayanaca\u011f\u0131na ve size y\u0131llarca keyif verece\u011fine g\u00fcvenebilirsiniz.<\/p>\n<h3>Kolay Kurulum ve Bak\u0131m<\/h3>\n<p>Al\u00fcminyum d\u00f6k\u00fcm veranda mobilyas\u0131 par\u00e7alar\u0131m\u0131z\u0131n montaj\u0131 \u00e7ocuk oyunca\u011f\u0131d\u0131r. Kesin boyutlar\u0131 ve uyumluluklar\u0131 sayesinde, mevcut veranda mobilyas\u0131 par\u00e7alar\u0131n\u0131z\u0131 herhangi bir g\u00fc\u00e7l\u00fck \u00e7ekmeden kolayca de\u011fi\u015ftirebilir veya y\u00fckseltebilirsiniz.<\/p>\n<p>Al\u00fcminyum d\u00f6k\u00fcm par\u00e7alar\u0131m\u0131z\u0131n bak\u0131m\u0131 da \u00e7ok kolayd\u0131r. Temiz ve taze g\u00f6r\u00fcnmelerini sa\u011flamak i\u00e7in nemli bir bezle silmeniz yeterlidir. Al\u00fcminyumun korozyona dayan\u0131kl\u0131 \u00f6zellikleri, veranda mobilyan\u0131z\u0131n zorlu hava ko\u015fullar\u0131nda bile g\u00f6r\u00fcn\u00fcm\u00fcn\u00fc korumas\u0131n\u0131 sa\u011flar.<\/p>\n<h3>\u00c7evre Dostu Se\u00e7im<\/h3>\n<p>Al\u00fcminyum d\u00f6k\u00fcm veranda mobilya par\u00e7alar\u0131n\u0131 se\u00e7mek sadece d\u0131\u015f mekan\u0131n\u0131z i\u00e7in de\u011fil, ayn\u0131 zamanda \u00e7evre i\u00e7in de harika bir yat\u0131r\u0131md\u0131r. Al\u00fcminyum y\u00fcksek oranda geri d\u00f6n\u00fc\u015ft\u00fcr\u00fclebilir bir malzemedir, bu da onu veranda mobilyas\u0131 \u00fcretimi i\u00e7in s\u00fcrd\u00fcr\u00fclebilir bir se\u00e7im haline getirir.<\/p>\n<p>Al\u00fcminyum d\u00f6k\u00fcm par\u00e7alar\u0131m\u0131z\u0131 se\u00e7erek, karbon ayak izinizi azaltmak ve daha ye\u015fil bir gelece\u011fe katk\u0131da bulunmak i\u00e7in bilin\u00e7li bir karar vermi\u015f olursunuz.<\/p>\n<h2>D\u0131\u015f Mekan\u0131n\u0131z\u0131 Bug\u00fcn D\u00f6n\u00fc\u015ft\u00fcr\u00fcn!<\/h2>\n<p>Veranda mobilyalar\u0131n\u0131z\u0131 y\u00fcksek kaliteli al\u00fcminyum d\u00f6k\u00fcm par\u00e7alar\u0131m\u0131zla y\u00fckseltin. G\u00fc\u00e7leri, dayan\u0131kl\u0131l\u0131klar\u0131 ve tasar\u0131m esneklikleri ile misafirlerinizi etkileyecek ve y\u0131llarca sonsuz keyif sa\u011flayacak \u015f\u0131k ve konforlu bir d\u0131\u015f mekan yaratabilirsiniz.<\/p>\n<p>\u00c7ok \u00e7e\u015fitli al\u00fcminyum d\u00f6k\u00fcm veranda mobilya par\u00e7alar\u0131m\u0131z\u0131 ke\u015ffetmek ve d\u0131\u015f mekan\u0131n\u0131z\u0131 d\u00f6n\u00fc\u015ft\u00fcrmeye ba\u015flamak i\u00e7in bug\u00fcn bize ula\u015f\u0131n!<\/p>","protected":false},"excerpt":{"rendered":"<p>Enhance Your Outdoor Space with Aluminum Die Casting Patio Furniture Parts Are you looking to upgrade your patio furniture? Look no further! Our high-quality aluminum die casting patio furniture parts are the perfect solution to transform your outdoor space into a stylish and comfortable oasis. The Benefits of Aluminum Die Casting Aluminum die casting is &hellip;<\/p>\n<p class=\"read-more\"> <a class=\"\" href=\"https:\/\/mk-product.com\/tr\/urun\/aluminum-die-casting-patio-furniture-parts\/\"> <span class=\"screen-reader-text\">Al\u00fcminyum D\u00f6k\u00fcm Veranda Mobilya Par\u00e7alar\u0131<\/span> Devam\u0131 &raquo;<\/a><\/p>","protected":false},"featured_media":1041,"template":"","meta":{"site-sidebar-layout":"default","site-content-layout":"","ast-site-content-layout":"default","site-content-style":"default","site-sidebar-style":"default","ast-global-header-display":"","ast-banner-title-visibility":"","ast-main-header-display":"","ast-hfb-above-header-display":"","ast-hfb-below-header-display":"","ast-hfb-mobile-header-display":"","site-post-title":"","ast-breadcrumbs-content":"","ast-featured-img":"","footer-sml-layout":"","theme-transparent-header-meta":"default","adv-header-id-meta":"","stick-header-meta":"","header-above-stick-meta":"","header-main-stick-meta":"","header-below-stick-meta":"","astra-migrate-meta-layouts":"set","ast-page-background-enabled":"default","ast-page-background-meta":{"desktop":{"background-color":"","background-image":"","background-repeat":"repeat","background-position":"center center","background-size":"auto","background-attachment":"scroll","background-type":"","background-media":"","overlay-type":"","overlay-color":"","overlay-gradient":""},"tablet":{"background-color":"","background-image":"","background-repeat":"repeat","background-position":"center center","background-size":"auto","background-attachment":"scroll","background-type":"","background-media":"","overlay-type":"","overlay-color":"","overlay-gradient":""},"mobile":{"background-color":"","background-image":"","background-repeat":"repeat","background-position":"center center","background-size":"auto","background-attachment":"scroll","background-type":"","background-media":"","overlay-type":"","overlay-color":"","overlay-gradient":""}},"ast-content-background-meta":{"desktop":{"background-color":"var(--ast-global-color-5)","background-image":"","background-repeat":"repeat","background-position":"center center","background-size":"auto","background-attachment":"scroll","background-type":"","background-media":"","overlay-type":"","overlay-color":"","overlay-gradient":""},"tablet":{"background-color":"var(--ast-global-color-5)","background-image":"","background-repeat":"repeat","background-position":"center center","background-size":"auto","background-attachment":"scroll","background-type":"","background-media":"","overlay-type":"","overlay-color":"","overlay-gradient":""},"mobile":{"background-color":"var(--ast-global-color-5)","background-image":"","background-repeat":"repeat","background-position":"center center","background-size":"auto","background-attachment":"scroll","background-type":"","background-media":"","overlay-type":"","overlay-color":"","overlay-gradient":""}}},"product_cat":[24],"product_tag":[],"yoast_head":"<!-- This site is optimized with the Yoast SEO plugin v21.7 - https:\/\/yoast.com\/wordpress\/plugins\/seo\/ -->\n<title>Aluminum Die Casting Patio Furniture Parts - mk-product.com<\/title>\n<meta name=\"robots\" content=\"index, follow, max-snippet:-1, max-image-preview:large, max-video-preview:-1\" \/>\n<link rel=\"canonical\" href=\"https:\/\/mk-product.com\/tr\/urun\/aluminum-die-casting-patio-furniture-parts\/\" \/>\n<meta property=\"og:locale\" content=\"tr_TR\" \/>\n<meta property=\"og:type\" content=\"article\" \/>\n<meta property=\"og:title\" content=\"Aluminum Die Casting Patio Furniture Parts - mk-product.com\" \/>\n<meta property=\"og:description\" content=\"Enhance Your Outdoor Space with Aluminum Die Casting Patio Furniture Parts Are you looking to upgrade your patio furniture? Look no further! Our high-quality aluminum die casting patio furniture parts are the perfect solution to transform your outdoor space into a stylish and comfortable oasis. The Benefits of Aluminum Die Casting Aluminum die casting is &hellip; Aluminum Die Casting Patio Furniture Parts Devam\u0131 &raquo;\" \/>\n<meta property=\"og:url\" content=\"https:\/\/mk-product.com\/tr\/urun\/aluminum-die-casting-patio-furniture-parts\/\" \/>\n<meta property=\"og:site_name\" content=\"mk-product.com\" \/>\n<meta property=\"article:modified_time\" content=\"2023-12-14T15:13:47+00:00\" \/>\n<meta property=\"og:image\" content=\"https:\/\/mk-product.com\/wp-content\/uploads\/2023\/12\/AYU9528-e1702391234855.webp\" \/>\n\t<meta property=\"og:image:width\" content=\"800\" \/>\n\t<meta property=\"og:image:height\" content=\"700\" \/>\n\t<meta property=\"og:image:type\" content=\"image\/webp\" \/>\n<meta name=\"twitter:card\" content=\"summary_large_image\" \/>\n<meta name=\"twitter:label1\" content=\"Tahmini okuma s\u00fcresi\" \/>\n\t<meta name=\"twitter:data1\" content=\"3 dakika\" \/>\n<script type=\"application\/ld+json\" class=\"yoast-schema-graph\">{\"@context\":\"https:\/\/schema.org\",\"@graph\":[{\"@type\":\"WebPage\",\"@id\":\"https:\/\/mk-product.com\/product\/aluminum-die-casting-patio-furniture-parts\/\",\"url\":\"https:\/\/mk-product.com\/product\/aluminum-die-casting-patio-furniture-parts\/\",\"name\":\"Aluminum Die Casting Patio Furniture Parts - mk-product.com\",\"isPartOf\":{\"@id\":\"https:\/\/mk-product.com\/#website\"},\"datePublished\":\"2023-12-12T14:19:39+00:00\",\"dateModified\":\"2023-12-14T15:13:47+00:00\",\"breadcrumb\":{\"@id\":\"https:\/\/mk-product.com\/product\/aluminum-die-casting-patio-furniture-parts\/#breadcrumb\"},\"inLanguage\":\"tr\",\"potentialAction\":[{\"@type\":\"ReadAction\",\"target\":[\"https:\/\/mk-product.com\/product\/aluminum-die-casting-patio-furniture-parts\/\"]}]},{\"@type\":\"BreadcrumbList\",\"@id\":\"https:\/\/mk-product.com\/product\/aluminum-die-casting-patio-furniture-parts\/#breadcrumb\",\"itemListElement\":[{\"@type\":\"ListItem\",\"position\":1,\"name\":\"Home\",\"item\":\"https:\/\/mk-product.com\/\"},{\"@type\":\"ListItem\",\"position\":2,\"name\":\"Products\",\"item\":\"https:\/\/mk-product.com\/products\/\"},{\"@type\":\"ListItem\",\"position\":3,\"name\":\"Aluminum Die Casting Patio Furniture Parts\"}]},{\"@type\":\"WebSite\",\"@id\":\"https:\/\/mk-product.com\/#website\",\"url\":\"https:\/\/mk-product.com\/\",\"name\":\"mk-product.com\",\"description\":\"\",\"publisher\":{\"@id\":\"https:\/\/mk-product.com\/#organization\"},\"potentialAction\":[{\"@type\":\"SearchAction\",\"target\":{\"@type\":\"EntryPoint\",\"urlTemplate\":\"https:\/\/mk-product.com\/?s={search_term_string}\"},\"query-input\":\"required name=search_term_string\"}],\"inLanguage\":\"tr\"},{\"@type\":\"Organization\",\"@id\":\"https:\/\/mk-product.com\/#organization\",\"name\":\"mk-product.com\",\"url\":\"https:\/\/mk-product.com\/\",\"logo\":{\"@type\":\"ImageObject\",\"inLanguage\":\"tr\",\"@id\":\"https:\/\/mk-product.com\/#\/schema\/logo\/image\/\",\"url\":\"https:\/\/mk-product.com\/wp-content\/uploads\/2023\/12\/cropped-MK-logo-final.png\",\"contentUrl\":\"https:\/\/mk-product.com\/wp-content\/uploads\/2023\/12\/cropped-MK-logo-final.png\",\"width\":780,\"height\":430,\"caption\":\"mk-product.com\"},\"image\":{\"@id\":\"https:\/\/mk-product.com\/#\/schema\/logo\/image\/\"}}]}<\/script>\n<!-- \/ Yoast SEO plugin. -->","yoast_head_json":{"title":"Aluminum Die Casting Patio Furniture Parts - mk-product.com","robots":{"index":"index","follow":"follow","max-snippet":"max-snippet:-1","max-image-preview":"max-image-preview:large","max-video-preview":"max-video-preview:-1"},"canonical":"https:\/\/mk-product.com\/tr\/urun\/aluminum-die-casting-patio-furniture-parts\/","og_locale":"tr_TR","og_type":"article","og_title":"Aluminum Die Casting Patio Furniture Parts - mk-product.com","og_description":"Enhance Your Outdoor Space with Aluminum Die Casting Patio Furniture Parts Are you looking to upgrade your patio furniture? Look no further! Our high-quality aluminum die casting patio furniture parts are the perfect solution to transform your outdoor space into a stylish and comfortable oasis. The Benefits of Aluminum Die Casting Aluminum die casting is &hellip; Aluminum Die Casting Patio Furniture Parts Devam\u0131 &raquo;","og_url":"https:\/\/mk-product.com\/tr\/urun\/aluminum-die-casting-patio-furniture-parts\/","og_site_name":"mk-product.com","article_modified_time":"2023-12-14T15:13:47+00:00","og_image":[{"width":800,"height":700,"url":"https:\/\/mk-product.com\/wp-content\/uploads\/2023\/12\/AYU9528-e1702391234855.webp","type":"image\/webp"}],"twitter_card":"summary_large_image","twitter_misc":{"Tahmini okuma s\u00fcresi":"3 dakika"},"schema":{"@context":"https:\/\/schema.org","@graph":[{"@type":"WebPage","@id":"https:\/\/mk-product.com\/product\/aluminum-die-casting-patio-furniture-parts\/","url":"https:\/\/mk-product.com\/product\/aluminum-die-casting-patio-furniture-parts\/","name":"Aluminum Die Casting Patio Furniture Parts - mk-product.com","isPartOf":{"@id":"https:\/\/mk-product.com\/#website"},"datePublished":"2023-12-12T14:19:39+00:00","dateModified":"2023-12-14T15:13:47+00:00","breadcrumb":{"@id":"https:\/\/mk-product.com\/product\/aluminum-die-casting-patio-furniture-parts\/#breadcrumb"},"inLanguage":"tr","potentialAction":[{"@type":"ReadAction","target":["https:\/\/mk-product.com\/product\/aluminum-die-casting-patio-furniture-parts\/"]}]},{"@type":"BreadcrumbList","@id":"https:\/\/mk-product.com\/product\/aluminum-die-casting-patio-furniture-parts\/#breadcrumb","itemListElement":[{"@type":"ListItem","position":1,"name":"Home","item":"https:\/\/mk-product.com\/"},{"@type":"ListItem","position":2,"name":"Products","item":"https:\/\/mk-product.com\/products\/"},{"@type":"ListItem","position":3,"name":"Aluminum Die Casting Patio Furniture Parts"}]},{"@type":"WebSite","@id":"https:\/\/mk-product.com\/#website","url":"https:\/\/mk-product.com\/","name":"mk-product.com","description":"","publisher":{"@id":"https:\/\/mk-product.com\/#organization"},"potentialAction":[{"@type":"SearchAction","target":{"@type":"EntryPoint","urlTemplate":"https:\/\/mk-product.com\/?s={search_term_string}"},"query-input":"required name=search_term_string"}],"inLanguage":"tr"},{"@type":"Organization","@id":"https:\/\/mk-product.com\/#organization","name":"mk-product.com","url":"https:\/\/mk-product.com\/","logo":{"@type":"ImageObject","inLanguage":"tr","@id":"https:\/\/mk-product.com\/#\/schema\/logo\/image\/","url":"https:\/\/mk-product.com\/wp-content\/uploads\/2023\/12\/cropped-MK-logo-final.png","contentUrl":"https:\/\/mk-product.com\/wp-content\/uploads\/2023\/12\/cropped-MK-logo-final.png","width":780,"height":430,"caption":"mk-product.com"},"image":{"@id":"https:\/\/mk-product.com\/#\/schema\/logo\/image\/"}}]}},"_links":{"self":[{"href":"https:\/\/mk-product.com\/tr\/wp-json\/wp\/v2\/product\/1040"}],"collection":[{"href":"https:\/\/mk-product.com\/tr\/wp-json\/wp\/v2\/product"}],"about":[{"href":"https:\/\/mk-product.com\/tr\/wp-json\/wp\/v2\/types\/product"}],"wp:featuredmedia":[{"embeddable":true,"href":"https:\/\/mk-product.com\/tr\/wp-json\/wp\/v2\/media\/1041"}],"wp:attachment":[{"href":"https:\/\/mk-product.com\/tr\/wp-json\/wp\/v2\/media?parent=1040"}],"wp:term":[{"taxonomy":"product_cat","embeddable":true,"href":"https:\/\/mk-product.com\/tr\/wp-json\/wp\/v2\/product_cat?post=1040"},{"taxonomy":"product_tag","embeddable":true,"href":"https:\/\/mk-product.com\/tr\/wp-json\/wp\/v2\/product_tag?post=1040"}],"curies":[{"name":"wp","href":"https:\/\/api.w.org\/{rel}","templated":true}]}}