{"id":1037,"date":"2023-12-12T22:16:12","date_gmt":"2023-12-12T14:16:12","guid":{"rendered":"https:\/\/mk-product.com\/product\/high-quality-die-cast-aluminum-heat-sink-for-efficient-heat-dissipation\/"},"modified":"2023-12-14T05:19:24","modified_gmt":"2023-12-14T15:19:24","slug":"die-casting-aluminum-alloy-heat-sink","status":"publish","type":"product","link":"https:\/\/mk-product.com\/tr\/urun\/die-casting-aluminum-alloy-heat-sink\/","title":{"rendered":"D\u00f6k\u00fcm Al\u00fcminyum ala\u015f\u0131ml\u0131 Is\u0131 Emici"},"content":{"rendered":"<div>\n<h1>Verimli Is\u0131 Da\u011f\u0131t\u0131m\u0131 i\u00e7in Y\u00fcksek Kaliteli D\u00f6k\u00fcm Al\u00fcminyum Is\u0131 Emici<\/h1>\n<p>Elektronik cihazlarda \u0131s\u0131y\u0131 etkin bir \u015fekilde y\u00f6netmek s\u00f6z konusu oldu\u011funda, g\u00fcvenilir bir so\u011futucu \u00e7ok \u00f6nemlidir. D\u00f6k\u00fcm al\u00fcminyum \u0131s\u0131 emicimiz, \u0131s\u0131y\u0131 verimli bir \u015fekilde da\u011f\u0131tarak elektronik bile\u015fenlerinizin optimum performans\u0131n\u0131 ve uzun \u00f6m\u00fcrl\u00fcl\u00fc\u011f\u00fcn\u00fc sa\u011flamak i\u00e7in tasarlanm\u0131\u015ft\u0131r.<\/p>\n<h2>Neden D\u00f6k\u00fcm Al\u00fcminyum Is\u0131 Emicimizi Se\u00e7melisiniz?<\/h2>\n<p>D\u00f6k\u00fcm al\u00fcminyum \u0131s\u0131 emicimiz, ola\u011fan\u00fcst\u00fc \u0131s\u0131 da\u011f\u0131tma yetenekleri sunmak i\u00e7in y\u00fcksek kaliteli malzemeler ve geli\u015fmi\u015f teknikler kullan\u0131larak \u00fcretilmi\u015ftir. \u0130\u015fte elektronik cihazlar\u0131n\u0131z i\u00e7in \u0131s\u0131 emicimizi se\u00e7meniz i\u00e7in baz\u0131 temel nedenler:<\/p>\n<ol>\n<li><strong>\u00dcst\u00fcn Termal \u0130letkenlik:<\/strong> Is\u0131 emicimiz, m\u00fckemmel termal iletkenlik sunan d\u00f6k\u00fcm al\u00fcminyumdan yap\u0131lm\u0131\u015ft\u0131r. Bu, \u0131s\u0131y\u0131 elektronik bile\u015fenlerinizden etkili bir \u015fekilde uzakla\u015ft\u0131rabilece\u011fi, a\u015f\u0131r\u0131 \u0131s\u0131nmay\u0131 \u00f6nleyebilece\u011fi ve genel performans\u0131 art\u0131rabilece\u011fi anlam\u0131na gelir.<\/li>\n<li><strong>Dayan\u0131kl\u0131 ve Hafif:<\/strong> Is\u0131 emicimizin al\u00fcminyum d\u00f6k\u00fcm yap\u0131s\u0131 hem dayan\u0131kl\u0131l\u0131k hem de hafiflik \u00f6zellikleri sa\u011flar. Bu sayede a\u011f\u0131rl\u0131k ve alan\u0131n \u00f6nemli oldu\u011fu uygulamalar i\u00e7in idealdir.<\/li>\n<li><strong>Optimize Edilmi\u015f Fin Tasar\u0131m\u0131:<\/strong> Is\u0131 emicimizin kanat tasar\u0131m\u0131, y\u00fczey alan\u0131n\u0131 en \u00fcst d\u00fczeye \u00e7\u0131karmak ve \u0131s\u0131 da\u011f\u0131l\u0131m\u0131n\u0131 art\u0131rmak i\u00e7in dikkatlice optimize edilmi\u015ftir. Bu, zorlu uygulamalarda bile verimli so\u011futma sa\u011flar.<\/li>\n<li><strong>Kolay Kurulum:<\/strong> Is\u0131 emicimiz, \u00f6nceden delinmi\u015f montaj delikleri ve \u00e7e\u015fitli montaj se\u00e7enekleri ile kolay kurulum i\u00e7in tasarlanm\u0131\u015ft\u0131r. Bu, elektronik cihazlar\u0131n\u0131za sorunsuz bir entegrasyon sa\u011flar.<\/li>\n<li><strong>Geni\u015f Boyut ve Konfig\u00fcrasyon Yelpazesi:<\/strong> Farkl\u0131 uygulamalara ve gereksinimlere uygun geni\u015f bir boyut ve konfig\u00fcrasyon yelpazesi sunuyoruz. \u0130ster kompakt bir cihaz i\u00e7in k\u00fc\u00e7\u00fck bir \u0131s\u0131 emiciye, ister y\u00fcksek g\u00fc\u00e7l\u00fc uygulamalar i\u00e7in daha b\u00fcy\u00fck bir \u0131s\u0131 emiciye ihtiyac\u0131n\u0131z olsun, sizi teminat alt\u0131na al\u0131yoruz.<\/li>\n<\/ol>\n<h2>D\u00f6k\u00fcm Al\u00fcminyum Is\u0131 Emici Uygulamalar\u0131<\/h2>\n<p>D\u00f6k\u00fcm al\u00fcminyum \u0131s\u0131 emicimiz, bunlarla s\u0131n\u0131rl\u0131 olmamak \u00fczere \u00e7e\u015fitli end\u00fcstrilerde ve elektronik cihazlarda uygulama alan\u0131 bulmaktad\u0131r:<\/p>\n<ul>\n<li>Bilgisayarlar ve sunucular<\/li>\n<li>LED ayd\u0131nlatma<\/li>\n<li>G\u00fc\u00e7 kaynaklar\u0131<\/li>\n<li>Motor s\u00fcr\u00fcc\u00fcleri<\/li>\n<li>Telekom\u00fcnikasyon ekipmanlar\u0131<\/li>\n<li>Ses y\u00fckselticileri<\/li>\n<li>End\u00fcstriyel ekipman<\/li>\n<\/ul>\n<p>\u00c7ok y\u00f6nl\u00fcl\u00fc\u011f\u00fc ve ola\u011fan\u00fcst\u00fc \u0131s\u0131 da\u011f\u0131tma \u00f6zellikleriyle, \u0131s\u0131 emicimiz \u00e7ok \u00e7e\u015fitli uygulamalar i\u00e7in g\u00fcvenilir bir se\u00e7imdir.<\/p>\n<h2>\u00d6zelle\u015ftirme Se\u00e7enekleri<\/h2>\n<p>Farkl\u0131 projelerin benzersiz gereksinimleri oldu\u011funu biliyoruz. Bu nedenle d\u00f6k\u00fcm al\u00fcminyum \u0131s\u0131 emicimiz i\u00e7in \u00f6zelle\u015ftirme se\u00e7enekleri sunuyoruz. \u0130ster belirli bir boyuta, \u015fekle veya y\u00fczey kaplamas\u0131na ihtiyac\u0131n\u0131z olsun, deneyimli ekibimiz tam spesifikasyonlar\u0131n\u0131z\u0131 kar\u015f\u0131layan bir \u0131s\u0131 emici olu\u015fturmak i\u00e7in sizinle birlikte \u00e7al\u0131\u015fabilir.<\/p>\n<h2>Kalite G\u00fcvence<\/h2>\n<p>\u015eirketimizde kalite en \u00f6nemli \u00f6nceli\u011fimizdir. D\u00f6k\u00fcm al\u00fcminyum \u0131s\u0131 emicimiz, en y\u00fcksek performans ve dayan\u0131kl\u0131l\u0131k standartlar\u0131n\u0131 kar\u015f\u0131lad\u0131\u011f\u0131ndan emin olmak i\u00e7in titiz test ve incelemelerden ge\u00e7er. M\u00fc\u015fteri beklentilerini a\u015fan \u00fcr\u00fcnler sunmay\u0131 taahh\u00fct ediyoruz.<\/p>\n<h2>Bize Ula\u015f\u0131n<\/h2>\n<p>Elektronik cihazlar\u0131n\u0131z i\u00e7in y\u00fcksek kaliteli bir al\u00fcminyum d\u00f6k\u00fcm so\u011futucu ar\u0131yorsan\u0131z, ba\u015fka yere bakman\u0131za gerek yok. \u0130htiya\u00e7lar\u0131n\u0131z\u0131 g\u00f6r\u00fc\u015fmek i\u00e7in bug\u00fcn bize ula\u015f\u0131n ve ekibimizin m\u00fckemmel \u00e7\u00f6z\u00fcm\u00fc bulman\u0131zda size yard\u0131mc\u0131 olmas\u0131na izin verin.<\/p>\n<\/div>","protected":false},"excerpt":{"rendered":"<p>High-Quality Die Cast Aluminum Heat Sink for Efficient Heat Dissipation When it comes to effectively managing heat in electronic devices, a reliable heat sink is essential. Our die cast aluminum heat sink is designed to efficiently dissipate heat, ensuring optimal performance and longevity of your electronic components. Why Choose Our Die Cast Aluminum Heat Sink? &hellip;<\/p>\n<p class=\"read-more\"> <a class=\"\" href=\"https:\/\/mk-product.com\/tr\/urun\/die-casting-aluminum-alloy-heat-sink\/\"> <span class=\"screen-reader-text\">D\u00f6k\u00fcm Al\u00fcminyum ala\u015f\u0131ml\u0131 Is\u0131 Emici<\/span> Devam\u0131 &raquo;<\/a><\/p>","protected":false},"featured_media":1038,"template":"","meta":{"site-sidebar-layout":"default","site-content-layout":"","ast-site-content-layout":"default","site-content-style":"default","site-sidebar-style":"default","ast-global-header-display":"","ast-banner-title-visibility":"","ast-main-header-display":"","ast-hfb-above-header-display":"","ast-hfb-below-header-display":"","ast-hfb-mobile-header-display":"","site-post-title":"","ast-breadcrumbs-content":"","ast-featured-img":"","footer-sml-layout":"","theme-transparent-header-meta":"default","adv-header-id-meta":"","stick-header-meta":"","header-above-stick-meta":"","header-main-stick-meta":"","header-below-stick-meta":"","astra-migrate-meta-layouts":"set","ast-page-background-enabled":"default","ast-page-background-meta":{"desktop":{"background-color":"","background-image":"","background-repeat":"repeat","background-position":"center center","background-size":"auto","background-attachment":"scroll","background-type":"","background-media":"","overlay-type":"","overlay-color":"","overlay-gradient":""},"tablet":{"background-color":"","background-image":"","background-repeat":"repeat","background-position":"center center","background-size":"auto","background-attachment":"scroll","background-type":"","background-media":"","overlay-type":"","overlay-color":"","overlay-gradient":""},"mobile":{"background-color":"","background-image":"","background-repeat":"repeat","background-position":"center center","background-size":"auto","background-attachment":"scroll","background-type":"","background-media":"","overlay-type":"","overlay-color":"","overlay-gradient":""}},"ast-content-background-meta":{"desktop":{"background-color":"var(--ast-global-color-5)","background-image":"","background-repeat":"repeat","background-position":"center center","background-size":"auto","background-attachment":"scroll","background-type":"","background-media":"","overlay-type":"","overlay-color":"","overlay-gradient":""},"tablet":{"background-color":"var(--ast-global-color-5)","background-image":"","background-repeat":"repeat","background-position":"center center","background-size":"auto","background-attachment":"scroll","background-type":"","background-media":"","overlay-type":"","overlay-color":"","overlay-gradient":""},"mobile":{"background-color":"var(--ast-global-color-5)","background-image":"","background-repeat":"repeat","background-position":"center center","background-size":"auto","background-attachment":"scroll","background-type":"","background-media":"","overlay-type":"","overlay-color":"","overlay-gradient":""}}},"product_cat":[24],"product_tag":[],"yoast_head":"<!-- This site is optimized with the Yoast SEO plugin v21.7 - https:\/\/yoast.com\/wordpress\/plugins\/seo\/ -->\n<title>Die Casting Aluminum alloy Heat Sink - mk-product.com<\/title>\n<meta name=\"robots\" content=\"index, follow, max-snippet:-1, max-image-preview:large, max-video-preview:-1\" \/>\n<link rel=\"canonical\" href=\"https:\/\/mk-product.com\/tr\/urun\/die-casting-aluminum-alloy-heat-sink\/\" \/>\n<meta property=\"og:locale\" content=\"tr_TR\" \/>\n<meta property=\"og:type\" content=\"article\" \/>\n<meta property=\"og:title\" content=\"Die Casting Aluminum alloy Heat Sink - mk-product.com\" \/>\n<meta property=\"og:description\" content=\"High-Quality Die Cast Aluminum Heat Sink for Efficient Heat Dissipation When it comes to effectively managing heat in electronic devices, a reliable heat sink is essential. Our die cast aluminum heat sink is designed to efficiently dissipate heat, ensuring optimal performance and longevity of your electronic components. Why Choose Our Die Cast Aluminum Heat Sink? &hellip; Die Casting Aluminum alloy Heat Sink Devam\u0131 &raquo;\" \/>\n<meta property=\"og:url\" content=\"https:\/\/mk-product.com\/tr\/urun\/die-casting-aluminum-alloy-heat-sink\/\" \/>\n<meta property=\"og:site_name\" content=\"mk-product.com\" \/>\n<meta property=\"article:modified_time\" content=\"2023-12-14T15:19:24+00:00\" \/>\n<meta property=\"og:image\" content=\"https:\/\/mk-product.com\/wp-content\/uploads\/2023\/12\/AYU9494-e1702391313313.webp\" \/>\n\t<meta property=\"og:image:width\" content=\"800\" \/>\n\t<meta property=\"og:image:height\" content=\"705\" \/>\n\t<meta property=\"og:image:type\" content=\"image\/webp\" \/>\n<meta name=\"twitter:card\" content=\"summary_large_image\" \/>\n<meta name=\"twitter:label1\" content=\"Tahmini okuma s\u00fcresi\" \/>\n\t<meta name=\"twitter:data1\" content=\"2 dakika\" \/>\n<script type=\"application\/ld+json\" class=\"yoast-schema-graph\">{\"@context\":\"https:\/\/schema.org\",\"@graph\":[{\"@type\":\"WebPage\",\"@id\":\"https:\/\/mk-product.com\/product\/die-casting-aluminum-alloy-heat-sink\/\",\"url\":\"https:\/\/mk-product.com\/product\/die-casting-aluminum-alloy-heat-sink\/\",\"name\":\"Die Casting Aluminum alloy Heat Sink - mk-product.com\",\"isPartOf\":{\"@id\":\"https:\/\/mk-product.com\/#website\"},\"datePublished\":\"2023-12-12T14:16:12+00:00\",\"dateModified\":\"2023-12-14T15:19:24+00:00\",\"breadcrumb\":{\"@id\":\"https:\/\/mk-product.com\/product\/die-casting-aluminum-alloy-heat-sink\/#breadcrumb\"},\"inLanguage\":\"tr\",\"potentialAction\":[{\"@type\":\"ReadAction\",\"target\":[\"https:\/\/mk-product.com\/product\/die-casting-aluminum-alloy-heat-sink\/\"]}]},{\"@type\":\"BreadcrumbList\",\"@id\":\"https:\/\/mk-product.com\/product\/die-casting-aluminum-alloy-heat-sink\/#breadcrumb\",\"itemListElement\":[{\"@type\":\"ListItem\",\"position\":1,\"name\":\"Home\",\"item\":\"https:\/\/mk-product.com\/\"},{\"@type\":\"ListItem\",\"position\":2,\"name\":\"Products\",\"item\":\"https:\/\/mk-product.com\/products\/\"},{\"@type\":\"ListItem\",\"position\":3,\"name\":\"Die Casting Aluminum alloy Heat Sink\"}]},{\"@type\":\"WebSite\",\"@id\":\"https:\/\/mk-product.com\/#website\",\"url\":\"https:\/\/mk-product.com\/\",\"name\":\"mk-product.com\",\"description\":\"\",\"publisher\":{\"@id\":\"https:\/\/mk-product.com\/#organization\"},\"potentialAction\":[{\"@type\":\"SearchAction\",\"target\":{\"@type\":\"EntryPoint\",\"urlTemplate\":\"https:\/\/mk-product.com\/?s={search_term_string}\"},\"query-input\":\"required name=search_term_string\"}],\"inLanguage\":\"tr\"},{\"@type\":\"Organization\",\"@id\":\"https:\/\/mk-product.com\/#organization\",\"name\":\"mk-product.com\",\"url\":\"https:\/\/mk-product.com\/\",\"logo\":{\"@type\":\"ImageObject\",\"inLanguage\":\"tr\",\"@id\":\"https:\/\/mk-product.com\/#\/schema\/logo\/image\/\",\"url\":\"https:\/\/mk-product.com\/wp-content\/uploads\/2023\/12\/cropped-MK-logo-final.png\",\"contentUrl\":\"https:\/\/mk-product.com\/wp-content\/uploads\/2023\/12\/cropped-MK-logo-final.png\",\"width\":780,\"height\":430,\"caption\":\"mk-product.com\"},\"image\":{\"@id\":\"https:\/\/mk-product.com\/#\/schema\/logo\/image\/\"}}]}<\/script>\n<!-- \/ Yoast SEO plugin. -->","yoast_head_json":{"title":"Die Casting Aluminum alloy Heat Sink - mk-product.com","robots":{"index":"index","follow":"follow","max-snippet":"max-snippet:-1","max-image-preview":"max-image-preview:large","max-video-preview":"max-video-preview:-1"},"canonical":"https:\/\/mk-product.com\/tr\/urun\/die-casting-aluminum-alloy-heat-sink\/","og_locale":"tr_TR","og_type":"article","og_title":"Die Casting Aluminum alloy Heat Sink - mk-product.com","og_description":"High-Quality Die Cast Aluminum Heat Sink for Efficient Heat Dissipation When it comes to effectively managing heat in electronic devices, a reliable heat sink is essential. Our die cast aluminum heat sink is designed to efficiently dissipate heat, ensuring optimal performance and longevity of your electronic components. Why Choose Our Die Cast Aluminum Heat Sink? &hellip; Die Casting Aluminum alloy Heat Sink Devam\u0131 &raquo;","og_url":"https:\/\/mk-product.com\/tr\/urun\/die-casting-aluminum-alloy-heat-sink\/","og_site_name":"mk-product.com","article_modified_time":"2023-12-14T15:19:24+00:00","og_image":[{"width":800,"height":705,"url":"https:\/\/mk-product.com\/wp-content\/uploads\/2023\/12\/AYU9494-e1702391313313.webp","type":"image\/webp"}],"twitter_card":"summary_large_image","twitter_misc":{"Tahmini okuma s\u00fcresi":"2 dakika"},"schema":{"@context":"https:\/\/schema.org","@graph":[{"@type":"WebPage","@id":"https:\/\/mk-product.com\/product\/die-casting-aluminum-alloy-heat-sink\/","url":"https:\/\/mk-product.com\/product\/die-casting-aluminum-alloy-heat-sink\/","name":"Die Casting Aluminum alloy Heat Sink - mk-product.com","isPartOf":{"@id":"https:\/\/mk-product.com\/#website"},"datePublished":"2023-12-12T14:16:12+00:00","dateModified":"2023-12-14T15:19:24+00:00","breadcrumb":{"@id":"https:\/\/mk-product.com\/product\/die-casting-aluminum-alloy-heat-sink\/#breadcrumb"},"inLanguage":"tr","potentialAction":[{"@type":"ReadAction","target":["https:\/\/mk-product.com\/product\/die-casting-aluminum-alloy-heat-sink\/"]}]},{"@type":"BreadcrumbList","@id":"https:\/\/mk-product.com\/product\/die-casting-aluminum-alloy-heat-sink\/#breadcrumb","itemListElement":[{"@type":"ListItem","position":1,"name":"Home","item":"https:\/\/mk-product.com\/"},{"@type":"ListItem","position":2,"name":"Products","item":"https:\/\/mk-product.com\/products\/"},{"@type":"ListItem","position":3,"name":"Die Casting Aluminum alloy Heat Sink"}]},{"@type":"WebSite","@id":"https:\/\/mk-product.com\/#website","url":"https:\/\/mk-product.com\/","name":"mk-product.com","description":"","publisher":{"@id":"https:\/\/mk-product.com\/#organization"},"potentialAction":[{"@type":"SearchAction","target":{"@type":"EntryPoint","urlTemplate":"https:\/\/mk-product.com\/?s={search_term_string}"},"query-input":"required name=search_term_string"}],"inLanguage":"tr"},{"@type":"Organization","@id":"https:\/\/mk-product.com\/#organization","name":"mk-product.com","url":"https:\/\/mk-product.com\/","logo":{"@type":"ImageObject","inLanguage":"tr","@id":"https:\/\/mk-product.com\/#\/schema\/logo\/image\/","url":"https:\/\/mk-product.com\/wp-content\/uploads\/2023\/12\/cropped-MK-logo-final.png","contentUrl":"https:\/\/mk-product.com\/wp-content\/uploads\/2023\/12\/cropped-MK-logo-final.png","width":780,"height":430,"caption":"mk-product.com"},"image":{"@id":"https:\/\/mk-product.com\/#\/schema\/logo\/image\/"}}]}},"_links":{"self":[{"href":"https:\/\/mk-product.com\/tr\/wp-json\/wp\/v2\/product\/1037"}],"collection":[{"href":"https:\/\/mk-product.com\/tr\/wp-json\/wp\/v2\/product"}],"about":[{"href":"https:\/\/mk-product.com\/tr\/wp-json\/wp\/v2\/types\/product"}],"wp:featuredmedia":[{"embeddable":true,"href":"https:\/\/mk-product.com\/tr\/wp-json\/wp\/v2\/media\/1038"}],"wp:attachment":[{"href":"https:\/\/mk-product.com\/tr\/wp-json\/wp\/v2\/media?parent=1037"}],"wp:term":[{"taxonomy":"product_cat","embeddable":true,"href":"https:\/\/mk-product.com\/tr\/wp-json\/wp\/v2\/product_cat?post=1037"},{"taxonomy":"product_tag","embeddable":true,"href":"https:\/\/mk-product.com\/tr\/wp-json\/wp\/v2\/product_tag?post=1037"}],"curies":[{"name":"wp","href":"https:\/\/api.w.org\/{rel}","templated":true}]}}