{"id":694,"date":"2023-12-02T17:25:58","date_gmt":"2023-12-02T09:25:58","guid":{"rendered":"https:\/\/mk-product.com\/?post_type=product&#038;p=694"},"modified":"2023-12-14T05:14:50","modified_gmt":"2023-12-14T15:14:50","slug":"automotive-plastic-injection-molded-parts","status":"publish","type":"product","link":"https:\/\/mk-product.com\/pl\/produkt\/automotive-plastic-injection-molded-parts\/","title":{"rendered":"Cz\u0119\u015bci samochodowe formowane wtryskowo z tworzyw sztucznych"},"content":{"rendered":"<h2>Wprowadzenie<\/h2>\n<p>Cz\u0119\u015bci samochodowe formowane wtryskowo odgrywaj\u0105 kluczow\u0105 rol\u0119 w procesie produkcji pojazd\u00f3w. Cz\u0119\u015bci te s\u0105 produkowane przy u\u017cyciu zaawansowanej technologii formowania wtryskowego, kt\u00f3ra pozwala na tworzenie z\u0142o\u017conych i precyzyjnych komponent\u00f3w. Dzi\u0119ki wysokiej wytrzyma\u0142o\u015bci, trwa\u0142o\u015bci i op\u0142acalno\u015bci, cz\u0119\u015bci samochodowe formowane wtryskowo sta\u0142y si\u0119 integraln\u0105 cz\u0119\u015bci\u0105 przemys\u0142u motoryzacyjnego.<\/p>\n<h2>Zalety cz\u0119\u015bci samochodowych formowanych wtryskowo<\/h2>\n<p>1. <strong>Wytrzyma\u0142o\u015b\u0107 i trwa\u0142o\u015b\u0107:<\/strong> Cz\u0119\u015bci samochodowe formowane wtryskowo s\u0105 znane ze swojej wyj\u0105tkowej wytrzyma\u0142o\u015bci i trwa\u0142o\u015bci. Cz\u0119\u015bci te zosta\u0142y zaprojektowane tak, aby wytrzyma\u0107 rygory codziennego u\u017cytkowania i trudne warunki \u015brodowiskowe, zapewniaj\u0105c d\u0142ugotrwa\u0142\u0105 wydajno\u015b\u0107 i niezawodno\u015b\u0107.<\/p>\n<p>2. <strong>Precyzja i sp\u00f3jno\u015b\u0107:<\/strong> Technologia formowania wtryskowego umo\u017cliwia produkcj\u0119 cz\u0119\u015bci samochodowych z wysok\u0105 precyzj\u0105 i sp\u00f3jno\u015bci\u0105. Zapewnia to, \u017ce ka\u017cda cz\u0119\u015b\u0107 spe\u0142nia wymagane specyfikacje, co prowadzi do lepszej og\u00f3lnej wydajno\u015bci pojazdu.<\/p>\n<p>3. <strong>Efektywno\u015b\u0107 kosztowa:<\/strong> Formowanie wtryskowe pozwala na masow\u0105 produkcj\u0119 cz\u0119\u015bci samochodowych, co skutkuje ni\u017cszymi kosztami produkcji. Ta op\u0142acalno\u015b\u0107 jest korzystna zar\u00f3wno dla producent\u00f3w, jak i konsument\u00f3w, poniewa\u017c pomaga obni\u017cy\u0107 og\u00f3ln\u0105 cen\u0119 pojazd\u00f3w bez uszczerbku dla jako\u015bci.<\/p>\n<p>4. <strong>Lekka konstrukcja:<\/strong> Cz\u0119\u015bci samochodowe formowane wtryskowo mog\u0105 by\u0107 projektowane z lekkich materia\u0142\u00f3w, takich jak tworzywa sztuczne i kompozyty. Nie tylko zmniejsza to wag\u0119 pojazdu, ale tak\u017ce poprawia wydajno\u015b\u0107 paliwow\u0105 i zmniejsza emisj\u0119 spalin.<\/p>\n<p>5. <strong>Elastyczno\u015b\u0107 konstrukcji:<\/strong> Formowanie wtryskowe oferuje wysoki poziom elastyczno\u015bci projektowania, pozwalaj\u0105c na tworzenie z\u0142o\u017conych kszta\u0142t\u00f3w i skomplikowanych detali. Umo\u017cliwia to projektantom motoryzacyjnym odkrywanie innowacyjnych projekt\u00f3w i w\u0142\u0105czanie zaawansowanych funkcji do swoich pojazd\u00f3w.<\/p>\n<h2>Zastosowania cz\u0119\u015bci samochodowych formowanych wtryskowo<\/h2>\n<p>1. <strong>Elementy wewn\u0119trzne:<\/strong> Cz\u0119\u015bci formowane wtryskowo s\u0105 szeroko stosowane we wn\u0119trzach pojazd\u00f3w. Obejmuj\u0105 one elementy deski rozdzielczej, panele drzwi, konstrukcje siedze\u0144, zestawy wska\u017anik\u00f3w i cz\u0119\u015bci konsoli. Precyzyjny proces formowania zapewnia idealne dopasowanie i wyko\u0144czenie, zwi\u0119kszaj\u0105c og\u00f3ln\u0105 estetyk\u0119 i komfort pojazdu.<\/p>\n<p>2. <strong>Elementy zewn\u0119trzne:<\/strong> Cz\u0119\u015bci samochodowe formowane wtryskowo s\u0105 r\u00f3wnie\u017c stosowane na zewn\u0105trz pojazd\u00f3w. Nale\u017c\u0105 do nich zderzaki, kratki, b\u0142otniki, spojlery i panele nadwozia. Wysoka wytrzyma\u0142o\u015b\u0107 i odporno\u015b\u0107 na uderzenia tych cz\u0119\u015bci zapewnia ochron\u0119 pojazdu i jego pasa\u017cer\u00f3w.<\/p>\n<p>3. <strong>Komponenty silnika i uk\u0142adu nap\u0119dowego:<\/strong> Cz\u0119\u015bci formowane wtryskowo s\u0105 stosowane w silnikach i uk\u0142adach nap\u0119dowych pojazd\u00f3w. Obejmuj\u0105 one kolektory dolotowe, pokrywy zawor\u00f3w, mocowania silnika i elementy skrzyni bieg\u00f3w. Precyzyjny proces formowania zapewnia \u015bcis\u0142e dopasowanie i optymaln\u0105 wydajno\u015b\u0107 tych krytycznych komponent\u00f3w.<\/p>\n<p>4. <strong>Komponenty elektryczne i elektroniczne:<\/strong> Cz\u0119\u015bci formowane wtryskowo s\u0105 stosowane w r\u00f3\u017cnych systemach elektrycznych i elektronicznych pojazd\u00f3w. Nale\u017c\u0105 do nich z\u0142\u0105cza, obudowy, prze\u0142\u0105czniki i elementy czujnik\u00f3w. Wysoka precyzja i stabilno\u015b\u0107 wymiarowa tych cz\u0119\u015bci zapewnia niezawodne po\u0142\u0105czenia elektryczne i prawid\u0142owe funkcjonowanie system\u00f3w elektronicznych pojazdu.<\/p>\n<p>5. <strong>Elementy bezpiecze\u0144stwa:<\/strong> Cz\u0119\u015bci formowane wtryskowo maj\u0105 kluczowe znaczenie dla zapewnienia bezpiecze\u0144stwa pojazd\u00f3w i ich pasa\u017cer\u00f3w. Obejmuj\u0105 one obudowy poduszek powietrznych, elementy pas\u00f3w bezpiecze\u0144stwa i wzmocnienia strukturalne. Wysoka wytrzyma\u0142o\u015b\u0107 i odporno\u015b\u0107 na uderzenia tych cz\u0119\u015bci zapewnia zwi\u0119kszone bezpiecze\u0144stwo w przypadku kolizji.<\/p>\n<h2>Zapewnienie jako\u015bci i zgodno\u015bci<\/h2>\n<p>Cz\u0119\u015bci samochodowe formowane wtryskowo przechodz\u0105 rygorystyczne procesy zapewniania jako\u015bci, aby zagwarantowa\u0107 ich niezawodno\u015b\u0107, wydajno\u015b\u0107 i zgodno\u015b\u0107 z normami bran\u017cowymi. Cz\u0119\u015bci te s\u0105 wytwarzane przy u\u017cyciu wysokiej jako\u015bci materia\u0142\u00f3w i zaawansowanych technik formowania. Ponadto producenci przestrzegaj\u0105 \u015bcis\u0142ych \u015brodk\u00f3w kontroli jako\u015bci, aby zachowa\u0107 sp\u00f3jno\u015b\u0107 i spe\u0142ni\u0107 okre\u015blone wymagania producent\u00f3w samochod\u00f3w.<\/p>\n<h2>Wnioski<\/h2>\n<p>Cz\u0119\u015bci samochodowe formowane wtryskowo s\u0105 niezb\u0119dnymi komponentami w produkcji pojazd\u00f3w. Dzi\u0119ki swojej wytrzyma\u0142o\u015bci, trwa\u0142o\u015bci, op\u0142acalno\u015bci i elastyczno\u015bci konstrukcyjnej, cz\u0119\u015bci te przyczyniaj\u0105 si\u0119 do og\u00f3lnej wydajno\u015bci i niezawodno\u015bci pojazd\u00f3w. Niezale\u017cnie od tego, czy chodzi o elementy wewn\u0119trzne czy zewn\u0119trzne, silnik i uk\u0142ad nap\u0119dowy, uk\u0142ady elektryczne i elektroniczne czy elementy bezpiecze\u0144stwa, cz\u0119\u015bci formowane wtryskowo odgrywaj\u0105 istotn\u0105 rol\u0119 w zwi\u0119kszaniu osi\u0105g\u00f3w pojazdu i zapewnianiu bezpiecze\u0144stwa zar\u00f3wno kierowcom, jak i pasa\u017cerom.<\/p>","protected":false},"excerpt":{"rendered":"<p>Introduction Automotive injection molded parts play a crucial role in the manufacturing process of vehicles. These parts are produced using advanced injection molding technology, which allows for the creation of complex and precise components. With their high strength, durability, and cost-effectiveness, automotive injection molded parts have become an integral part of the automotive industry. Benefits &hellip;<\/p>\n<p class=\"read-more\"> <a class=\"\" href=\"https:\/\/mk-product.com\/pl\/produkt\/automotive-plastic-injection-molded-parts\/\"> <span class=\"screen-reader-text\">Cz\u0119\u015bci samochodowe formowane wtryskowo z tworzyw sztucznych<\/span> Read More &raquo;<\/a><\/p>","protected":false},"featured_media":599,"template":"","meta":{"site-sidebar-layout":"default","site-content-layout":"","ast-site-content-layout":"default","site-content-style":"default","site-sidebar-style":"default","ast-global-header-display":"","ast-banner-title-visibility":"","ast-main-header-display":"","ast-hfb-above-header-display":"","ast-hfb-below-header-display":"","ast-hfb-mobile-header-display":"","site-post-title":"","ast-breadcrumbs-content":"","ast-featured-img":"","footer-sml-layout":"","theme-transparent-header-meta":"default","adv-header-id-meta":"","stick-header-meta":"","header-above-stick-meta":"","header-main-stick-meta":"","header-below-stick-meta":"","astra-migrate-meta-layouts":"set","ast-page-background-enabled":"default","ast-page-background-meta":{"desktop":{"background-color":"","background-image":"","background-repeat":"repeat","background-position":"center center","background-size":"auto","background-attachment":"scroll","background-type":"","background-media":"","overlay-type":"","overlay-color":"","overlay-gradient":""},"tablet":{"background-color":"","background-image":"","background-repeat":"repeat","background-position":"center center","background-size":"auto","background-attachment":"scroll","background-type":"","background-media":"","overlay-type":"","overlay-color":"","overlay-gradient":""},"mobile":{"background-color":"","background-image":"","background-repeat":"repeat","background-position":"center center","background-size":"auto","background-attachment":"scroll","background-type":"","background-media":"","overlay-type":"","overlay-color":"","overlay-gradient":""}},"ast-content-background-meta":{"desktop":{"background-color":"var(--ast-global-color-5)","background-image":"","background-repeat":"repeat","background-position":"center center","background-size":"auto","background-attachment":"scroll","background-type":"","background-media":"","overlay-type":"","overlay-color":"","overlay-gradient":""},"tablet":{"background-color":"var(--ast-global-color-5)","background-image":"","background-repeat":"repeat","background-position":"center center","background-size":"auto","background-attachment":"scroll","background-type":"","background-media":"","overlay-type":"","overlay-color":"","overlay-gradient":""},"mobile":{"background-color":"var(--ast-global-color-5)","background-image":"","background-repeat":"repeat","background-position":"center center","background-size":"auto","background-attachment":"scroll","background-type":"","background-media":"","overlay-type":"","overlay-color":"","overlay-gradient":""}}},"product_cat":[23],"product_tag":[],"yoast_head":"<!-- This site is optimized with the Yoast SEO plugin v21.7 - https:\/\/yoast.com\/wordpress\/plugins\/seo\/ -->\n<title>Automotive Plastic Injection Molded Parts - mk-product.com<\/title>\n<meta name=\"robots\" content=\"index, follow, max-snippet:-1, max-image-preview:large, max-video-preview:-1\" \/>\n<link rel=\"canonical\" href=\"https:\/\/mk-product.com\/pl\/produkt\/automotive-plastic-injection-molded-parts\/\" \/>\n<meta property=\"og:locale\" content=\"pl_PL\" \/>\n<meta property=\"og:type\" content=\"article\" \/>\n<meta property=\"og:title\" content=\"Automotive Plastic Injection Molded Parts - mk-product.com\" \/>\n<meta property=\"og:description\" content=\"Introduction Automotive injection molded parts play a crucial role in the manufacturing process of vehicles. These parts are produced using advanced injection molding technology, which allows for the creation of complex and precise components. With their high strength, durability, and cost-effectiveness, automotive injection molded parts have become an integral part of the automotive industry. Benefits &hellip; Automotive Plastic Injection Molded Parts Read More &raquo;\" \/>\n<meta property=\"og:url\" content=\"https:\/\/mk-product.com\/pl\/produkt\/automotive-plastic-injection-molded-parts\/\" \/>\n<meta property=\"og:site_name\" content=\"mk-product.com\" \/>\n<meta property=\"article:modified_time\" content=\"2023-12-14T15:14:50+00:00\" \/>\n<meta property=\"og:image\" content=\"https:\/\/mk-product.com\/wp-content\/uploads\/2023\/12\/AYU9547.jpg\" \/>\n\t<meta property=\"og:image:width\" content=\"550\" \/>\n\t<meta property=\"og:image:height\" content=\"550\" \/>\n\t<meta property=\"og:image:type\" content=\"image\/jpeg\" \/>\n<meta name=\"twitter:card\" content=\"summary_large_image\" \/>\n<meta name=\"twitter:label1\" content=\"Szacowany czas czytania\" \/>\n\t<meta name=\"twitter:data1\" content=\"3 minuty\" \/>\n<script type=\"application\/ld+json\" class=\"yoast-schema-graph\">{\"@context\":\"https:\/\/schema.org\",\"@graph\":[{\"@type\":\"WebPage\",\"@id\":\"https:\/\/mk-product.com\/product\/automotive-plastic-injection-molded-parts\/\",\"url\":\"https:\/\/mk-product.com\/product\/automotive-plastic-injection-molded-parts\/\",\"name\":\"Automotive Plastic Injection Molded Parts - mk-product.com\",\"isPartOf\":{\"@id\":\"https:\/\/mk-product.com\/#website\"},\"datePublished\":\"2023-12-02T09:25:58+00:00\",\"dateModified\":\"2023-12-14T15:14:50+00:00\",\"breadcrumb\":{\"@id\":\"https:\/\/mk-product.com\/product\/automotive-plastic-injection-molded-parts\/#breadcrumb\"},\"inLanguage\":\"pl-PL\",\"potentialAction\":[{\"@type\":\"ReadAction\",\"target\":[\"https:\/\/mk-product.com\/product\/automotive-plastic-injection-molded-parts\/\"]}]},{\"@type\":\"BreadcrumbList\",\"@id\":\"https:\/\/mk-product.com\/product\/automotive-plastic-injection-molded-parts\/#breadcrumb\",\"itemListElement\":[{\"@type\":\"ListItem\",\"position\":1,\"name\":\"Home\",\"item\":\"https:\/\/mk-product.com\/\"},{\"@type\":\"ListItem\",\"position\":2,\"name\":\"Products\",\"item\":\"https:\/\/mk-product.com\/products\/\"},{\"@type\":\"ListItem\",\"position\":3,\"name\":\"Automotive Plastic Injection Molded Parts\"}]},{\"@type\":\"WebSite\",\"@id\":\"https:\/\/mk-product.com\/#website\",\"url\":\"https:\/\/mk-product.com\/\",\"name\":\"mk-product.com\",\"description\":\"\",\"publisher\":{\"@id\":\"https:\/\/mk-product.com\/#organization\"},\"potentialAction\":[{\"@type\":\"SearchAction\",\"target\":{\"@type\":\"EntryPoint\",\"urlTemplate\":\"https:\/\/mk-product.com\/?s={search_term_string}\"},\"query-input\":\"required name=search_term_string\"}],\"inLanguage\":\"pl-PL\"},{\"@type\":\"Organization\",\"@id\":\"https:\/\/mk-product.com\/#organization\",\"name\":\"mk-product.com\",\"url\":\"https:\/\/mk-product.com\/\",\"logo\":{\"@type\":\"ImageObject\",\"inLanguage\":\"pl-PL\",\"@id\":\"https:\/\/mk-product.com\/#\/schema\/logo\/image\/\",\"url\":\"https:\/\/mk-product.com\/wp-content\/uploads\/2023\/12\/cropped-MK-logo-final.png\",\"contentUrl\":\"https:\/\/mk-product.com\/wp-content\/uploads\/2023\/12\/cropped-MK-logo-final.png\",\"width\":780,\"height\":430,\"caption\":\"mk-product.com\"},\"image\":{\"@id\":\"https:\/\/mk-product.com\/#\/schema\/logo\/image\/\"}}]}<\/script>\n<!-- \/ Yoast SEO plugin. -->","yoast_head_json":{"title":"Automotive Plastic Injection Molded Parts - mk-product.com","robots":{"index":"index","follow":"follow","max-snippet":"max-snippet:-1","max-image-preview":"max-image-preview:large","max-video-preview":"max-video-preview:-1"},"canonical":"https:\/\/mk-product.com\/pl\/produkt\/automotive-plastic-injection-molded-parts\/","og_locale":"pl_PL","og_type":"article","og_title":"Automotive Plastic Injection Molded Parts - mk-product.com","og_description":"Introduction Automotive injection molded parts play a crucial role in the manufacturing process of vehicles. These parts are produced using advanced injection molding technology, which allows for the creation of complex and precise components. With their high strength, durability, and cost-effectiveness, automotive injection molded parts have become an integral part of the automotive industry. Benefits &hellip; Automotive Plastic Injection Molded Parts Read More &raquo;","og_url":"https:\/\/mk-product.com\/pl\/produkt\/automotive-plastic-injection-molded-parts\/","og_site_name":"mk-product.com","article_modified_time":"2023-12-14T15:14:50+00:00","og_image":[{"width":550,"height":550,"url":"https:\/\/mk-product.com\/wp-content\/uploads\/2023\/12\/AYU9547.jpg","type":"image\/jpeg"}],"twitter_card":"summary_large_image","twitter_misc":{"Szacowany czas czytania":"3 minuty"},"schema":{"@context":"https:\/\/schema.org","@graph":[{"@type":"WebPage","@id":"https:\/\/mk-product.com\/product\/automotive-plastic-injection-molded-parts\/","url":"https:\/\/mk-product.com\/product\/automotive-plastic-injection-molded-parts\/","name":"Automotive Plastic Injection Molded Parts - mk-product.com","isPartOf":{"@id":"https:\/\/mk-product.com\/#website"},"datePublished":"2023-12-02T09:25:58+00:00","dateModified":"2023-12-14T15:14:50+00:00","breadcrumb":{"@id":"https:\/\/mk-product.com\/product\/automotive-plastic-injection-molded-parts\/#breadcrumb"},"inLanguage":"pl-PL","potentialAction":[{"@type":"ReadAction","target":["https:\/\/mk-product.com\/product\/automotive-plastic-injection-molded-parts\/"]}]},{"@type":"BreadcrumbList","@id":"https:\/\/mk-product.com\/product\/automotive-plastic-injection-molded-parts\/#breadcrumb","itemListElement":[{"@type":"ListItem","position":1,"name":"Home","item":"https:\/\/mk-product.com\/"},{"@type":"ListItem","position":2,"name":"Products","item":"https:\/\/mk-product.com\/products\/"},{"@type":"ListItem","position":3,"name":"Automotive Plastic Injection Molded Parts"}]},{"@type":"WebSite","@id":"https:\/\/mk-product.com\/#website","url":"https:\/\/mk-product.com\/","name":"mk-product.com","description":"","publisher":{"@id":"https:\/\/mk-product.com\/#organization"},"potentialAction":[{"@type":"SearchAction","target":{"@type":"EntryPoint","urlTemplate":"https:\/\/mk-product.com\/?s={search_term_string}"},"query-input":"required name=search_term_string"}],"inLanguage":"pl-PL"},{"@type":"Organization","@id":"https:\/\/mk-product.com\/#organization","name":"mk-product.com","url":"https:\/\/mk-product.com\/","logo":{"@type":"ImageObject","inLanguage":"pl-PL","@id":"https:\/\/mk-product.com\/#\/schema\/logo\/image\/","url":"https:\/\/mk-product.com\/wp-content\/uploads\/2023\/12\/cropped-MK-logo-final.png","contentUrl":"https:\/\/mk-product.com\/wp-content\/uploads\/2023\/12\/cropped-MK-logo-final.png","width":780,"height":430,"caption":"mk-product.com"},"image":{"@id":"https:\/\/mk-product.com\/#\/schema\/logo\/image\/"}}]}},"_links":{"self":[{"href":"https:\/\/mk-product.com\/pl\/wp-json\/wp\/v2\/product\/694"}],"collection":[{"href":"https:\/\/mk-product.com\/pl\/wp-json\/wp\/v2\/product"}],"about":[{"href":"https:\/\/mk-product.com\/pl\/wp-json\/wp\/v2\/types\/product"}],"wp:featuredmedia":[{"embeddable":true,"href":"https:\/\/mk-product.com\/pl\/wp-json\/wp\/v2\/media\/599"}],"wp:attachment":[{"href":"https:\/\/mk-product.com\/pl\/wp-json\/wp\/v2\/media?parent=694"}],"wp:term":[{"taxonomy":"product_cat","embeddable":true,"href":"https:\/\/mk-product.com\/pl\/wp-json\/wp\/v2\/product_cat?post=694"},{"taxonomy":"product_tag","embeddable":true,"href":"https:\/\/mk-product.com\/pl\/wp-json\/wp\/v2\/product_tag?post=694"}],"curies":[{"name":"wp","href":"https:\/\/api.w.org\/{rel}","templated":true}]}}