{"id":692,"date":"2023-12-02T17:22:51","date_gmt":"2023-12-02T09:22:51","guid":{"rendered":"https:\/\/mk-product.com\/?post_type=product&#038;p=692"},"modified":"2023-12-14T05:19:48","modified_gmt":"2023-12-14T15:19:48","slug":"electric-motor-aluminum-die-casings","status":"publish","type":"product","link":"https:\/\/mk-product.com\/pl\/produkt\/electric-motor-aluminum-die-casings\/","title":{"rendered":"Aluminiowe obudowy silnik\u00f3w elektrycznych"},"content":{"rendered":"<h2>Wprowadzenie<\/h2>\n<p>Obudowy silnik\u00f3w elektrycznych s\u0105 niezb\u0119dnym elementem silnik\u00f3w elektrycznych, zapewniaj\u0105c ochron\u0119 i wsparcie dla cz\u0119\u015bci wewn\u0119trznych. W\u015br\u00f3d r\u00f3\u017cnych materia\u0142\u00f3w stosowanych do produkcji obud\u00f3w silnik\u00f3w, aluminium wyr\u00f3\u017cnia si\u0119 doskona\u0142ymi w\u0142a\u015bciwo\u015bciami i wszechstronno\u015bci\u0105. W tym artykule om\u00f3wimy zalety i cechy aluminiowych obud\u00f3w silnik\u00f3w elektrycznych.<\/p>\n<h2>Zalety aluminiowych obud\u00f3w<\/h2>\n<p>Aluminiowe obudowy maj\u0105 wiele zalet w por\u00f3wnaniu z innymi materia\u0142ami, co czyni je popularnym wyborem w\u015br\u00f3d producent\u00f3w silnik\u00f3w elektrycznych. Oto kilka kluczowych korzy\u015bci:<\/p>\n<ol>\n<li><strong>Lekka waga:<\/strong> Aluminium jest lekkim materia\u0142em, kt\u00f3ry pomaga zmniejszy\u0107 ca\u0142kowit\u0105 wag\u0119 silnika elektrycznego. Jest to szczeg\u00f3lnie wa\u017cne w zastosowaniach, w kt\u00f3rych waga jest czynnikiem krytycznym, takich jak urz\u0105dzenia przeno\u015bne lub pojazdy.<\/li>\n<li><strong>Si\u0142a:<\/strong> Pomimo swojej lekko\u015bci, aluminium jest niezwykle wytrzyma\u0142e i trwa\u0142e. Zapewnia doskona\u0142\u0105 ochron\u0119 wewn\u0119trznych komponent\u00f3w silnika, zapewniaj\u0105c ich d\u0142ugowieczno\u015b\u0107 i niezawodno\u015b\u0107.<\/li>\n<li><strong>Odporno\u015b\u0107 na korozj\u0119:<\/strong> Aluminium ma nieod\u0142\u0105czne w\u0142a\u015bciwo\u015bci antykorozyjne, dzi\u0119ki czemu jest wysoce odporne na rdz\u0119 i inne formy korozji. Jest to szczeg\u00f3lnie korzystne w \u015brodowiskach o wysokiej wilgotno\u015bci lub nara\u017conych na wilgo\u0107.<\/li>\n<li><strong>Przewodno\u015b\u0107 cieplna:<\/strong> Aluminium jest doskona\u0142ym przewodnikiem ciep\u0142a, co pozwala na efektywne rozpraszanie ciep\u0142a generowanego podczas pracy silnika. Pomaga to zapobiega\u0107 przegrzaniu i zapewnia optymaln\u0105 wydajno\u015b\u0107 i trwa\u0142o\u015b\u0107 silnika.<\/li>\n<li><strong>Przewodno\u015b\u0107 elektryczna:<\/strong> Aluminium ma dobr\u0105 przewodno\u015b\u0107 elektryczn\u0105, umo\u017cliwiaj\u0105c wydajny transfer pr\u0105du elektrycznego w silniku. Ma to kluczowe znaczenie dla utrzymania stabilnej i niezawodnej pracy silnika.<\/li>\n<\/ol>\n<h2>Cechy aluminiowych obud\u00f3w silnik\u00f3w elektrycznych<\/h2>\n<p>Aluminiowe obudowy silnik\u00f3w elektrycznych maj\u0105 kilka cech, kt\u00f3re dodatkowo zwi\u0119kszaj\u0105 ich funkcjonalno\u015b\u0107 i u\u017cyteczno\u015b\u0107:<\/p>\n<ol>\n<li><strong>Elastyczno\u015b\u0107 konstrukcji:<\/strong> Aluminium jest bardzo plastycznym materia\u0142em, pozwalaj\u0105cym na tworzenie skomplikowanych i z\u0142o\u017conych projekt\u00f3w. Ta elastyczno\u015b\u0107 w projektowaniu umo\u017cliwia producentom silnik\u00f3w tworzenie obud\u00f3w, kt\u00f3re idealnie pasuj\u0105 do specyficznych wymaga\u0144 ich silnik\u00f3w.<\/li>\n<li><strong>\u0141atwa obr\u00f3bka:<\/strong> Aluminium jest \u0142atwe w obr\u00f3bce, dzi\u0119ki czemu produkcja aluminiowych obud\u00f3w jest op\u0142acalna dla producent\u00f3w. Ta \u0142atwo\u015b\u0107 obr\u00f3bki pozwala r\u00f3wnie\u017c na szybkie i wydajne dostosowywanie obud\u00f3w do indywidualnych potrzeb klienta.<\/li>\n<li><strong>Mo\u017cliwo\u015b\u0107 recyklingu:<\/strong> Aluminium jest materia\u0142em w wysokim stopniu nadaj\u0105cym si\u0119 do recyklingu, przyczyniaj\u0105c si\u0119 do realizacji cel\u00f3w zr\u00f3wnowa\u017conego rozwoju zar\u00f3wno producent\u00f3w, jak i u\u017cytkownik\u00f3w ko\u0144cowych. Mo\u017cliwo\u015b\u0107 recyklingu aluminiowych obud\u00f3w pomaga zmniejszy\u0107 wp\u0142yw na \u015brodowisko i oszcz\u0119dza\u0107 cenne zasoby.<\/li>\n<li><strong>Estetyczny wygl\u0105d:<\/strong> Aluminiowe obudowy maj\u0105 elegancki i nowoczesny wygl\u0105d, dodaj\u0105c odrobin\u0119 wyrafinowania do og\u00f3lnego projektu silnik\u00f3w elektrycznych. Ten estetyczny wygl\u0105d jest szczeg\u00f3lnie po\u017c\u0105dany w elektronice u\u017cytkowej i innych widocznych zastosowaniach.<\/li>\n<\/ol>\n<h2>Zastosowania aluminiowych obud\u00f3w silnik\u00f3w elektrycznych<\/h2>\n<p>Aluminiowe obudowy silnik\u00f3w elektrycznych znajduj\u0105 zastosowanie w szerokiej gamie bran\u017c i produkt\u00f3w, w tym:<\/p>\n<ul>\n<li>Motoryzacja: Pojazdy elektryczne, pojazdy hybrydowe i elektryczne uk\u0142ady wspomagania kierownicy.<\/li>\n<li>Przemys\u0142owe: Pompy, spr\u0119\u017carki, wentylatory i r\u00f3\u017cne maszyny.<\/li>\n<li>Elektronika u\u017cytkowa: Narz\u0119dzia elektryczne, urz\u0105dzenia i wentylatory ch\u0142odz\u0105ce.<\/li>\n<li>Energia odnawialna: Turbiny wiatrowe i systemy energii s\u0142onecznej.<\/li>\n<li>Medyczne: Urz\u0105dzenia i sprz\u0119t medyczny.<\/li>\n<\/ul>\n<h2>Wnioski<\/h2>\n<p>Aluminiowe obudowy silnik\u00f3w elektrycznych oferuj\u0105 zwyci\u0119skie po\u0142\u0105czenie lekkiej konstrukcji, wytrzyma\u0142o\u015bci, odporno\u015bci na korozj\u0119, przewodno\u015bci cieplnej i przewodno\u015bci elektrycznej. Obudowy te zapewniaj\u0105 optymaln\u0105 ochron\u0119 i wsparcie dla wewn\u0119trznych komponent\u00f3w silnik\u00f3w elektrycznych, zapewniaj\u0105c ich d\u0142ugowieczno\u015b\u0107 i niezawodne dzia\u0142anie. Dzi\u0119ki elastyczno\u015bci projektowej, \u0142atwej obr\u00f3bce, mo\u017cliwo\u015bci recyklingu i estetycznemu wygl\u0105dowi, aluminiowe obudowy s\u0105 preferowanym wyborem dla producent\u00f3w z r\u00f3\u017cnych bran\u017c. Niezale\u017cnie od tego, czy chodzi o motoryzacj\u0119, przemys\u0142, elektronik\u0119 u\u017cytkow\u0105, energi\u0119 odnawialn\u0105 czy zastosowania medyczne, aluminiowe obudowy silnik\u00f3w elektrycznych zapewniaj\u0105 wyj\u0105tkow\u0105 wydajno\u015b\u0107 i trwa\u0142o\u015b\u0107.<\/p>","protected":false},"excerpt":{"rendered":"<p>Introduction Electric motor casings are an essential component of electric motors, providing protection and support for the internal parts. Among the various materials used for motor casings, aluminum stands out for its excellent properties and versatility. In this article, we will explore the benefits and features of electric motor aluminum casings. Benefits of Aluminum Casings &hellip;<\/p>\n<p class=\"read-more\"> <a class=\"\" href=\"https:\/\/mk-product.com\/pl\/produkt\/electric-motor-aluminum-die-casings\/\"> <span class=\"screen-reader-text\">Aluminiowe obudowy silnik\u00f3w elektrycznych<\/span> Read More &raquo;<\/a><\/p>","protected":false},"featured_media":598,"template":"","meta":{"site-sidebar-layout":"default","site-content-layout":"","ast-site-content-layout":"default","site-content-style":"default","site-sidebar-style":"default","ast-global-header-display":"","ast-banner-title-visibility":"","ast-main-header-display":"","ast-hfb-above-header-display":"","ast-hfb-below-header-display":"","ast-hfb-mobile-header-display":"","site-post-title":"","ast-breadcrumbs-content":"","ast-featured-img":"","footer-sml-layout":"","theme-transparent-header-meta":"default","adv-header-id-meta":"","stick-header-meta":"","header-above-stick-meta":"","header-main-stick-meta":"","header-below-stick-meta":"","astra-migrate-meta-layouts":"set","ast-page-background-enabled":"default","ast-page-background-meta":{"desktop":{"background-color":"","background-image":"","background-repeat":"repeat","background-position":"center center","background-size":"auto","background-attachment":"scroll","background-type":"","background-media":"","overlay-type":"","overlay-color":"","overlay-gradient":""},"tablet":{"background-color":"","background-image":"","background-repeat":"repeat","background-position":"center center","background-size":"auto","background-attachment":"scroll","background-type":"","background-media":"","overlay-type":"","overlay-color":"","overlay-gradient":""},"mobile":{"background-color":"","background-image":"","background-repeat":"repeat","background-position":"center center","background-size":"auto","background-attachment":"scroll","background-type":"","background-media":"","overlay-type":"","overlay-color":"","overlay-gradient":""}},"ast-content-background-meta":{"desktop":{"background-color":"var(--ast-global-color-5)","background-image":"","background-repeat":"repeat","background-position":"center center","background-size":"auto","background-attachment":"scroll","background-type":"","background-media":"","overlay-type":"","overlay-color":"","overlay-gradient":""},"tablet":{"background-color":"var(--ast-global-color-5)","background-image":"","background-repeat":"repeat","background-position":"center center","background-size":"auto","background-attachment":"scroll","background-type":"","background-media":"","overlay-type":"","overlay-color":"","overlay-gradient":""},"mobile":{"background-color":"var(--ast-global-color-5)","background-image":"","background-repeat":"repeat","background-position":"center center","background-size":"auto","background-attachment":"scroll","background-type":"","background-media":"","overlay-type":"","overlay-color":"","overlay-gradient":""}}},"product_cat":[24],"product_tag":[],"yoast_head":"<!-- This site is optimized with the Yoast SEO plugin v21.7 - https:\/\/yoast.com\/wordpress\/plugins\/seo\/ -->\n<title>Electric Motor Aluminum die Casings - mk-product.com<\/title>\n<meta name=\"robots\" content=\"index, follow, max-snippet:-1, max-image-preview:large, max-video-preview:-1\" \/>\n<link rel=\"canonical\" href=\"https:\/\/mk-product.com\/pl\/produkt\/electric-motor-aluminum-die-casings\/\" \/>\n<meta property=\"og:locale\" content=\"pl_PL\" \/>\n<meta property=\"og:type\" content=\"article\" \/>\n<meta property=\"og:title\" content=\"Electric Motor Aluminum die Casings - mk-product.com\" \/>\n<meta property=\"og:description\" content=\"Introduction Electric motor casings are an essential component of electric motors, providing protection and support for the internal parts. Among the various materials used for motor casings, aluminum stands out for its excellent properties and versatility. In this article, we will explore the benefits and features of electric motor aluminum casings. Benefits of Aluminum Casings &hellip; Electric Motor Aluminum die Casings Read More &raquo;\" \/>\n<meta property=\"og:url\" content=\"https:\/\/mk-product.com\/pl\/produkt\/electric-motor-aluminum-die-casings\/\" \/>\n<meta property=\"og:site_name\" content=\"mk-product.com\" \/>\n<meta property=\"article:modified_time\" content=\"2023-12-14T15:19:48+00:00\" \/>\n<meta property=\"og:image\" content=\"https:\/\/mk-product.com\/wp-content\/uploads\/2023\/12\/AYU9545.jpg\" \/>\n\t<meta property=\"og:image:width\" content=\"550\" \/>\n\t<meta property=\"og:image:height\" content=\"550\" \/>\n\t<meta property=\"og:image:type\" content=\"image\/jpeg\" \/>\n<meta name=\"twitter:card\" content=\"summary_large_image\" \/>\n<meta name=\"twitter:label1\" content=\"Szacowany czas czytania\" \/>\n\t<meta name=\"twitter:data1\" content=\"3 minuty\" \/>\n<script type=\"application\/ld+json\" class=\"yoast-schema-graph\">{\"@context\":\"https:\/\/schema.org\",\"@graph\":[{\"@type\":\"WebPage\",\"@id\":\"https:\/\/mk-product.com\/product\/electric-motor-aluminum-die-casings\/\",\"url\":\"https:\/\/mk-product.com\/product\/electric-motor-aluminum-die-casings\/\",\"name\":\"Electric Motor Aluminum die Casings - mk-product.com\",\"isPartOf\":{\"@id\":\"https:\/\/mk-product.com\/#website\"},\"datePublished\":\"2023-12-02T09:22:51+00:00\",\"dateModified\":\"2023-12-14T15:19:48+00:00\",\"breadcrumb\":{\"@id\":\"https:\/\/mk-product.com\/product\/electric-motor-aluminum-die-casings\/#breadcrumb\"},\"inLanguage\":\"pl-PL\",\"potentialAction\":[{\"@type\":\"ReadAction\",\"target\":[\"https:\/\/mk-product.com\/product\/electric-motor-aluminum-die-casings\/\"]}]},{\"@type\":\"BreadcrumbList\",\"@id\":\"https:\/\/mk-product.com\/product\/electric-motor-aluminum-die-casings\/#breadcrumb\",\"itemListElement\":[{\"@type\":\"ListItem\",\"position\":1,\"name\":\"Home\",\"item\":\"https:\/\/mk-product.com\/\"},{\"@type\":\"ListItem\",\"position\":2,\"name\":\"Products\",\"item\":\"https:\/\/mk-product.com\/products\/\"},{\"@type\":\"ListItem\",\"position\":3,\"name\":\"Electric Motor Aluminum die Casings\"}]},{\"@type\":\"WebSite\",\"@id\":\"https:\/\/mk-product.com\/#website\",\"url\":\"https:\/\/mk-product.com\/\",\"name\":\"mk-product.com\",\"description\":\"\",\"publisher\":{\"@id\":\"https:\/\/mk-product.com\/#organization\"},\"potentialAction\":[{\"@type\":\"SearchAction\",\"target\":{\"@type\":\"EntryPoint\",\"urlTemplate\":\"https:\/\/mk-product.com\/?s={search_term_string}\"},\"query-input\":\"required name=search_term_string\"}],\"inLanguage\":\"pl-PL\"},{\"@type\":\"Organization\",\"@id\":\"https:\/\/mk-product.com\/#organization\",\"name\":\"mk-product.com\",\"url\":\"https:\/\/mk-product.com\/\",\"logo\":{\"@type\":\"ImageObject\",\"inLanguage\":\"pl-PL\",\"@id\":\"https:\/\/mk-product.com\/#\/schema\/logo\/image\/\",\"url\":\"https:\/\/mk-product.com\/wp-content\/uploads\/2023\/12\/cropped-MK-logo-final.png\",\"contentUrl\":\"https:\/\/mk-product.com\/wp-content\/uploads\/2023\/12\/cropped-MK-logo-final.png\",\"width\":780,\"height\":430,\"caption\":\"mk-product.com\"},\"image\":{\"@id\":\"https:\/\/mk-product.com\/#\/schema\/logo\/image\/\"}}]}<\/script>\n<!-- \/ Yoast SEO plugin. -->","yoast_head_json":{"title":"Electric Motor Aluminum die Casings - mk-product.com","robots":{"index":"index","follow":"follow","max-snippet":"max-snippet:-1","max-image-preview":"max-image-preview:large","max-video-preview":"max-video-preview:-1"},"canonical":"https:\/\/mk-product.com\/pl\/produkt\/electric-motor-aluminum-die-casings\/","og_locale":"pl_PL","og_type":"article","og_title":"Electric Motor Aluminum die Casings - mk-product.com","og_description":"Introduction Electric motor casings are an essential component of electric motors, providing protection and support for the internal parts. Among the various materials used for motor casings, aluminum stands out for its excellent properties and versatility. In this article, we will explore the benefits and features of electric motor aluminum casings. Benefits of Aluminum Casings &hellip; Electric Motor Aluminum die Casings Read More &raquo;","og_url":"https:\/\/mk-product.com\/pl\/produkt\/electric-motor-aluminum-die-casings\/","og_site_name":"mk-product.com","article_modified_time":"2023-12-14T15:19:48+00:00","og_image":[{"width":550,"height":550,"url":"https:\/\/mk-product.com\/wp-content\/uploads\/2023\/12\/AYU9545.jpg","type":"image\/jpeg"}],"twitter_card":"summary_large_image","twitter_misc":{"Szacowany czas czytania":"3 minuty"},"schema":{"@context":"https:\/\/schema.org","@graph":[{"@type":"WebPage","@id":"https:\/\/mk-product.com\/product\/electric-motor-aluminum-die-casings\/","url":"https:\/\/mk-product.com\/product\/electric-motor-aluminum-die-casings\/","name":"Electric Motor Aluminum die Casings - mk-product.com","isPartOf":{"@id":"https:\/\/mk-product.com\/#website"},"datePublished":"2023-12-02T09:22:51+00:00","dateModified":"2023-12-14T15:19:48+00:00","breadcrumb":{"@id":"https:\/\/mk-product.com\/product\/electric-motor-aluminum-die-casings\/#breadcrumb"},"inLanguage":"pl-PL","potentialAction":[{"@type":"ReadAction","target":["https:\/\/mk-product.com\/product\/electric-motor-aluminum-die-casings\/"]}]},{"@type":"BreadcrumbList","@id":"https:\/\/mk-product.com\/product\/electric-motor-aluminum-die-casings\/#breadcrumb","itemListElement":[{"@type":"ListItem","position":1,"name":"Home","item":"https:\/\/mk-product.com\/"},{"@type":"ListItem","position":2,"name":"Products","item":"https:\/\/mk-product.com\/products\/"},{"@type":"ListItem","position":3,"name":"Electric Motor Aluminum die Casings"}]},{"@type":"WebSite","@id":"https:\/\/mk-product.com\/#website","url":"https:\/\/mk-product.com\/","name":"mk-product.com","description":"","publisher":{"@id":"https:\/\/mk-product.com\/#organization"},"potentialAction":[{"@type":"SearchAction","target":{"@type":"EntryPoint","urlTemplate":"https:\/\/mk-product.com\/?s={search_term_string}"},"query-input":"required name=search_term_string"}],"inLanguage":"pl-PL"},{"@type":"Organization","@id":"https:\/\/mk-product.com\/#organization","name":"mk-product.com","url":"https:\/\/mk-product.com\/","logo":{"@type":"ImageObject","inLanguage":"pl-PL","@id":"https:\/\/mk-product.com\/#\/schema\/logo\/image\/","url":"https:\/\/mk-product.com\/wp-content\/uploads\/2023\/12\/cropped-MK-logo-final.png","contentUrl":"https:\/\/mk-product.com\/wp-content\/uploads\/2023\/12\/cropped-MK-logo-final.png","width":780,"height":430,"caption":"mk-product.com"},"image":{"@id":"https:\/\/mk-product.com\/#\/schema\/logo\/image\/"}}]}},"_links":{"self":[{"href":"https:\/\/mk-product.com\/pl\/wp-json\/wp\/v2\/product\/692"}],"collection":[{"href":"https:\/\/mk-product.com\/pl\/wp-json\/wp\/v2\/product"}],"about":[{"href":"https:\/\/mk-product.com\/pl\/wp-json\/wp\/v2\/types\/product"}],"wp:featuredmedia":[{"embeddable":true,"href":"https:\/\/mk-product.com\/pl\/wp-json\/wp\/v2\/media\/598"}],"wp:attachment":[{"href":"https:\/\/mk-product.com\/pl\/wp-json\/wp\/v2\/media?parent=692"}],"wp:term":[{"taxonomy":"product_cat","embeddable":true,"href":"https:\/\/mk-product.com\/pl\/wp-json\/wp\/v2\/product_cat?post=692"},{"taxonomy":"product_tag","embeddable":true,"href":"https:\/\/mk-product.com\/pl\/wp-json\/wp\/v2\/product_tag?post=692"}],"curies":[{"name":"wp","href":"https:\/\/api.w.org\/{rel}","templated":true}]}}