{"id":1057,"date":"2023-12-12T22:39:27","date_gmt":"2023-12-12T14:39:27","guid":{"rendered":"https:\/\/mk-product.com\/?post_type=product&#038;p=1057"},"modified":"2023-12-14T05:11:58","modified_gmt":"2023-12-14T15:11:58","slug":"custom-plastic-injection-molding-part","status":"publish","type":"product","link":"https:\/\/mk-product.com\/pl\/produkt\/custom-plastic-injection-molding-part\/","title":{"rendered":"Niestandardowe cz\u0119\u015bci do formowania wtryskowego tworzyw sztucznych"},"content":{"rendered":"<div>\n<h1>Cz\u0119\u015b\u0107 do formowania tworzyw sztucznych<\/h1>\n<p>Nasza plastikowa cz\u0119\u015b\u0107 do formowania jest wysokiej jako\u015bci komponentem zaprojektowanym w celu spe\u0142nienia okre\u015blonych potrzeb produkcyjnych. Niezale\u017cnie od tego, czy potrzebujesz niestandardowych cz\u0119\u015bci z tworzyw sztucznych dla przemys\u0142u motoryzacyjnego, elektronicznego, medycznego czy jakiegokolwiek innego, nasze cz\u0119\u015bci do formowania oferuj\u0105 wyj\u0105tkow\u0105 trwa\u0142o\u015b\u0107 i precyzj\u0119.<\/p>\n<h2>Najwy\u017csza jako\u015b\u0107<\/h2>\n<p>W naszej firmie priorytetowo traktujemy jako\u015b\u0107 na ka\u017cdym etapie procesu produkcyjnego. Nasze cz\u0119\u015bci do formowania tworzyw sztucznych s\u0105 wykonane z najwy\u017cszej jako\u015bci materia\u0142\u00f3w, kt\u00f3re s\u0105 starannie dobierane pod k\u0105tem ich wytrzyma\u0142o\u015bci i niezawodno\u015bci. Stosujemy zaawansowane techniki formowania i najnowocze\u015bniejsze maszyny, aby zapewni\u0107 sp\u00f3jn\u0105 i dok\u0142adn\u0105 produkcj\u0119.<\/p>\n<p>Ka\u017cda cz\u0119\u015b\u0107 formowana z tworzywa sztucznego przechodzi rygorystyczne kontrole jako\u015bci, aby zagwarantowa\u0107 jej integralno\u015b\u0107. Nasz zesp\u00f3\u0142 wykwalifikowanych technik\u00f3w skrupulatnie sprawdza ka\u017cdy element, aby upewni\u0107 si\u0119, \u017ce spe\u0142nia on najwy\u017csze standardy. To zaanga\u017cowanie w jako\u015b\u0107 zapewnia, \u017ce nasze cz\u0119\u015bci do formowania tworzyw sztucznych b\u0119d\u0105 konsekwentnie spe\u0142nia\u0107 Twoje oczekiwania.<\/p>\n<h2>Opcje dostosowywania<\/h2>\n<p>Rozumiemy, \u017ce ka\u017cdy projekt ma unikalne wymagania. Dlatego nasze cz\u0119\u015bci do formowania tworzyw sztucznych mo\u017cna w pe\u0142ni dostosowa\u0107 do konkretnych potrzeb. Niezale\u017cnie od tego, czy potrzebujesz okre\u015blonego kszta\u0142tu, rozmiaru czy koloru, mamy mo\u017cliwo\u015bci, aby spe\u0142ni\u0107 Twoje wymagania.<\/p>\n<p>Nasi do\u015bwiadczeni in\u017cynierowie \u015bci\u015ble wsp\u00f3\u0142pracuj\u0105 z klientem, aby zrozumie\u0107 specyfikacje projektowe i zapewni\u0107 fachowe doradztwo. Wykorzystujemy zaawansowane oprogramowanie CAD i najnowocze\u015bniejsze techniki produkcyjne, aby urzeczywistni\u0107 Twoj\u0105 wizj\u0119. Dzi\u0119ki naszym opcjom dostosowywania mo\u017cesz mie\u0107 pewno\u015b\u0107, \u017ce cz\u0119\u015b\u0107 do formowania tworzyw sztucznych b\u0119dzie idealnie pasowa\u0107 do Twojego zastosowania.<\/p>\n<h2>Szeroki zakres zastosowa\u0144<\/h2>\n<p>Nasze cz\u0119\u015bci do formowania tworzyw sztucznych s\u0105 wszechstronne i mog\u0105 by\u0107 wykorzystywane w wielu bran\u017cach i zastosowaniach. Od komponent\u00f3w motoryzacyjnych po elektronik\u0119 u\u017cytkow\u0105, urz\u0105dzenia medyczne i sprz\u0119t gospodarstwa domowego, nasze cz\u0119\u015bci do formowania mog\u0105 sprosta\u0107 wymaganiom r\u00f3\u017cnych sektor\u00f3w.<\/p>\n<p>Dzi\u0119ki doskona\u0142ej wytrzyma\u0142o\u015bci, trwa\u0142o\u015bci i odporno\u015bci na chemikalia i zmiany temperatury, nasza plastikowa cz\u0119\u015b\u0107 do formowania nadaje si\u0119 zar\u00f3wno do zastosowa\u0144 wewn\u0119trznych, jak i zewn\u0119trznych. Mo\u017ce wytrzyma\u0107 trudne warunki i utrzyma\u0107 swoj\u0105 wydajno\u015b\u0107 przez d\u0142u\u017cszy czas.<\/p>\n<h2>Ekonomiczne rozwi\u0105zanie<\/h2>\n<p>Wyb\u00f3r naszej cz\u0119\u015bci do formowania tworzyw sztucznych oferuje op\u0142acalne rozwi\u0105zanie dla Twoich potrzeb produkcyjnych. Nasze wydajne procesy produkcyjne i korzy\u015bci skali pozwalaj\u0105 nam oferowa\u0107 konkurencyjne ceny bez uszczerbku dla jako\u015bci. Wsp\u00f3\u0142pracuj\u0105c z nami, mo\u017cesz korzysta\u0107 z wysokiej jako\u015bci cz\u0119\u015bci z tworzyw sztucznych za rozs\u0105dn\u0105 cen\u0119.<\/p>\n<p>Ponadto trwa\u0142o\u015b\u0107 i d\u0142ugowieczno\u015b\u0107 naszych cz\u0119\u015bci do formowania tworzyw sztucznych zmniejsza potrzeb\u0119 cz\u0119stych wymian, co dodatkowo oszcz\u0119dza pieni\u0105dze w d\u0142u\u017cszej perspektywie. Ich niezawodno\u015b\u0107 gwarantuje, \u017ce produkty zachowaj\u0105 swoj\u0105 funkcjonalno\u015b\u0107, zmniejszaj\u0105c ryzyko kosztownych napraw lub wycofania z rynku.<\/p>\n<h2>Wnioski<\/h2>\n<p>Je\u015bli chodzi o cz\u0119\u015bci do formowania tworzyw sztucznych, nasza firma jest zaufanym partnerem. Dzi\u0119ki naszemu zaanga\u017cowaniu w jako\u015b\u0107, opcje dostosowywania, szeroki zakres zastosowa\u0144 i op\u0142acalne rozwi\u0105zania, jeste\u015bmy pewni, \u017ce dostarczymy cz\u0119\u015b\u0107 do formowania tworzyw sztucznych, kt\u00f3ra spe\u0142nia okre\u015blone wymagania.<\/p>\n<p>Skontaktuj si\u0119 z nami ju\u017c dzi\u015b, aby om\u00f3wi\u0107 sw\u00f3j projekt i dowiedzie\u0107 si\u0119, w jaki spos\u00f3b nasze cz\u0119\u015bci do formowania tworzyw sztucznych mog\u0105 usprawni\u0107 proces produkcyjny.<\/p>\n<\/div>","protected":false},"excerpt":{"rendered":"<p>Plastic Molding Part Our plastic molding part is a high-quality component designed to meet your specific manufacturing needs. Whether you require custom plastic parts for automotive, electronics, medical, or any other industry, our molding part offers exceptional durability and precision. Superior Quality At our company, we prioritize quality in every step of the manufacturing process. &hellip;<\/p>\n<p class=\"read-more\"> <a class=\"\" href=\"https:\/\/mk-product.com\/pl\/produkt\/custom-plastic-injection-molding-part\/\"> <span class=\"screen-reader-text\">Niestandardowe cz\u0119\u015bci do formowania wtryskowego tworzyw sztucznych<\/span> Read More &raquo;<\/a><\/p>","protected":false},"featured_media":1058,"template":"","meta":{"site-sidebar-layout":"default","site-content-layout":"","ast-site-content-layout":"default","site-content-style":"default","site-sidebar-style":"default","ast-global-header-display":"","ast-banner-title-visibility":"","ast-main-header-display":"","ast-hfb-above-header-display":"","ast-hfb-below-header-display":"","ast-hfb-mobile-header-display":"","site-post-title":"","ast-breadcrumbs-content":"","ast-featured-img":"","footer-sml-layout":"","theme-transparent-header-meta":"default","adv-header-id-meta":"","stick-header-meta":"","header-above-stick-meta":"","header-main-stick-meta":"","header-below-stick-meta":"","astra-migrate-meta-layouts":"set","ast-page-background-enabled":"default","ast-page-background-meta":{"desktop":{"background-color":"","background-image":"","background-repeat":"repeat","background-position":"center center","background-size":"auto","background-attachment":"scroll","background-type":"","background-media":"","overlay-type":"","overlay-color":"","overlay-gradient":""},"tablet":{"background-color":"","background-image":"","background-repeat":"repeat","background-position":"center center","background-size":"auto","background-attachment":"scroll","background-type":"","background-media":"","overlay-type":"","overlay-color":"","overlay-gradient":""},"mobile":{"background-color":"","background-image":"","background-repeat":"repeat","background-position":"center center","background-size":"auto","background-attachment":"scroll","background-type":"","background-media":"","overlay-type":"","overlay-color":"","overlay-gradient":""}},"ast-content-background-meta":{"desktop":{"background-color":"var(--ast-global-color-5)","background-image":"","background-repeat":"repeat","background-position":"center center","background-size":"auto","background-attachment":"scroll","background-type":"","background-media":"","overlay-type":"","overlay-color":"","overlay-gradient":""},"tablet":{"background-color":"var(--ast-global-color-5)","background-image":"","background-repeat":"repeat","background-position":"center center","background-size":"auto","background-attachment":"scroll","background-type":"","background-media":"","overlay-type":"","overlay-color":"","overlay-gradient":""},"mobile":{"background-color":"var(--ast-global-color-5)","background-image":"","background-repeat":"repeat","background-position":"center center","background-size":"auto","background-attachment":"scroll","background-type":"","background-media":"","overlay-type":"","overlay-color":"","overlay-gradient":""}}},"product_cat":[23],"product_tag":[],"yoast_head":"<!-- This site is optimized with the Yoast SEO plugin v21.7 - https:\/\/yoast.com\/wordpress\/plugins\/seo\/ -->\n<title>Custom Plastic injection Molding Part - mk-product.com<\/title>\n<meta name=\"robots\" content=\"index, follow, max-snippet:-1, max-image-preview:large, max-video-preview:-1\" \/>\n<link rel=\"canonical\" href=\"https:\/\/mk-product.com\/pl\/produkt\/custom-plastic-injection-molding-part\/\" \/>\n<meta property=\"og:locale\" content=\"pl_PL\" \/>\n<meta property=\"og:type\" content=\"article\" \/>\n<meta property=\"og:title\" content=\"Custom Plastic injection Molding Part - mk-product.com\" \/>\n<meta property=\"og:description\" content=\"Plastic Molding Part Our plastic molding part is a high-quality component designed to meet your specific manufacturing needs. Whether you require custom plastic parts for automotive, electronics, medical, or any other industry, our molding part offers exceptional durability and precision. Superior Quality At our company, we prioritize quality in every step of the manufacturing process. &hellip; Custom Plastic injection Molding Part Read More &raquo;\" \/>\n<meta property=\"og:url\" content=\"https:\/\/mk-product.com\/pl\/produkt\/custom-plastic-injection-molding-part\/\" \/>\n<meta property=\"og:site_name\" content=\"mk-product.com\" \/>\n<meta property=\"article:modified_time\" content=\"2023-12-14T15:11:58+00:00\" \/>\n<meta property=\"og:image\" content=\"https:\/\/mk-product.com\/wp-content\/uploads\/2023\/12\/AYU9565-e1702391953881.webp\" \/>\n\t<meta property=\"og:image:width\" content=\"800\" \/>\n\t<meta property=\"og:image:height\" content=\"702\" \/>\n\t<meta property=\"og:image:type\" content=\"image\/webp\" \/>\n<meta name=\"twitter:card\" content=\"summary_large_image\" \/>\n<meta name=\"twitter:label1\" content=\"Szacowany czas czytania\" \/>\n\t<meta name=\"twitter:data1\" content=\"2 minuty\" \/>\n<script type=\"application\/ld+json\" class=\"yoast-schema-graph\">{\"@context\":\"https:\/\/schema.org\",\"@graph\":[{\"@type\":\"WebPage\",\"@id\":\"https:\/\/mk-product.com\/product\/custom-plastic-injection-molding-part\/\",\"url\":\"https:\/\/mk-product.com\/product\/custom-plastic-injection-molding-part\/\",\"name\":\"Custom Plastic injection Molding Part - mk-product.com\",\"isPartOf\":{\"@id\":\"https:\/\/mk-product.com\/#website\"},\"datePublished\":\"2023-12-12T14:39:27+00:00\",\"dateModified\":\"2023-12-14T15:11:58+00:00\",\"breadcrumb\":{\"@id\":\"https:\/\/mk-product.com\/product\/custom-plastic-injection-molding-part\/#breadcrumb\"},\"inLanguage\":\"pl-PL\",\"potentialAction\":[{\"@type\":\"ReadAction\",\"target\":[\"https:\/\/mk-product.com\/product\/custom-plastic-injection-molding-part\/\"]}]},{\"@type\":\"BreadcrumbList\",\"@id\":\"https:\/\/mk-product.com\/product\/custom-plastic-injection-molding-part\/#breadcrumb\",\"itemListElement\":[{\"@type\":\"ListItem\",\"position\":1,\"name\":\"Home\",\"item\":\"https:\/\/mk-product.com\/\"},{\"@type\":\"ListItem\",\"position\":2,\"name\":\"Products\",\"item\":\"https:\/\/mk-product.com\/products\/\"},{\"@type\":\"ListItem\",\"position\":3,\"name\":\"Custom Plastic injection Molding Part\"}]},{\"@type\":\"WebSite\",\"@id\":\"https:\/\/mk-product.com\/#website\",\"url\":\"https:\/\/mk-product.com\/\",\"name\":\"mk-product.com\",\"description\":\"\",\"publisher\":{\"@id\":\"https:\/\/mk-product.com\/#organization\"},\"potentialAction\":[{\"@type\":\"SearchAction\",\"target\":{\"@type\":\"EntryPoint\",\"urlTemplate\":\"https:\/\/mk-product.com\/?s={search_term_string}\"},\"query-input\":\"required name=search_term_string\"}],\"inLanguage\":\"pl-PL\"},{\"@type\":\"Organization\",\"@id\":\"https:\/\/mk-product.com\/#organization\",\"name\":\"mk-product.com\",\"url\":\"https:\/\/mk-product.com\/\",\"logo\":{\"@type\":\"ImageObject\",\"inLanguage\":\"pl-PL\",\"@id\":\"https:\/\/mk-product.com\/#\/schema\/logo\/image\/\",\"url\":\"https:\/\/mk-product.com\/wp-content\/uploads\/2023\/12\/cropped-MK-logo-final.png\",\"contentUrl\":\"https:\/\/mk-product.com\/wp-content\/uploads\/2023\/12\/cropped-MK-logo-final.png\",\"width\":780,\"height\":430,\"caption\":\"mk-product.com\"},\"image\":{\"@id\":\"https:\/\/mk-product.com\/#\/schema\/logo\/image\/\"}}]}<\/script>\n<!-- \/ Yoast SEO plugin. -->","yoast_head_json":{"title":"Custom Plastic injection Molding Part - mk-product.com","robots":{"index":"index","follow":"follow","max-snippet":"max-snippet:-1","max-image-preview":"max-image-preview:large","max-video-preview":"max-video-preview:-1"},"canonical":"https:\/\/mk-product.com\/pl\/produkt\/custom-plastic-injection-molding-part\/","og_locale":"pl_PL","og_type":"article","og_title":"Custom Plastic injection Molding Part - mk-product.com","og_description":"Plastic Molding Part Our plastic molding part is a high-quality component designed to meet your specific manufacturing needs. Whether you require custom plastic parts for automotive, electronics, medical, or any other industry, our molding part offers exceptional durability and precision. Superior Quality At our company, we prioritize quality in every step of the manufacturing process. &hellip; Custom Plastic injection Molding Part Read More &raquo;","og_url":"https:\/\/mk-product.com\/pl\/produkt\/custom-plastic-injection-molding-part\/","og_site_name":"mk-product.com","article_modified_time":"2023-12-14T15:11:58+00:00","og_image":[{"width":800,"height":702,"url":"https:\/\/mk-product.com\/wp-content\/uploads\/2023\/12\/AYU9565-e1702391953881.webp","type":"image\/webp"}],"twitter_card":"summary_large_image","twitter_misc":{"Szacowany czas czytania":"2 minuty"},"schema":{"@context":"https:\/\/schema.org","@graph":[{"@type":"WebPage","@id":"https:\/\/mk-product.com\/product\/custom-plastic-injection-molding-part\/","url":"https:\/\/mk-product.com\/product\/custom-plastic-injection-molding-part\/","name":"Custom Plastic injection Molding Part - mk-product.com","isPartOf":{"@id":"https:\/\/mk-product.com\/#website"},"datePublished":"2023-12-12T14:39:27+00:00","dateModified":"2023-12-14T15:11:58+00:00","breadcrumb":{"@id":"https:\/\/mk-product.com\/product\/custom-plastic-injection-molding-part\/#breadcrumb"},"inLanguage":"pl-PL","potentialAction":[{"@type":"ReadAction","target":["https:\/\/mk-product.com\/product\/custom-plastic-injection-molding-part\/"]}]},{"@type":"BreadcrumbList","@id":"https:\/\/mk-product.com\/product\/custom-plastic-injection-molding-part\/#breadcrumb","itemListElement":[{"@type":"ListItem","position":1,"name":"Home","item":"https:\/\/mk-product.com\/"},{"@type":"ListItem","position":2,"name":"Products","item":"https:\/\/mk-product.com\/products\/"},{"@type":"ListItem","position":3,"name":"Custom Plastic injection Molding Part"}]},{"@type":"WebSite","@id":"https:\/\/mk-product.com\/#website","url":"https:\/\/mk-product.com\/","name":"mk-product.com","description":"","publisher":{"@id":"https:\/\/mk-product.com\/#organization"},"potentialAction":[{"@type":"SearchAction","target":{"@type":"EntryPoint","urlTemplate":"https:\/\/mk-product.com\/?s={search_term_string}"},"query-input":"required name=search_term_string"}],"inLanguage":"pl-PL"},{"@type":"Organization","@id":"https:\/\/mk-product.com\/#organization","name":"mk-product.com","url":"https:\/\/mk-product.com\/","logo":{"@type":"ImageObject","inLanguage":"pl-PL","@id":"https:\/\/mk-product.com\/#\/schema\/logo\/image\/","url":"https:\/\/mk-product.com\/wp-content\/uploads\/2023\/12\/cropped-MK-logo-final.png","contentUrl":"https:\/\/mk-product.com\/wp-content\/uploads\/2023\/12\/cropped-MK-logo-final.png","width":780,"height":430,"caption":"mk-product.com"},"image":{"@id":"https:\/\/mk-product.com\/#\/schema\/logo\/image\/"}}]}},"_links":{"self":[{"href":"https:\/\/mk-product.com\/pl\/wp-json\/wp\/v2\/product\/1057"}],"collection":[{"href":"https:\/\/mk-product.com\/pl\/wp-json\/wp\/v2\/product"}],"about":[{"href":"https:\/\/mk-product.com\/pl\/wp-json\/wp\/v2\/types\/product"}],"wp:featuredmedia":[{"embeddable":true,"href":"https:\/\/mk-product.com\/pl\/wp-json\/wp\/v2\/media\/1058"}],"wp:attachment":[{"href":"https:\/\/mk-product.com\/pl\/wp-json\/wp\/v2\/media?parent=1057"}],"wp:term":[{"taxonomy":"product_cat","embeddable":true,"href":"https:\/\/mk-product.com\/pl\/wp-json\/wp\/v2\/product_cat?post=1057"},{"taxonomy":"product_tag","embeddable":true,"href":"https:\/\/mk-product.com\/pl\/wp-json\/wp\/v2\/product_tag?post=1057"}],"curies":[{"name":"wp","href":"https:\/\/api.w.org\/{rel}","templated":true}]}}