{"id":1053,"date":"2023-12-12T22:36:27","date_gmt":"2023-12-12T14:36:27","guid":{"rendered":"https:\/\/mk-product.com\/?post_type=product&#038;p=1053"},"modified":"2023-12-14T05:18:54","modified_gmt":"2023-12-14T15:18:54","slug":"oem-aluminum-alloy-die-casting-parts","status":"publish","type":"product","link":"https:\/\/mk-product.com\/pl\/produkt\/oem-aluminum-alloy-die-casting-parts\/","title":{"rendered":"Cz\u0119\u015bci odlewnicze ze stopu aluminium OEM"},"content":{"rendered":"<h2>Wprowadzenie do cz\u0119\u015bci odlewanych ci\u015bnieniowo z aluminium<\/h2>\n<p>Odlewanie ci\u015bnieniowe aluminium to bardzo wszechstronny proces produkcyjny, kt\u00f3ry polega na wtryskiwaniu stopionego aluminium do wn\u0119ki formy pod wysokim ci\u015bnieniem. Proces ten pozwala na produkcj\u0119 z\u0142o\u017conych i skomplikowanych cz\u0119\u015bci o doskona\u0142ej dok\u0142adno\u015bci wymiarowej i wyko\u0144czeniu powierzchni. Cz\u0119\u015bci odlewane ci\u015bnieniowo z aluminium s\u0105 szeroko stosowane w r\u00f3\u017cnych bran\u017cach, w tym motoryzacyjnej, lotniczej, elektronicznej i d\u00f3br konsumpcyjnych.<\/p>\n<h2>Zalety cz\u0119\u015bci odlewanych ci\u015bnieniowo z aluminium<\/h2>\n<p>Istnieje kilka zalet stosowania cz\u0119\u015bci odlewanych ci\u015bnieniowo z aluminium:<\/p>\n<ul>\n<li><strong>Lekka waga:<\/strong> Aluminium jest lekkie, co czyni je idealnym wyborem do zastosowa\u0144, w kt\u00f3rych redukcja masy ma kluczowe znaczenie, takich jak przemys\u0142 motoryzacyjny i lotniczy.<\/li>\n<li><strong>Wysoka wytrzyma\u0142o\u015b\u0107:<\/strong> Pomimo swojej lekko\u015bci, cz\u0119\u015bci odlewane ci\u015bnieniowo z aluminium oferuj\u0105 doskona\u0142\u0105 wytrzyma\u0142o\u015b\u0107 i trwa\u0142o\u015b\u0107.<\/li>\n<li><strong>Dok\u0142adno\u015b\u0107 wymiarowa:<\/strong> Proces odlewania ci\u015bnieniowego zapewnia precyzyjne i sp\u00f3jne wymiary, dzi\u0119ki czemu cz\u0119\u015bci idealnie do siebie pasuj\u0105.<\/li>\n<li><strong>Z\u0142o\u017cone kszta\u0142ty:<\/strong> Odlewanie ci\u015bnieniowe aluminium pozwala na produkcj\u0119 z\u0142o\u017conych kszta\u0142t\u00f3w i skomplikowanych detali, kt\u00f3re nie s\u0105 \u0142atwo osi\u0105galne przy u\u017cyciu innych metod produkcji.<\/li>\n<li><strong>Doskona\u0142e wyko\u0144czenie powierzchni:<\/strong> Proces odlewania ci\u015bnieniowego wytwarza cz\u0119\u015bci o g\u0142adkim wyko\u0144czeniu powierzchni, zmniejszaj\u0105c potrzeb\u0119 dodatkowych operacji wyko\u0144czeniowych.<\/li>\n<li><strong>Op\u0142acalno\u015b\u0107:<\/strong> Cz\u0119\u015bci odlewane ci\u015bnieniowo z aluminium mog\u0105 by\u0107 produkowane w du\u017cych ilo\u015bciach przy stosunkowo niskich kosztach, co czyni je ekonomicznym wyborem do produkcji masowej.<\/li>\n<\/ul>\n<h2>Zastosowania cz\u0119\u015bci odlewanych ci\u015bnieniowo z aluminium<\/h2>\n<p>Cz\u0119\u015bci odlewane ci\u015bnieniowo z aluminium znajduj\u0105 zastosowanie w r\u00f3\u017cnych ga\u0142\u0119ziach przemys\u0142u:<\/p>\n<ul>\n<li><strong>Motoryzacja:<\/strong> Cz\u0119\u015bci odlewane ci\u015bnieniowo z aluminium s\u0105 szeroko stosowane w przemy\u015ble motoryzacyjnym do produkcji komponent\u00f3w silnika, obud\u00f3w skrzyni bieg\u00f3w, cz\u0119\u015bci zawieszenia i innych.<\/li>\n<li><strong>Aerospace:<\/strong> Przemys\u0142 lotniczy opiera si\u0119 na aluminiowych odlewach ci\u015bnieniowych komponent\u00f3w samolot\u00f3w, w tym cz\u0119\u015bci silnika, element\u00f3w konstrukcyjnych i wyposa\u017cenia wn\u0119trz.<\/li>\n<li><strong>Elektronika:<\/strong> Cz\u0119\u015bci odlewane ci\u015bnieniowo z aluminium s\u0105 stosowane w urz\u0105dzeniach elektronicznych, takich jak radiatory, z\u0142\u0105cza i obudowy.<\/li>\n<li><strong>Towary konsumpcyjne:<\/strong> Wiele towar\u00f3w konsumpcyjnych, takich jak elektronarz\u0119dzia, urz\u0105dzenia kuchenne i sprz\u0119t sportowy, wykorzystuje cz\u0119\u015bci odlewane ci\u015bnieniowo z aluminium ze wzgl\u0119du na ich lekko\u015b\u0107 i trwa\u0142o\u015b\u0107.<\/li>\n<li><strong>Urz\u0105dzenia przemys\u0142owe:<\/strong> Cz\u0119\u015bci odlewane ci\u015bnieniowo z aluminium s\u0105 r\u00f3wnie\u017c wykorzystywane w urz\u0105dzeniach przemys\u0142owych, takich jak pompy, zawory i elementy maszyn.<\/li>\n<\/ul>\n<h2>Proces odlewania ci\u015bnieniowego aluminium<\/h2>\n<p>Proces odlewania ci\u015bnieniowego aluminium obejmuje kilka etap\u00f3w:<\/p>\n<ol>\n<li><strong>Projektowanie i produkcja narz\u0119dzi:<\/strong> Forma, znana r\u00f3wnie\u017c jako matryca, jest projektowana i produkowana zgodnie z po\u017c\u0105danym kszta\u0142tem cz\u0119\u015bci.<\/li>\n<li><strong>Topienie i wtryskiwanie:<\/strong> Aluminium jest topione w piecu, a nast\u0119pnie wtryskiwane do wn\u0119ki matrycy pod wysokim ci\u015bnieniem.<\/li>\n<li><strong>Ch\u0142odzenie i krzepni\u0119cie:<\/strong> Stopione aluminium szybko sch\u0142adza si\u0119 i krzepnie w matrycy, przyjmuj\u0105c kszta\u0142t wn\u0119ki.<\/li>\n<li><strong>Wyrzucanie i przycinanie:<\/strong> Zestalona cz\u0119\u015b\u0107 jest wyrzucana z matrycy, a nadmiar materia\u0142u lub wyp\u0142ywki s\u0105 odcinane.<\/li>\n<li><strong>Wyko\u0144czenie:<\/strong> Gotowa cz\u0119\u015b\u0107 mo\u017ce zosta\u0107 poddana dodatkowym procesom wyko\u0144czeniowym, takim jak obr\u00f3bka skrawaniem, polerowanie lub obr\u00f3bka powierzchni, w celu osi\u0105gni\u0119cia po\u017c\u0105danych specyfikacji i wygl\u0105du.<\/li>\n<\/ol>\n<h2>Wnioski<\/h2>\n<p>Cz\u0119\u015bci odlewane ci\u015bnieniowo z aluminium oferuj\u0105 liczne zalety, w tym lekko\u015b\u0107, wysok\u0105 wytrzyma\u0142o\u015b\u0107, dok\u0142adno\u015b\u0107 wymiarow\u0105 i doskona\u0142e wyko\u0144czenie powierzchni. Znajduj\u0105 one zastosowanie w r\u00f3\u017cnych bran\u017cach, takich jak motoryzacja, lotnictwo, elektronika i towary konsumpcyjne. Proces odlewania ci\u015bnieniowego aluminium pozwala na produkcj\u0119 z\u0142o\u017conych i skomplikowanych cz\u0119\u015bci z \u0142atwo\u015bci\u0105, co czyni go popularnym wyborem dla producent\u00f3w. Niezale\u017cnie od tego, czy potrzebujesz komponent\u00f3w silnika, cz\u0119\u015bci lotniczych czy obud\u00f3w elektronicznych, cz\u0119\u015bci odlewane ci\u015bnieniowo z aluminium zapewniaj\u0105 wymagan\u0105 wydajno\u015b\u0107 i niezawodno\u015b\u0107.<\/p>","protected":false},"excerpt":{"rendered":"<p>Introduction to Aluminum Die Casting Parts Aluminum die casting is a highly versatile manufacturing process that involves injecting molten aluminum into a mold cavity under high pressure. This process allows for the production of complex and intricate parts with excellent dimensional accuracy and surface finish. Aluminum die casting parts are widely used in various industries, &hellip;<\/p>\n<p class=\"read-more\"> <a class=\"\" href=\"https:\/\/mk-product.com\/pl\/produkt\/oem-aluminum-alloy-die-casting-parts\/\"> <span class=\"screen-reader-text\">Cz\u0119\u015bci odlewnicze ze stopu aluminium OEM<\/span> Read More &raquo;<\/a><\/p>","protected":false},"featured_media":1054,"template":"","meta":{"site-sidebar-layout":"default","site-content-layout":"","ast-site-content-layout":"default","site-content-style":"default","site-sidebar-style":"default","ast-global-header-display":"","ast-banner-title-visibility":"","ast-main-header-display":"","ast-hfb-above-header-display":"","ast-hfb-below-header-display":"","ast-hfb-mobile-header-display":"","site-post-title":"","ast-breadcrumbs-content":"","ast-featured-img":"","footer-sml-layout":"","theme-transparent-header-meta":"default","adv-header-id-meta":"","stick-header-meta":"","header-above-stick-meta":"","header-main-stick-meta":"","header-below-stick-meta":"","astra-migrate-meta-layouts":"set","ast-page-background-enabled":"default","ast-page-background-meta":{"desktop":{"background-color":"","background-image":"","background-repeat":"repeat","background-position":"center center","background-size":"auto","background-attachment":"scroll","background-type":"","background-media":"","overlay-type":"","overlay-color":"","overlay-gradient":""},"tablet":{"background-color":"","background-image":"","background-repeat":"repeat","background-position":"center center","background-size":"auto","background-attachment":"scroll","background-type":"","background-media":"","overlay-type":"","overlay-color":"","overlay-gradient":""},"mobile":{"background-color":"","background-image":"","background-repeat":"repeat","background-position":"center center","background-size":"auto","background-attachment":"scroll","background-type":"","background-media":"","overlay-type":"","overlay-color":"","overlay-gradient":""}},"ast-content-background-meta":{"desktop":{"background-color":"var(--ast-global-color-5)","background-image":"","background-repeat":"repeat","background-position":"center center","background-size":"auto","background-attachment":"scroll","background-type":"","background-media":"","overlay-type":"","overlay-color":"","overlay-gradient":""},"tablet":{"background-color":"var(--ast-global-color-5)","background-image":"","background-repeat":"repeat","background-position":"center center","background-size":"auto","background-attachment":"scroll","background-type":"","background-media":"","overlay-type":"","overlay-color":"","overlay-gradient":""},"mobile":{"background-color":"var(--ast-global-color-5)","background-image":"","background-repeat":"repeat","background-position":"center center","background-size":"auto","background-attachment":"scroll","background-type":"","background-media":"","overlay-type":"","overlay-color":"","overlay-gradient":""}}},"product_cat":[24],"product_tag":[],"yoast_head":"<!-- This site is optimized with the Yoast SEO plugin v21.7 - https:\/\/yoast.com\/wordpress\/plugins\/seo\/ -->\n<title>OEM Aluminum alloy Die Casting Parts - mk-product.com<\/title>\n<meta name=\"robots\" content=\"index, follow, max-snippet:-1, max-image-preview:large, max-video-preview:-1\" \/>\n<link rel=\"canonical\" href=\"https:\/\/mk-product.com\/pl\/produkt\/oem-aluminum-alloy-die-casting-parts\/\" \/>\n<meta property=\"og:locale\" content=\"pl_PL\" \/>\n<meta property=\"og:type\" content=\"article\" \/>\n<meta property=\"og:title\" content=\"OEM Aluminum alloy Die Casting Parts - mk-product.com\" \/>\n<meta property=\"og:description\" content=\"Introduction to Aluminum Die Casting Parts Aluminum die casting is a highly versatile manufacturing process that involves injecting molten aluminum into a mold cavity under high pressure. This process allows for the production of complex and intricate parts with excellent dimensional accuracy and surface finish. Aluminum die casting parts are widely used in various industries, &hellip; OEM Aluminum alloy Die Casting Parts Read More &raquo;\" \/>\n<meta property=\"og:url\" content=\"https:\/\/mk-product.com\/pl\/produkt\/oem-aluminum-alloy-die-casting-parts\/\" \/>\n<meta property=\"og:site_name\" content=\"mk-product.com\" \/>\n<meta property=\"article:modified_time\" content=\"2023-12-14T15:18:54+00:00\" \/>\n<meta property=\"og:image\" content=\"https:\/\/mk-product.com\/wp-content\/uploads\/2023\/12\/AYU9513-e1702391535272.webp\" \/>\n\t<meta property=\"og:image:width\" content=\"800\" \/>\n\t<meta property=\"og:image:height\" content=\"704\" \/>\n\t<meta property=\"og:image:type\" content=\"image\/webp\" \/>\n<meta name=\"twitter:card\" content=\"summary_large_image\" \/>\n<meta name=\"twitter:label1\" content=\"Szacowany czas czytania\" \/>\n\t<meta name=\"twitter:data1\" content=\"3 minuty\" \/>\n<script type=\"application\/ld+json\" class=\"yoast-schema-graph\">{\"@context\":\"https:\/\/schema.org\",\"@graph\":[{\"@type\":\"WebPage\",\"@id\":\"https:\/\/mk-product.com\/product\/oem-aluminum-alloy-die-casting-parts\/\",\"url\":\"https:\/\/mk-product.com\/product\/oem-aluminum-alloy-die-casting-parts\/\",\"name\":\"OEM Aluminum alloy Die Casting Parts - mk-product.com\",\"isPartOf\":{\"@id\":\"https:\/\/mk-product.com\/#website\"},\"datePublished\":\"2023-12-12T14:36:27+00:00\",\"dateModified\":\"2023-12-14T15:18:54+00:00\",\"breadcrumb\":{\"@id\":\"https:\/\/mk-product.com\/product\/oem-aluminum-alloy-die-casting-parts\/#breadcrumb\"},\"inLanguage\":\"pl-PL\",\"potentialAction\":[{\"@type\":\"ReadAction\",\"target\":[\"https:\/\/mk-product.com\/product\/oem-aluminum-alloy-die-casting-parts\/\"]}]},{\"@type\":\"BreadcrumbList\",\"@id\":\"https:\/\/mk-product.com\/product\/oem-aluminum-alloy-die-casting-parts\/#breadcrumb\",\"itemListElement\":[{\"@type\":\"ListItem\",\"position\":1,\"name\":\"Home\",\"item\":\"https:\/\/mk-product.com\/\"},{\"@type\":\"ListItem\",\"position\":2,\"name\":\"Products\",\"item\":\"https:\/\/mk-product.com\/products\/\"},{\"@type\":\"ListItem\",\"position\":3,\"name\":\"OEM Aluminum alloy Die Casting Parts\"}]},{\"@type\":\"WebSite\",\"@id\":\"https:\/\/mk-product.com\/#website\",\"url\":\"https:\/\/mk-product.com\/\",\"name\":\"mk-product.com\",\"description\":\"\",\"publisher\":{\"@id\":\"https:\/\/mk-product.com\/#organization\"},\"potentialAction\":[{\"@type\":\"SearchAction\",\"target\":{\"@type\":\"EntryPoint\",\"urlTemplate\":\"https:\/\/mk-product.com\/?s={search_term_string}\"},\"query-input\":\"required name=search_term_string\"}],\"inLanguage\":\"pl-PL\"},{\"@type\":\"Organization\",\"@id\":\"https:\/\/mk-product.com\/#organization\",\"name\":\"mk-product.com\",\"url\":\"https:\/\/mk-product.com\/\",\"logo\":{\"@type\":\"ImageObject\",\"inLanguage\":\"pl-PL\",\"@id\":\"https:\/\/mk-product.com\/#\/schema\/logo\/image\/\",\"url\":\"https:\/\/mk-product.com\/wp-content\/uploads\/2023\/12\/cropped-MK-logo-final.png\",\"contentUrl\":\"https:\/\/mk-product.com\/wp-content\/uploads\/2023\/12\/cropped-MK-logo-final.png\",\"width\":780,\"height\":430,\"caption\":\"mk-product.com\"},\"image\":{\"@id\":\"https:\/\/mk-product.com\/#\/schema\/logo\/image\/\"}}]}<\/script>\n<!-- \/ Yoast SEO plugin. -->","yoast_head_json":{"title":"OEM Aluminum alloy Die Casting Parts - mk-product.com","robots":{"index":"index","follow":"follow","max-snippet":"max-snippet:-1","max-image-preview":"max-image-preview:large","max-video-preview":"max-video-preview:-1"},"canonical":"https:\/\/mk-product.com\/pl\/produkt\/oem-aluminum-alloy-die-casting-parts\/","og_locale":"pl_PL","og_type":"article","og_title":"OEM Aluminum alloy Die Casting Parts - mk-product.com","og_description":"Introduction to Aluminum Die Casting Parts Aluminum die casting is a highly versatile manufacturing process that involves injecting molten aluminum into a mold cavity under high pressure. This process allows for the production of complex and intricate parts with excellent dimensional accuracy and surface finish. Aluminum die casting parts are widely used in various industries, &hellip; OEM Aluminum alloy Die Casting Parts Read More &raquo;","og_url":"https:\/\/mk-product.com\/pl\/produkt\/oem-aluminum-alloy-die-casting-parts\/","og_site_name":"mk-product.com","article_modified_time":"2023-12-14T15:18:54+00:00","og_image":[{"width":800,"height":704,"url":"https:\/\/mk-product.com\/wp-content\/uploads\/2023\/12\/AYU9513-e1702391535272.webp","type":"image\/webp"}],"twitter_card":"summary_large_image","twitter_misc":{"Szacowany czas czytania":"3 minuty"},"schema":{"@context":"https:\/\/schema.org","@graph":[{"@type":"WebPage","@id":"https:\/\/mk-product.com\/product\/oem-aluminum-alloy-die-casting-parts\/","url":"https:\/\/mk-product.com\/product\/oem-aluminum-alloy-die-casting-parts\/","name":"OEM Aluminum alloy Die Casting Parts - mk-product.com","isPartOf":{"@id":"https:\/\/mk-product.com\/#website"},"datePublished":"2023-12-12T14:36:27+00:00","dateModified":"2023-12-14T15:18:54+00:00","breadcrumb":{"@id":"https:\/\/mk-product.com\/product\/oem-aluminum-alloy-die-casting-parts\/#breadcrumb"},"inLanguage":"pl-PL","potentialAction":[{"@type":"ReadAction","target":["https:\/\/mk-product.com\/product\/oem-aluminum-alloy-die-casting-parts\/"]}]},{"@type":"BreadcrumbList","@id":"https:\/\/mk-product.com\/product\/oem-aluminum-alloy-die-casting-parts\/#breadcrumb","itemListElement":[{"@type":"ListItem","position":1,"name":"Home","item":"https:\/\/mk-product.com\/"},{"@type":"ListItem","position":2,"name":"Products","item":"https:\/\/mk-product.com\/products\/"},{"@type":"ListItem","position":3,"name":"OEM Aluminum alloy Die Casting Parts"}]},{"@type":"WebSite","@id":"https:\/\/mk-product.com\/#website","url":"https:\/\/mk-product.com\/","name":"mk-product.com","description":"","publisher":{"@id":"https:\/\/mk-product.com\/#organization"},"potentialAction":[{"@type":"SearchAction","target":{"@type":"EntryPoint","urlTemplate":"https:\/\/mk-product.com\/?s={search_term_string}"},"query-input":"required name=search_term_string"}],"inLanguage":"pl-PL"},{"@type":"Organization","@id":"https:\/\/mk-product.com\/#organization","name":"mk-product.com","url":"https:\/\/mk-product.com\/","logo":{"@type":"ImageObject","inLanguage":"pl-PL","@id":"https:\/\/mk-product.com\/#\/schema\/logo\/image\/","url":"https:\/\/mk-product.com\/wp-content\/uploads\/2023\/12\/cropped-MK-logo-final.png","contentUrl":"https:\/\/mk-product.com\/wp-content\/uploads\/2023\/12\/cropped-MK-logo-final.png","width":780,"height":430,"caption":"mk-product.com"},"image":{"@id":"https:\/\/mk-product.com\/#\/schema\/logo\/image\/"}}]}},"_links":{"self":[{"href":"https:\/\/mk-product.com\/pl\/wp-json\/wp\/v2\/product\/1053"}],"collection":[{"href":"https:\/\/mk-product.com\/pl\/wp-json\/wp\/v2\/product"}],"about":[{"href":"https:\/\/mk-product.com\/pl\/wp-json\/wp\/v2\/types\/product"}],"wp:featuredmedia":[{"embeddable":true,"href":"https:\/\/mk-product.com\/pl\/wp-json\/wp\/v2\/media\/1054"}],"wp:attachment":[{"href":"https:\/\/mk-product.com\/pl\/wp-json\/wp\/v2\/media?parent=1053"}],"wp:term":[{"taxonomy":"product_cat","embeddable":true,"href":"https:\/\/mk-product.com\/pl\/wp-json\/wp\/v2\/product_cat?post=1053"},{"taxonomy":"product_tag","embeddable":true,"href":"https:\/\/mk-product.com\/pl\/wp-json\/wp\/v2\/product_tag?post=1053"}],"curies":[{"name":"wp","href":"https:\/\/api.w.org\/{rel}","templated":true}]}}