{"id":1040,"date":"2023-12-12T22:19:39","date_gmt":"2023-12-12T14:19:39","guid":{"rendered":"https:\/\/mk-product.com\/?post_type=product&#038;p=1040"},"modified":"2023-12-14T05:13:47","modified_gmt":"2023-12-14T15:13:47","slug":"aluminum-die-casting-patio-furniture-parts","status":"publish","type":"product","link":"https:\/\/mk-product.com\/pl\/produkt\/aluminum-die-casting-patio-furniture-parts\/","title":{"rendered":"Cz\u0119\u015bci mebli ogrodowych odlewane ci\u015bnieniowo z aluminium"},"content":{"rendered":"<h2>Ulepsz swoj\u0105 przestrze\u0144 zewn\u0119trzn\u0105 dzi\u0119ki cz\u0119\u015bciom mebli ogrodowych odlewanym ci\u015bnieniowo z aluminium<\/h2>\n<p>Chcesz ulepszy\u0107 swoje meble ogrodowe? Nie szukaj dalej! Nasze wysokiej jako\u015bci cz\u0119\u015bci do mebli ogrodowych z odlewu aluminiowego s\u0105 idealnym rozwi\u0105zaniem, aby przekszta\u0142ci\u0107 przestrze\u0144 zewn\u0119trzn\u0105 w stylow\u0105 i wygodn\u0105 oaz\u0119.<\/p>\n<h3>Korzy\u015bci p\u0142yn\u0105ce z odlewania ci\u015bnieniowego aluminium<\/h3>\n<p>Odlewanie ci\u015bnieniowe aluminium jest procesem produkcyjnym, kt\u00f3ry wytwarza mocne i trwa\u0142e cz\u0119\u015bci o doskona\u0142ej dok\u0142adno\u015bci wymiarowej. Proces ten polega na wtryskiwaniu stopionego aluminium do wn\u0119ki formy pod wysokim ci\u015bnieniem, w wyniku czego powstaj\u0105 skomplikowane i precyzyjne cz\u0119\u015bci mebli ogrodowych.<\/p>\n<p>Oto kilka kluczowych zalet stosowania odlew\u00f3w aluminiowych do produkcji cz\u0119\u015bci mebli ogrodowych:<\/p>\n<ul>\n<li><strong>Wytrzyma\u0142o\u015b\u0107 i trwa\u0142o\u015b\u0107:<\/strong> Aluminiowe odlewy ci\u015bnieniowe tworz\u0105 cz\u0119\u015bci, kt\u00f3re s\u0105 mocne i odporne na warunki atmosferyczne, dzi\u0119ki czemu idealnie nadaj\u0105 si\u0119 do mebli ogrodowych.<\/li>\n<li><strong>Lekka waga:<\/strong> Pomimo swojej wytrzyma\u0142o\u015bci, aluminium jest lekkie, co u\u0142atwia przenoszenie i przestawianie mebli tarasowych w razie potrzeby.<\/li>\n<li><strong>Odporno\u015b\u0107 na korozj\u0119:<\/strong> Aluminium naturalnie tworzy ochronn\u0105 warstw\u0119 tlenku, dzi\u0119ki czemu jest wysoce odporne na korozj\u0119 i zapewnia trwa\u0142o\u015b\u0107 mebli ogrodowych na lata.<\/li>\n<li><strong>Elastyczno\u015b\u0107 konstrukcji:<\/strong> Aluminiowy odlew ci\u015bnieniowy pozwala na tworzenie skomplikowanych i z\u0142o\u017conych projekt\u00f3w, daj\u0105c niesko\u0144czone mo\u017cliwo\u015bci tworzenia unikalnych i stylowych mebli ogrodowych.<\/li>\n<\/ul>\n<h3>Szeroki wyb\u00f3r cz\u0119\u015bci do mebli ogrodowych<\/h3>\n<p>Niezale\u017cnie od tego, czy chcesz wymieni\u0107 pojedynczy element, czy zbudowa\u0107 ca\u0142y zestaw mebli ogrodowych, oferujemy szerok\u0105 gam\u0119 aluminiowych cz\u0119\u015bci odlewanych ci\u015bnieniowo, kt\u00f3re spe\u0142ni\u0105 Twoje potrzeby. Nasz wyb\u00f3r obejmuje:<\/p>\n<ul>\n<li>Ramy krzese\u0142<\/li>\n<li>Nogi sto\u0142u<\/li>\n<li>Pod\u0142okietniki<\/li>\n<li>Oparcia<\/li>\n<li>Wsporniki<\/li>\n<li>I wiele wi\u0119cej!<\/li>\n<\/ul>\n<p>Nasze cz\u0119\u015bci do mebli ogrodowych s\u0105 dost\u0119pne w r\u00f3\u017cnych rozmiarach i wyko\u0144czeniach, co pozwala stworzy\u0107 sp\u00f3jny i stylowy wygl\u0105d przestrzeni zewn\u0119trznej. Niezale\u017cnie od tego, czy preferujesz klasyczny, czy wsp\u00f3\u0142czesny design, nasze cz\u0119\u015bci mo\u017cna dostosowa\u0107 do Twojego unikalnego stylu.<\/p>\n<h3>Bezkompromisowa jako\u015b\u0107 i precyzja<\/h3>\n<p>W [Your Company Name] jeste\u015bmy dumni z dostarczania najwy\u017cszej jako\u015bci cz\u0119\u015bci do mebli ogrodowych odlewanych ci\u015bnieniowo z aluminium. Nasz zesp\u00f3\u0142 wykwalifikowanych in\u017cynier\u00f3w i technik\u00f3w zapewnia, \u017ce ka\u017cda cz\u0119\u015b\u0107 spe\u0142nia najsurowsze standardy jako\u015bci.<\/p>\n<p>Od pocz\u0105tkowej fazy projektowania do ko\u0144cowej produkcji, wykorzystujemy najnowocze\u015bniejsz\u0105 technologi\u0119 i rygorystyczne \u015brodki kontroli jako\u015bci, aby zapewni\u0107 precyzj\u0119 i trwa\u0142o\u015b\u0107 naszych cz\u0119\u015bci. Mo\u017cesz mie\u0107 pewno\u015b\u0107, \u017ce nasze cz\u0119\u015bci do mebli ogrodowych przetrwaj\u0105 pr\u00f3b\u0119 czasu i zapewni\u0105 ci lata przyjemno\u015bci.<\/p>\n<h3>\u0141atwa instalacja i konserwacja<\/h3>\n<p>Monta\u017c naszych odlewanych ci\u015bnieniowo aluminiowych cz\u0119\u015bci mebli ogrodowych jest dziecinnie prosty. Dzi\u0119ki precyzyjnym wymiarom i kompatybilno\u015bci mo\u017cna \u0142atwo wymieni\u0107 lub zmodernizowa\u0107 istniej\u0105ce elementy mebli ogrodowych bez \u017cadnych k\u0142opot\u00f3w.<\/p>\n<p>Konserwacja jest r\u00f3wnie\u017c bardzo prosta w przypadku naszych aluminiowych cz\u0119\u015bci odlewanych ci\u015bnieniowo. Wystarczy przetrze\u0107 je wilgotn\u0105 \u015bciereczk\u0105, aby zachowa\u0142y czysty i \u015bwie\u017cy wygl\u0105d. Odporne na korozj\u0119 w\u0142a\u015bciwo\u015bci aluminium gwarantuj\u0105, \u017ce meble tarasowe zachowaj\u0105 sw\u00f3j wygl\u0105d nawet w trudnych warunkach pogodowych.<\/p>\n<h3>Wyb\u00f3r przyjazny dla \u015brodowiska<\/h3>\n<p>Wyb\u00f3r odlewanych ci\u015bnieniowo aluminiowych cz\u0119\u015bci mebli ogrodowych to nie tylko \u015bwietna inwestycja w przestrze\u0144 zewn\u0119trzn\u0105, ale tak\u017ce w \u015brodowisko. Aluminium jest materia\u0142em w wysokim stopniu nadaj\u0105cym si\u0119 do recyklingu, co czyni go zr\u00f3wnowa\u017conym wyborem do produkcji mebli ogrodowych.<\/p>\n<p>Wybieraj\u0105c nasze cz\u0119\u015bci odlewane ci\u015bnieniowo z aluminium, podejmujesz \u015bwiadom\u0105 decyzj\u0119 o zmniejszeniu \u015bladu w\u0119glowego i przyczyniasz si\u0119 do bardziej ekologicznej przysz\u0142o\u015bci.<\/p>\n<h2>Przekszta\u0142\u0107 swoj\u0105 przestrze\u0144 zewn\u0119trzn\u0105 ju\u017c dzi\u015b!<\/h2>\n<p>Ulepsz swoje meble ogrodowe dzi\u0119ki naszym wysokiej jako\u015bci aluminiowym odlewom ci\u015bnieniowym. Dzi\u0119ki ich wytrzyma\u0142o\u015bci, trwa\u0142o\u015bci i elastyczno\u015bci projektowania mo\u017cesz stworzy\u0107 stylow\u0105 i wygodn\u0105 przestrze\u0144 zewn\u0119trzn\u0105, kt\u00f3ra zrobi wra\u017cenie na Twoich go\u015bciach i zapewni nieko\u0144cz\u0105c\u0105 si\u0119 przyjemno\u015b\u0107 przez wiele lat.<\/p>\n<p>Skontaktuj si\u0119 z nami ju\u017c dzi\u015b, aby zapozna\u0107 si\u0119 z nasz\u0105 szerok\u0105 gam\u0105 cz\u0119\u015bci do mebli ogrodowych odlewanych ci\u015bnieniowo z aluminium i zacz\u0105\u0107 przekszta\u0142ca\u0107 swoj\u0105 przestrze\u0144 zewn\u0119trzn\u0105!<\/p>","protected":false},"excerpt":{"rendered":"<p>Enhance Your Outdoor Space with Aluminum Die Casting Patio Furniture Parts Are you looking to upgrade your patio furniture? Look no further! Our high-quality aluminum die casting patio furniture parts are the perfect solution to transform your outdoor space into a stylish and comfortable oasis. The Benefits of Aluminum Die Casting Aluminum die casting is &hellip;<\/p>\n<p class=\"read-more\"> <a class=\"\" href=\"https:\/\/mk-product.com\/pl\/produkt\/aluminum-die-casting-patio-furniture-parts\/\"> <span class=\"screen-reader-text\">Cz\u0119\u015bci mebli ogrodowych odlewane ci\u015bnieniowo z aluminium<\/span> Read More &raquo;<\/a><\/p>","protected":false},"featured_media":1041,"template":"","meta":{"site-sidebar-layout":"default","site-content-layout":"","ast-site-content-layout":"default","site-content-style":"default","site-sidebar-style":"default","ast-global-header-display":"","ast-banner-title-visibility":"","ast-main-header-display":"","ast-hfb-above-header-display":"","ast-hfb-below-header-display":"","ast-hfb-mobile-header-display":"","site-post-title":"","ast-breadcrumbs-content":"","ast-featured-img":"","footer-sml-layout":"","theme-transparent-header-meta":"default","adv-header-id-meta":"","stick-header-meta":"","header-above-stick-meta":"","header-main-stick-meta":"","header-below-stick-meta":"","astra-migrate-meta-layouts":"set","ast-page-background-enabled":"default","ast-page-background-meta":{"desktop":{"background-color":"","background-image":"","background-repeat":"repeat","background-position":"center center","background-size":"auto","background-attachment":"scroll","background-type":"","background-media":"","overlay-type":"","overlay-color":"","overlay-gradient":""},"tablet":{"background-color":"","background-image":"","background-repeat":"repeat","background-position":"center center","background-size":"auto","background-attachment":"scroll","background-type":"","background-media":"","overlay-type":"","overlay-color":"","overlay-gradient":""},"mobile":{"background-color":"","background-image":"","background-repeat":"repeat","background-position":"center center","background-size":"auto","background-attachment":"scroll","background-type":"","background-media":"","overlay-type":"","overlay-color":"","overlay-gradient":""}},"ast-content-background-meta":{"desktop":{"background-color":"var(--ast-global-color-5)","background-image":"","background-repeat":"repeat","background-position":"center center","background-size":"auto","background-attachment":"scroll","background-type":"","background-media":"","overlay-type":"","overlay-color":"","overlay-gradient":""},"tablet":{"background-color":"var(--ast-global-color-5)","background-image":"","background-repeat":"repeat","background-position":"center center","background-size":"auto","background-attachment":"scroll","background-type":"","background-media":"","overlay-type":"","overlay-color":"","overlay-gradient":""},"mobile":{"background-color":"var(--ast-global-color-5)","background-image":"","background-repeat":"repeat","background-position":"center center","background-size":"auto","background-attachment":"scroll","background-type":"","background-media":"","overlay-type":"","overlay-color":"","overlay-gradient":""}}},"product_cat":[24],"product_tag":[],"yoast_head":"<!-- This site is optimized with the Yoast SEO plugin v21.7 - https:\/\/yoast.com\/wordpress\/plugins\/seo\/ -->\n<title>Aluminum Die Casting Patio Furniture Parts - mk-product.com<\/title>\n<meta name=\"robots\" content=\"index, follow, max-snippet:-1, max-image-preview:large, max-video-preview:-1\" \/>\n<link rel=\"canonical\" href=\"https:\/\/mk-product.com\/pl\/produkt\/aluminum-die-casting-patio-furniture-parts\/\" \/>\n<meta property=\"og:locale\" content=\"pl_PL\" \/>\n<meta property=\"og:type\" content=\"article\" \/>\n<meta property=\"og:title\" content=\"Aluminum Die Casting Patio Furniture Parts - mk-product.com\" \/>\n<meta property=\"og:description\" content=\"Enhance Your Outdoor Space with Aluminum Die Casting Patio Furniture Parts Are you looking to upgrade your patio furniture? Look no further! Our high-quality aluminum die casting patio furniture parts are the perfect solution to transform your outdoor space into a stylish and comfortable oasis. The Benefits of Aluminum Die Casting Aluminum die casting is &hellip; Aluminum Die Casting Patio Furniture Parts Read More &raquo;\" \/>\n<meta property=\"og:url\" content=\"https:\/\/mk-product.com\/pl\/produkt\/aluminum-die-casting-patio-furniture-parts\/\" \/>\n<meta property=\"og:site_name\" content=\"mk-product.com\" \/>\n<meta property=\"article:modified_time\" content=\"2023-12-14T15:13:47+00:00\" \/>\n<meta property=\"og:image\" content=\"https:\/\/mk-product.com\/wp-content\/uploads\/2023\/12\/AYU9528-e1702391234855.webp\" \/>\n\t<meta property=\"og:image:width\" content=\"800\" \/>\n\t<meta property=\"og:image:height\" content=\"700\" \/>\n\t<meta property=\"og:image:type\" content=\"image\/webp\" \/>\n<meta name=\"twitter:card\" content=\"summary_large_image\" \/>\n<meta name=\"twitter:label1\" content=\"Szacowany czas czytania\" \/>\n\t<meta name=\"twitter:data1\" content=\"3 minuty\" \/>\n<script type=\"application\/ld+json\" class=\"yoast-schema-graph\">{\"@context\":\"https:\/\/schema.org\",\"@graph\":[{\"@type\":\"WebPage\",\"@id\":\"https:\/\/mk-product.com\/product\/aluminum-die-casting-patio-furniture-parts\/\",\"url\":\"https:\/\/mk-product.com\/product\/aluminum-die-casting-patio-furniture-parts\/\",\"name\":\"Aluminum Die Casting Patio Furniture Parts - mk-product.com\",\"isPartOf\":{\"@id\":\"https:\/\/mk-product.com\/#website\"},\"datePublished\":\"2023-12-12T14:19:39+00:00\",\"dateModified\":\"2023-12-14T15:13:47+00:00\",\"breadcrumb\":{\"@id\":\"https:\/\/mk-product.com\/product\/aluminum-die-casting-patio-furniture-parts\/#breadcrumb\"},\"inLanguage\":\"pl-PL\",\"potentialAction\":[{\"@type\":\"ReadAction\",\"target\":[\"https:\/\/mk-product.com\/product\/aluminum-die-casting-patio-furniture-parts\/\"]}]},{\"@type\":\"BreadcrumbList\",\"@id\":\"https:\/\/mk-product.com\/product\/aluminum-die-casting-patio-furniture-parts\/#breadcrumb\",\"itemListElement\":[{\"@type\":\"ListItem\",\"position\":1,\"name\":\"Home\",\"item\":\"https:\/\/mk-product.com\/\"},{\"@type\":\"ListItem\",\"position\":2,\"name\":\"Products\",\"item\":\"https:\/\/mk-product.com\/products\/\"},{\"@type\":\"ListItem\",\"position\":3,\"name\":\"Aluminum Die Casting Patio Furniture Parts\"}]},{\"@type\":\"WebSite\",\"@id\":\"https:\/\/mk-product.com\/#website\",\"url\":\"https:\/\/mk-product.com\/\",\"name\":\"mk-product.com\",\"description\":\"\",\"publisher\":{\"@id\":\"https:\/\/mk-product.com\/#organization\"},\"potentialAction\":[{\"@type\":\"SearchAction\",\"target\":{\"@type\":\"EntryPoint\",\"urlTemplate\":\"https:\/\/mk-product.com\/?s={search_term_string}\"},\"query-input\":\"required name=search_term_string\"}],\"inLanguage\":\"pl-PL\"},{\"@type\":\"Organization\",\"@id\":\"https:\/\/mk-product.com\/#organization\",\"name\":\"mk-product.com\",\"url\":\"https:\/\/mk-product.com\/\",\"logo\":{\"@type\":\"ImageObject\",\"inLanguage\":\"pl-PL\",\"@id\":\"https:\/\/mk-product.com\/#\/schema\/logo\/image\/\",\"url\":\"https:\/\/mk-product.com\/wp-content\/uploads\/2023\/12\/cropped-MK-logo-final.png\",\"contentUrl\":\"https:\/\/mk-product.com\/wp-content\/uploads\/2023\/12\/cropped-MK-logo-final.png\",\"width\":780,\"height\":430,\"caption\":\"mk-product.com\"},\"image\":{\"@id\":\"https:\/\/mk-product.com\/#\/schema\/logo\/image\/\"}}]}<\/script>\n<!-- \/ Yoast SEO plugin. -->","yoast_head_json":{"title":"Aluminum Die Casting Patio Furniture Parts - mk-product.com","robots":{"index":"index","follow":"follow","max-snippet":"max-snippet:-1","max-image-preview":"max-image-preview:large","max-video-preview":"max-video-preview:-1"},"canonical":"https:\/\/mk-product.com\/pl\/produkt\/aluminum-die-casting-patio-furniture-parts\/","og_locale":"pl_PL","og_type":"article","og_title":"Aluminum Die Casting Patio Furniture Parts - mk-product.com","og_description":"Enhance Your Outdoor Space with Aluminum Die Casting Patio Furniture Parts Are you looking to upgrade your patio furniture? Look no further! Our high-quality aluminum die casting patio furniture parts are the perfect solution to transform your outdoor space into a stylish and comfortable oasis. The Benefits of Aluminum Die Casting Aluminum die casting is &hellip; Aluminum Die Casting Patio Furniture Parts Read More &raquo;","og_url":"https:\/\/mk-product.com\/pl\/produkt\/aluminum-die-casting-patio-furniture-parts\/","og_site_name":"mk-product.com","article_modified_time":"2023-12-14T15:13:47+00:00","og_image":[{"width":800,"height":700,"url":"https:\/\/mk-product.com\/wp-content\/uploads\/2023\/12\/AYU9528-e1702391234855.webp","type":"image\/webp"}],"twitter_card":"summary_large_image","twitter_misc":{"Szacowany czas czytania":"3 minuty"},"schema":{"@context":"https:\/\/schema.org","@graph":[{"@type":"WebPage","@id":"https:\/\/mk-product.com\/product\/aluminum-die-casting-patio-furniture-parts\/","url":"https:\/\/mk-product.com\/product\/aluminum-die-casting-patio-furniture-parts\/","name":"Aluminum Die Casting Patio Furniture Parts - mk-product.com","isPartOf":{"@id":"https:\/\/mk-product.com\/#website"},"datePublished":"2023-12-12T14:19:39+00:00","dateModified":"2023-12-14T15:13:47+00:00","breadcrumb":{"@id":"https:\/\/mk-product.com\/product\/aluminum-die-casting-patio-furniture-parts\/#breadcrumb"},"inLanguage":"pl-PL","potentialAction":[{"@type":"ReadAction","target":["https:\/\/mk-product.com\/product\/aluminum-die-casting-patio-furniture-parts\/"]}]},{"@type":"BreadcrumbList","@id":"https:\/\/mk-product.com\/product\/aluminum-die-casting-patio-furniture-parts\/#breadcrumb","itemListElement":[{"@type":"ListItem","position":1,"name":"Home","item":"https:\/\/mk-product.com\/"},{"@type":"ListItem","position":2,"name":"Products","item":"https:\/\/mk-product.com\/products\/"},{"@type":"ListItem","position":3,"name":"Aluminum Die Casting Patio Furniture Parts"}]},{"@type":"WebSite","@id":"https:\/\/mk-product.com\/#website","url":"https:\/\/mk-product.com\/","name":"mk-product.com","description":"","publisher":{"@id":"https:\/\/mk-product.com\/#organization"},"potentialAction":[{"@type":"SearchAction","target":{"@type":"EntryPoint","urlTemplate":"https:\/\/mk-product.com\/?s={search_term_string}"},"query-input":"required name=search_term_string"}],"inLanguage":"pl-PL"},{"@type":"Organization","@id":"https:\/\/mk-product.com\/#organization","name":"mk-product.com","url":"https:\/\/mk-product.com\/","logo":{"@type":"ImageObject","inLanguage":"pl-PL","@id":"https:\/\/mk-product.com\/#\/schema\/logo\/image\/","url":"https:\/\/mk-product.com\/wp-content\/uploads\/2023\/12\/cropped-MK-logo-final.png","contentUrl":"https:\/\/mk-product.com\/wp-content\/uploads\/2023\/12\/cropped-MK-logo-final.png","width":780,"height":430,"caption":"mk-product.com"},"image":{"@id":"https:\/\/mk-product.com\/#\/schema\/logo\/image\/"}}]}},"_links":{"self":[{"href":"https:\/\/mk-product.com\/pl\/wp-json\/wp\/v2\/product\/1040"}],"collection":[{"href":"https:\/\/mk-product.com\/pl\/wp-json\/wp\/v2\/product"}],"about":[{"href":"https:\/\/mk-product.com\/pl\/wp-json\/wp\/v2\/types\/product"}],"wp:featuredmedia":[{"embeddable":true,"href":"https:\/\/mk-product.com\/pl\/wp-json\/wp\/v2\/media\/1041"}],"wp:attachment":[{"href":"https:\/\/mk-product.com\/pl\/wp-json\/wp\/v2\/media?parent=1040"}],"wp:term":[{"taxonomy":"product_cat","embeddable":true,"href":"https:\/\/mk-product.com\/pl\/wp-json\/wp\/v2\/product_cat?post=1040"},{"taxonomy":"product_tag","embeddable":true,"href":"https:\/\/mk-product.com\/pl\/wp-json\/wp\/v2\/product_tag?post=1040"}],"curies":[{"name":"wp","href":"https:\/\/api.w.org\/{rel}","templated":true}]}}