{"id":1037,"date":"2023-12-12T22:16:12","date_gmt":"2023-12-12T14:16:12","guid":{"rendered":"https:\/\/mk-product.com\/product\/high-quality-die-cast-aluminum-heat-sink-for-efficient-heat-dissipation\/"},"modified":"2023-12-14T05:19:24","modified_gmt":"2023-12-14T15:19:24","slug":"die-casting-aluminum-alloy-heat-sink","status":"publish","type":"product","link":"https:\/\/mk-product.com\/pl\/produkt\/die-casting-aluminum-alloy-heat-sink\/","title":{"rendered":"Radiator ze stopu aluminium odlewanego ci\u015bnieniowo"},"content":{"rendered":"<div>\n<h1>Wysokiej jako\u015bci aluminiowy radiator odlewany ci\u015bnieniowo zapewnia wydajne rozpraszanie ciep\u0142a<\/h1>\n<p>Je\u015bli chodzi o efektywne zarz\u0105dzanie ciep\u0142em w urz\u0105dzeniach elektronicznych, niezawodny radiator jest niezb\u0119dny. Nasz odlewany ci\u015bnieniowo aluminiowy radiator zosta\u0142 zaprojektowany tak, aby skutecznie rozprasza\u0107 ciep\u0142o, zapewniaj\u0105c optymaln\u0105 wydajno\u015b\u0107 i d\u0142ugowieczno\u015b\u0107 komponent\u00f3w elektronicznych.<\/p>\n<h2>Dlaczego warto wybra\u0107 nasz aluminiowy radiator odlewany ci\u015bnieniowo?<\/h2>\n<p>Nasze aluminiowe radiatory odlewane ci\u015bnieniowo s\u0105 produkowane przy u\u017cyciu wysokiej jako\u015bci materia\u0142\u00f3w i zaawansowanych technik, aby zapewni\u0107 wyj\u0105tkowe mo\u017cliwo\u015bci rozpraszania ciep\u0142a. Oto kilka kluczowych powod\u00f3w, dla kt\u00f3rych warto wybra\u0107 nasz radiator do swoich urz\u0105dze\u0144 elektronicznych:<\/p>\n<ol>\n<li><strong>Doskona\u0142a przewodno\u015b\u0107 cieplna:<\/strong> Nasz radiator jest wykonany z odlewanego ci\u015bnieniowo aluminium, kt\u00f3re zapewnia doskona\u0142\u0105 przewodno\u015b\u0107 ciepln\u0105. Oznacza to, \u017ce mo\u017ce skutecznie odprowadza\u0107 ciep\u0142o z komponent\u00f3w elektronicznych, zapobiegaj\u0105c przegrzaniu i poprawiaj\u0105c og\u00f3ln\u0105 wydajno\u015b\u0107.<\/li>\n<li><strong>Trwa\u0142o\u015b\u0107 i lekko\u015b\u0107:<\/strong> Odlewana aluminiowa konstrukcja naszego radiatora zapewnia zar\u00f3wno trwa\u0142o\u015b\u0107, jak i lekko\u015b\u0107. Dzi\u0119ki temu idealnie nadaje si\u0119 do zastosowa\u0144, w kt\u00f3rych liczy si\u0119 waga i przestrze\u0144.<\/li>\n<li><strong>Zoptymalizowana konstrukcja p\u0142etwy:<\/strong> Konstrukcja \u017ceber naszego radiatora jest starannie zoptymalizowana, aby zmaksymalizowa\u0107 powierzchni\u0119 i poprawi\u0107 rozpraszanie ciep\u0142a. Pozwala to na wydajne ch\u0142odzenie nawet w wymagaj\u0105cych aplikacjach.<\/li>\n<li><strong>\u0141atwa instalacja:<\/strong> Nasz radiator zosta\u0142 zaprojektowany z my\u015bl\u0105 o \u0142atwej instalacji, z wst\u0119pnie wywierconymi otworami monta\u017cowymi i r\u00f3\u017cnymi opcjami monta\u017cu. Zapewnia to bezproblemow\u0105 integracj\u0119 z urz\u0105dzeniami elektronicznymi.<\/li>\n<li><strong>Szeroki zakres rozmiar\u00f3w i konfiguracji:<\/strong> Oferujemy szerok\u0105 gam\u0119 rozmiar\u00f3w i konfiguracji dostosowanych do r\u00f3\u017cnych zastosowa\u0144 i wymaga\u0144. Niezale\u017cnie od tego, czy potrzebujesz ma\u0142ego radiatora do kompaktowego urz\u0105dzenia, czy wi\u0119kszego do zastosowa\u0144 o du\u017cej mocy, mamy wszystko, czego potrzebujesz.<\/li>\n<\/ol>\n<h2>Zastosowania aluminiowego radiatora odlewanego ci\u015bnieniowo<\/h2>\n<p>Nasze aluminiowe radiatory odlewane ci\u015bnieniowo znajduj\u0105 zastosowanie w r\u00f3\u017cnych bran\u017cach i urz\u0105dzeniach elektronicznych, w tym mi\u0119dzy innymi:<\/p>\n<ul>\n<li>Komputery i serwery<\/li>\n<li>O\u015bwietlenie LED<\/li>\n<li>Zasilacze<\/li>\n<li>Nap\u0119dy silnikowe<\/li>\n<li>Sprz\u0119t telekomunikacyjny<\/li>\n<li>Wzmacniacze audio<\/li>\n<li>Urz\u0105dzenia przemys\u0142owe<\/li>\n<\/ul>\n<p>Dzi\u0119ki swojej wszechstronno\u015bci i wyj\u0105tkowym mo\u017cliwo\u015bciom rozpraszania ciep\u0142a, nasz radiator jest niezawodnym wyborem dla szerokiego zakresu zastosowa\u0144.<\/p>\n<h2>Opcje dostosowywania<\/h2>\n<p>Rozumiemy, \u017ce r\u00f3\u017cne projekty maj\u0105 unikalne wymagania. Dlatego te\u017c oferujemy opcje dostosowywania naszych aluminiowych radiator\u00f3w odlewanych ci\u015bnieniowo. Niezale\u017cnie od tego, czy potrzebujesz okre\u015blonego rozmiaru, kszta\u0142tu czy wyko\u0144czenia powierzchni, nasz do\u015bwiadczony zesp\u00f3\u0142 mo\u017ce wsp\u00f3\u0142pracowa\u0107 z Tob\u0105, aby stworzy\u0107 radiator spe\u0142niaj\u0105cy Twoje dok\u0142adne specyfikacje.<\/p>\n<h2>Zapewnienie jako\u015bci<\/h2>\n<p>W naszej firmie jako\u015b\u0107 jest naszym najwy\u017cszym priorytetem. Nasze aluminiowe radiatory odlewane ci\u015bnieniowo przechodz\u0105 rygorystyczne testy i inspekcje, aby zapewni\u0107, \u017ce spe\u0142niaj\u0105 najwy\u017csze standardy wydajno\u015bci i trwa\u0142o\u015bci. Jeste\u015bmy zobowi\u0105zani do dostarczania produkt\u00f3w, kt\u00f3re przekraczaj\u0105 oczekiwania klient\u00f3w.<\/p>\n<h2>Kontakt<\/h2>\n<p>Je\u015bli szukasz wysokiej jako\u015bci aluminiowego radiatora odlewanego ci\u015bnieniowo do swoich urz\u0105dze\u0144 elektronicznych, nie szukaj dalej. Skontaktuj si\u0119 z nami ju\u017c dzi\u015b, aby om\u00f3wi\u0107 swoje wymagania i pozw\u00f3l naszemu zespo\u0142owi pom\u00f3c Ci w znalezieniu idealnego rozwi\u0105zania.<\/p>\n<\/div>","protected":false},"excerpt":{"rendered":"<p>High-Quality Die Cast Aluminum Heat Sink for Efficient Heat Dissipation When it comes to effectively managing heat in electronic devices, a reliable heat sink is essential. Our die cast aluminum heat sink is designed to efficiently dissipate heat, ensuring optimal performance and longevity of your electronic components. Why Choose Our Die Cast Aluminum Heat Sink? &hellip;<\/p>\n<p class=\"read-more\"> <a class=\"\" href=\"https:\/\/mk-product.com\/pl\/produkt\/die-casting-aluminum-alloy-heat-sink\/\"> <span class=\"screen-reader-text\">Radiator ze stopu aluminium odlewanego ci\u015bnieniowo<\/span> Read More &raquo;<\/a><\/p>","protected":false},"featured_media":1038,"template":"","meta":{"site-sidebar-layout":"default","site-content-layout":"","ast-site-content-layout":"default","site-content-style":"default","site-sidebar-style":"default","ast-global-header-display":"","ast-banner-title-visibility":"","ast-main-header-display":"","ast-hfb-above-header-display":"","ast-hfb-below-header-display":"","ast-hfb-mobile-header-display":"","site-post-title":"","ast-breadcrumbs-content":"","ast-featured-img":"","footer-sml-layout":"","theme-transparent-header-meta":"default","adv-header-id-meta":"","stick-header-meta":"","header-above-stick-meta":"","header-main-stick-meta":"","header-below-stick-meta":"","astra-migrate-meta-layouts":"set","ast-page-background-enabled":"default","ast-page-background-meta":{"desktop":{"background-color":"","background-image":"","background-repeat":"repeat","background-position":"center center","background-size":"auto","background-attachment":"scroll","background-type":"","background-media":"","overlay-type":"","overlay-color":"","overlay-gradient":""},"tablet":{"background-color":"","background-image":"","background-repeat":"repeat","background-position":"center center","background-size":"auto","background-attachment":"scroll","background-type":"","background-media":"","overlay-type":"","overlay-color":"","overlay-gradient":""},"mobile":{"background-color":"","background-image":"","background-repeat":"repeat","background-position":"center center","background-size":"auto","background-attachment":"scroll","background-type":"","background-media":"","overlay-type":"","overlay-color":"","overlay-gradient":""}},"ast-content-background-meta":{"desktop":{"background-color":"var(--ast-global-color-5)","background-image":"","background-repeat":"repeat","background-position":"center center","background-size":"auto","background-attachment":"scroll","background-type":"","background-media":"","overlay-type":"","overlay-color":"","overlay-gradient":""},"tablet":{"background-color":"var(--ast-global-color-5)","background-image":"","background-repeat":"repeat","background-position":"center center","background-size":"auto","background-attachment":"scroll","background-type":"","background-media":"","overlay-type":"","overlay-color":"","overlay-gradient":""},"mobile":{"background-color":"var(--ast-global-color-5)","background-image":"","background-repeat":"repeat","background-position":"center center","background-size":"auto","background-attachment":"scroll","background-type":"","background-media":"","overlay-type":"","overlay-color":"","overlay-gradient":""}}},"product_cat":[24],"product_tag":[],"yoast_head":"<!-- This site is optimized with the Yoast SEO plugin v21.7 - https:\/\/yoast.com\/wordpress\/plugins\/seo\/ -->\n<title>Die Casting Aluminum alloy Heat Sink - mk-product.com<\/title>\n<meta name=\"robots\" content=\"index, follow, max-snippet:-1, max-image-preview:large, max-video-preview:-1\" \/>\n<link rel=\"canonical\" href=\"https:\/\/mk-product.com\/pl\/produkt\/die-casting-aluminum-alloy-heat-sink\/\" \/>\n<meta property=\"og:locale\" content=\"pl_PL\" \/>\n<meta property=\"og:type\" content=\"article\" \/>\n<meta property=\"og:title\" content=\"Die Casting Aluminum alloy Heat Sink - mk-product.com\" \/>\n<meta property=\"og:description\" content=\"High-Quality Die Cast Aluminum Heat Sink for Efficient Heat Dissipation When it comes to effectively managing heat in electronic devices, a reliable heat sink is essential. Our die cast aluminum heat sink is designed to efficiently dissipate heat, ensuring optimal performance and longevity of your electronic components. Why Choose Our Die Cast Aluminum Heat Sink? &hellip; Die Casting Aluminum alloy Heat Sink Read More &raquo;\" \/>\n<meta property=\"og:url\" content=\"https:\/\/mk-product.com\/pl\/produkt\/die-casting-aluminum-alloy-heat-sink\/\" \/>\n<meta property=\"og:site_name\" content=\"mk-product.com\" \/>\n<meta property=\"article:modified_time\" content=\"2023-12-14T15:19:24+00:00\" \/>\n<meta property=\"og:image\" content=\"https:\/\/mk-product.com\/wp-content\/uploads\/2023\/12\/AYU9494-e1702391313313.webp\" \/>\n\t<meta property=\"og:image:width\" content=\"800\" \/>\n\t<meta property=\"og:image:height\" content=\"705\" \/>\n\t<meta property=\"og:image:type\" content=\"image\/webp\" \/>\n<meta name=\"twitter:card\" content=\"summary_large_image\" \/>\n<meta name=\"twitter:label1\" content=\"Szacowany czas czytania\" \/>\n\t<meta name=\"twitter:data1\" content=\"2 minuty\" \/>\n<script type=\"application\/ld+json\" class=\"yoast-schema-graph\">{\"@context\":\"https:\/\/schema.org\",\"@graph\":[{\"@type\":\"WebPage\",\"@id\":\"https:\/\/mk-product.com\/product\/die-casting-aluminum-alloy-heat-sink\/\",\"url\":\"https:\/\/mk-product.com\/product\/die-casting-aluminum-alloy-heat-sink\/\",\"name\":\"Die Casting Aluminum alloy Heat Sink - mk-product.com\",\"isPartOf\":{\"@id\":\"https:\/\/mk-product.com\/#website\"},\"datePublished\":\"2023-12-12T14:16:12+00:00\",\"dateModified\":\"2023-12-14T15:19:24+00:00\",\"breadcrumb\":{\"@id\":\"https:\/\/mk-product.com\/product\/die-casting-aluminum-alloy-heat-sink\/#breadcrumb\"},\"inLanguage\":\"pl-PL\",\"potentialAction\":[{\"@type\":\"ReadAction\",\"target\":[\"https:\/\/mk-product.com\/product\/die-casting-aluminum-alloy-heat-sink\/\"]}]},{\"@type\":\"BreadcrumbList\",\"@id\":\"https:\/\/mk-product.com\/product\/die-casting-aluminum-alloy-heat-sink\/#breadcrumb\",\"itemListElement\":[{\"@type\":\"ListItem\",\"position\":1,\"name\":\"Home\",\"item\":\"https:\/\/mk-product.com\/\"},{\"@type\":\"ListItem\",\"position\":2,\"name\":\"Products\",\"item\":\"https:\/\/mk-product.com\/products\/\"},{\"@type\":\"ListItem\",\"position\":3,\"name\":\"Die Casting Aluminum alloy Heat Sink\"}]},{\"@type\":\"WebSite\",\"@id\":\"https:\/\/mk-product.com\/#website\",\"url\":\"https:\/\/mk-product.com\/\",\"name\":\"mk-product.com\",\"description\":\"\",\"publisher\":{\"@id\":\"https:\/\/mk-product.com\/#organization\"},\"potentialAction\":[{\"@type\":\"SearchAction\",\"target\":{\"@type\":\"EntryPoint\",\"urlTemplate\":\"https:\/\/mk-product.com\/?s={search_term_string}\"},\"query-input\":\"required name=search_term_string\"}],\"inLanguage\":\"pl-PL\"},{\"@type\":\"Organization\",\"@id\":\"https:\/\/mk-product.com\/#organization\",\"name\":\"mk-product.com\",\"url\":\"https:\/\/mk-product.com\/\",\"logo\":{\"@type\":\"ImageObject\",\"inLanguage\":\"pl-PL\",\"@id\":\"https:\/\/mk-product.com\/#\/schema\/logo\/image\/\",\"url\":\"https:\/\/mk-product.com\/wp-content\/uploads\/2023\/12\/cropped-MK-logo-final.png\",\"contentUrl\":\"https:\/\/mk-product.com\/wp-content\/uploads\/2023\/12\/cropped-MK-logo-final.png\",\"width\":780,\"height\":430,\"caption\":\"mk-product.com\"},\"image\":{\"@id\":\"https:\/\/mk-product.com\/#\/schema\/logo\/image\/\"}}]}<\/script>\n<!-- \/ Yoast SEO plugin. -->","yoast_head_json":{"title":"Die Casting Aluminum alloy Heat Sink - mk-product.com","robots":{"index":"index","follow":"follow","max-snippet":"max-snippet:-1","max-image-preview":"max-image-preview:large","max-video-preview":"max-video-preview:-1"},"canonical":"https:\/\/mk-product.com\/pl\/produkt\/die-casting-aluminum-alloy-heat-sink\/","og_locale":"pl_PL","og_type":"article","og_title":"Die Casting Aluminum alloy Heat Sink - mk-product.com","og_description":"High-Quality Die Cast Aluminum Heat Sink for Efficient Heat Dissipation When it comes to effectively managing heat in electronic devices, a reliable heat sink is essential. Our die cast aluminum heat sink is designed to efficiently dissipate heat, ensuring optimal performance and longevity of your electronic components. Why Choose Our Die Cast Aluminum Heat Sink? &hellip; Die Casting Aluminum alloy Heat Sink Read More &raquo;","og_url":"https:\/\/mk-product.com\/pl\/produkt\/die-casting-aluminum-alloy-heat-sink\/","og_site_name":"mk-product.com","article_modified_time":"2023-12-14T15:19:24+00:00","og_image":[{"width":800,"height":705,"url":"https:\/\/mk-product.com\/wp-content\/uploads\/2023\/12\/AYU9494-e1702391313313.webp","type":"image\/webp"}],"twitter_card":"summary_large_image","twitter_misc":{"Szacowany czas czytania":"2 minuty"},"schema":{"@context":"https:\/\/schema.org","@graph":[{"@type":"WebPage","@id":"https:\/\/mk-product.com\/product\/die-casting-aluminum-alloy-heat-sink\/","url":"https:\/\/mk-product.com\/product\/die-casting-aluminum-alloy-heat-sink\/","name":"Die Casting Aluminum alloy Heat Sink - mk-product.com","isPartOf":{"@id":"https:\/\/mk-product.com\/#website"},"datePublished":"2023-12-12T14:16:12+00:00","dateModified":"2023-12-14T15:19:24+00:00","breadcrumb":{"@id":"https:\/\/mk-product.com\/product\/die-casting-aluminum-alloy-heat-sink\/#breadcrumb"},"inLanguage":"pl-PL","potentialAction":[{"@type":"ReadAction","target":["https:\/\/mk-product.com\/product\/die-casting-aluminum-alloy-heat-sink\/"]}]},{"@type":"BreadcrumbList","@id":"https:\/\/mk-product.com\/product\/die-casting-aluminum-alloy-heat-sink\/#breadcrumb","itemListElement":[{"@type":"ListItem","position":1,"name":"Home","item":"https:\/\/mk-product.com\/"},{"@type":"ListItem","position":2,"name":"Products","item":"https:\/\/mk-product.com\/products\/"},{"@type":"ListItem","position":3,"name":"Die Casting Aluminum alloy Heat Sink"}]},{"@type":"WebSite","@id":"https:\/\/mk-product.com\/#website","url":"https:\/\/mk-product.com\/","name":"mk-product.com","description":"","publisher":{"@id":"https:\/\/mk-product.com\/#organization"},"potentialAction":[{"@type":"SearchAction","target":{"@type":"EntryPoint","urlTemplate":"https:\/\/mk-product.com\/?s={search_term_string}"},"query-input":"required name=search_term_string"}],"inLanguage":"pl-PL"},{"@type":"Organization","@id":"https:\/\/mk-product.com\/#organization","name":"mk-product.com","url":"https:\/\/mk-product.com\/","logo":{"@type":"ImageObject","inLanguage":"pl-PL","@id":"https:\/\/mk-product.com\/#\/schema\/logo\/image\/","url":"https:\/\/mk-product.com\/wp-content\/uploads\/2023\/12\/cropped-MK-logo-final.png","contentUrl":"https:\/\/mk-product.com\/wp-content\/uploads\/2023\/12\/cropped-MK-logo-final.png","width":780,"height":430,"caption":"mk-product.com"},"image":{"@id":"https:\/\/mk-product.com\/#\/schema\/logo\/image\/"}}]}},"_links":{"self":[{"href":"https:\/\/mk-product.com\/pl\/wp-json\/wp\/v2\/product\/1037"}],"collection":[{"href":"https:\/\/mk-product.com\/pl\/wp-json\/wp\/v2\/product"}],"about":[{"href":"https:\/\/mk-product.com\/pl\/wp-json\/wp\/v2\/types\/product"}],"wp:featuredmedia":[{"embeddable":true,"href":"https:\/\/mk-product.com\/pl\/wp-json\/wp\/v2\/media\/1038"}],"wp:attachment":[{"href":"https:\/\/mk-product.com\/pl\/wp-json\/wp\/v2\/media?parent=1037"}],"wp:term":[{"taxonomy":"product_cat","embeddable":true,"href":"https:\/\/mk-product.com\/pl\/wp-json\/wp\/v2\/product_cat?post=1037"},{"taxonomy":"product_tag","embeddable":true,"href":"https:\/\/mk-product.com\/pl\/wp-json\/wp\/v2\/product_tag?post=1037"}],"curies":[{"name":"wp","href":"https:\/\/api.w.org\/{rel}","templated":true}]}}