{"id":1057,"date":"2023-12-12T22:39:27","date_gmt":"2023-12-12T14:39:27","guid":{"rendered":"https:\/\/mk-product.com\/?post_type=product&#038;p=1057"},"modified":"2023-12-14T05:11:58","modified_gmt":"2023-12-14T15:11:58","slug":"custom-plastic-injection-molding-part","status":"publish","type":"product","link":"https:\/\/mk-product.com\/fr\/produit\/custom-plastic-injection-molding-part\/","title":{"rendered":"Pi\u00e8ces moul\u00e9es par injection de plastique sur mesure"},"content":{"rendered":"<div>\n<h1>Pi\u00e8ce de moulage en plastique<\/h1>\n<p>Notre pi\u00e8ce moul\u00e9e en plastique est un composant de haute qualit\u00e9 con\u00e7u pour r\u00e9pondre \u00e0 vos besoins de fabrication sp\u00e9cifiques. Que vous ayez besoin de pi\u00e8ces plastiques personnalis\u00e9es pour l'automobile, l'\u00e9lectronique, le m\u00e9dical ou toute autre industrie, notre pi\u00e8ce moul\u00e9e offre une durabilit\u00e9 et une pr\u00e9cision exceptionnelles.<\/p>\n<h2>Qualit\u00e9 sup\u00e9rieure<\/h2>\n<p>Chez nous, la qualit\u00e9 est une priorit\u00e9 \u00e0 chaque \u00e9tape du processus de fabrication. Nos pi\u00e8ces moul\u00e9es en plastique sont fabriqu\u00e9es \u00e0 partir de mat\u00e9riaux de premi\u00e8re qualit\u00e9, soigneusement s\u00e9lectionn\u00e9s pour leur r\u00e9sistance et leur fiabilit\u00e9. Nous utilisons des techniques de moulage avanc\u00e9es et des machines de pointe pour garantir une production coh\u00e9rente et pr\u00e9cise.<\/p>\n<p>Chaque pi\u00e8ce moul\u00e9e en plastique est soumise \u00e0 des contr\u00f4les de qualit\u00e9 rigoureux afin de garantir son int\u00e9grit\u00e9. Notre \u00e9quipe de techniciens qualifi\u00e9s inspecte m\u00e9ticuleusement chaque pi\u00e8ce pour s'assurer qu'elle r\u00e9pond aux normes les plus strictes. Cet engagement envers la qualit\u00e9 garantit que notre pi\u00e8ce moul\u00e9e en plastique r\u00e9pondra toujours \u00e0 vos attentes.<\/p>\n<h2>Options de personnalisation<\/h2>\n<p>Nous comprenons que chaque projet a des exigences uniques. C'est pourquoi nos pi\u00e8ces de moulage en plastique sont enti\u00e8rement personnalisables pour r\u00e9pondre \u00e0 vos besoins sp\u00e9cifiques. Que vous ayez besoin d'une forme, d'une taille ou d'une couleur particuli\u00e8re, nous avons les moyens de r\u00e9pondre \u00e0 vos demandes.<\/p>\n<p>Nos ing\u00e9nieurs exp\u00e9riment\u00e9s travaillent en \u00e9troite collaboration avec vous pour comprendre vos sp\u00e9cifications de conception et vous fournir des conseils d'experts. Nous utilisons des logiciels de CAO avanc\u00e9s et des techniques de fabrication de pointe pour donner vie \u00e0 votre vision. Gr\u00e2ce \u00e0 nos options de personnalisation, vous pouvez \u00eatre s\u00fbr que la pi\u00e8ce moul\u00e9e en plastique s'adaptera parfaitement \u00e0 votre application.<\/p>\n<h2>Large \u00e9ventail d'applications<\/h2>\n<p>Notre pi\u00e8ce moul\u00e9e en plastique est polyvalente et peut \u00eatre utilis\u00e9e dans un large \u00e9ventail d'industries et d'applications. Des composants automobiles \u00e0 l'\u00e9lectronique grand public, des appareils m\u00e9dicaux aux appareils m\u00e9nagers, notre pi\u00e8ce moul\u00e9e peut r\u00e9pondre aux exigences de divers secteurs.<\/p>\n<p>Gr\u00e2ce \u00e0 son excellente solidit\u00e9, \u00e0 sa durabilit\u00e9 et \u00e0 sa r\u00e9sistance aux produits chimiques et aux variations de temp\u00e9rature, notre pi\u00e8ce moul\u00e9e en plastique convient aux applications int\u00e9rieures et ext\u00e9rieures. Elle peut r\u00e9sister \u00e0 des environnements difficiles et maintenir ses performances sur une longue p\u00e9riode.<\/p>\n<h2>Une solution rentable<\/h2>\n<p>Le choix de notre pi\u00e8ce de moulage en plastique offre une solution rentable pour vos besoins de fabrication. Nos processus de production efficaces et nos \u00e9conomies d'\u00e9chelle nous permettent d'offrir des prix comp\u00e9titifs sans compromettre la qualit\u00e9. En vous associant \u00e0 nous, vous pouvez b\u00e9n\u00e9ficier de pi\u00e8ces en plastique de haute qualit\u00e9 \u00e0 un co\u00fbt raisonnable.<\/p>\n<p>En outre, la durabilit\u00e9 et la long\u00e9vit\u00e9 de notre pi\u00e8ce de moulage en plastique r\u00e9duisent le besoin de remplacements fr\u00e9quents, ce qui vous permet d'\u00e9conomiser de l'argent \u00e0 long terme. Sa fiabilit\u00e9 garantit que vos produits conservent leur fonctionnalit\u00e9, r\u00e9duisant ainsi le risque de r\u00e9parations co\u00fbteuses ou de rappels.<\/p>\n<h2>Conclusion<\/h2>\n<p>Lorsqu'il s'agit de pi\u00e8ces de moulage en plastique, notre soci\u00e9t\u00e9 est votre partenaire de confiance. Gr\u00e2ce \u00e0 notre engagement en mati\u00e8re de qualit\u00e9, \u00e0 nos options de personnalisation, \u00e0 notre large \u00e9ventail d'applications et \u00e0 nos solutions rentables, nous sommes certains de pouvoir vous fournir la pi\u00e8ce de moulage en plastique qui r\u00e9pond \u00e0 vos exigences sp\u00e9cifiques.<\/p>\n<p>Contactez-nous d\u00e8s aujourd'hui pour discuter de votre projet et d\u00e9couvrir comment nos pi\u00e8ces de moulage en plastique peuvent am\u00e9liorer votre processus de fabrication.<\/p>\n<\/div>","protected":false},"excerpt":{"rendered":"<p>Plastic Molding Part Our plastic molding part is a high-quality component designed to meet your specific manufacturing needs. Whether you require custom plastic parts for automotive, electronics, medical, or any other industry, our molding part offers exceptional durability and precision. Superior Quality At our company, we prioritize quality in every step of the manufacturing process. &hellip;<\/p>\n<p class=\"read-more\"> <a class=\"\" href=\"https:\/\/mk-product.com\/fr\/produit\/custom-plastic-injection-molding-part\/\"> <span class=\"screen-reader-text\">Pi\u00e8ces moul\u00e9es par injection de plastique sur mesure<\/span> Lire la suite\u00a0\u00bb<\/a><\/p>","protected":false},"featured_media":1058,"template":"","meta":{"site-sidebar-layout":"default","site-content-layout":"","ast-site-content-layout":"default","site-content-style":"default","site-sidebar-style":"default","ast-global-header-display":"","ast-banner-title-visibility":"","ast-main-header-display":"","ast-hfb-above-header-display":"","ast-hfb-below-header-display":"","ast-hfb-mobile-header-display":"","site-post-title":"","ast-breadcrumbs-content":"","ast-featured-img":"","footer-sml-layout":"","theme-transparent-header-meta":"default","adv-header-id-meta":"","stick-header-meta":"","header-above-stick-meta":"","header-main-stick-meta":"","header-below-stick-meta":"","astra-migrate-meta-layouts":"set","ast-page-background-enabled":"default","ast-page-background-meta":{"desktop":{"background-color":"","background-image":"","background-repeat":"repeat","background-position":"center center","background-size":"auto","background-attachment":"scroll","background-type":"","background-media":"","overlay-type":"","overlay-color":"","overlay-gradient":""},"tablet":{"background-color":"","background-image":"","background-repeat":"repeat","background-position":"center center","background-size":"auto","background-attachment":"scroll","background-type":"","background-media":"","overlay-type":"","overlay-color":"","overlay-gradient":""},"mobile":{"background-color":"","background-image":"","background-repeat":"repeat","background-position":"center center","background-size":"auto","background-attachment":"scroll","background-type":"","background-media":"","overlay-type":"","overlay-color":"","overlay-gradient":""}},"ast-content-background-meta":{"desktop":{"background-color":"var(--ast-global-color-5)","background-image":"","background-repeat":"repeat","background-position":"center center","background-size":"auto","background-attachment":"scroll","background-type":"","background-media":"","overlay-type":"","overlay-color":"","overlay-gradient":""},"tablet":{"background-color":"var(--ast-global-color-5)","background-image":"","background-repeat":"repeat","background-position":"center center","background-size":"auto","background-attachment":"scroll","background-type":"","background-media":"","overlay-type":"","overlay-color":"","overlay-gradient":""},"mobile":{"background-color":"var(--ast-global-color-5)","background-image":"","background-repeat":"repeat","background-position":"center center","background-size":"auto","background-attachment":"scroll","background-type":"","background-media":"","overlay-type":"","overlay-color":"","overlay-gradient":""}}},"product_cat":[23],"product_tag":[],"yoast_head":"<!-- This site is optimized with the Yoast SEO plugin v21.7 - https:\/\/yoast.com\/wordpress\/plugins\/seo\/ -->\n<title>Custom Plastic injection Molding Part - mk-product.com<\/title>\n<meta name=\"robots\" content=\"index, follow, max-snippet:-1, max-image-preview:large, max-video-preview:-1\" \/>\n<link rel=\"canonical\" href=\"https:\/\/mk-product.com\/fr\/produit\/custom-plastic-injection-molding-part\/\" \/>\n<meta property=\"og:locale\" content=\"fr_FR\" \/>\n<meta property=\"og:type\" content=\"article\" \/>\n<meta property=\"og:title\" content=\"Custom Plastic injection Molding Part - mk-product.com\" \/>\n<meta property=\"og:description\" content=\"Plastic Molding Part Our plastic molding part is a high-quality component designed to meet your specific manufacturing needs. Whether you require custom plastic parts for automotive, electronics, medical, or any other industry, our molding part offers exceptional durability and precision. Superior Quality At our company, we prioritize quality in every step of the manufacturing process. &hellip; Custom Plastic injection Molding Part Lire la suite\u00a0\u00bb\" \/>\n<meta property=\"og:url\" content=\"https:\/\/mk-product.com\/fr\/produit\/custom-plastic-injection-molding-part\/\" \/>\n<meta property=\"og:site_name\" content=\"mk-product.com\" \/>\n<meta property=\"article:modified_time\" content=\"2023-12-14T15:11:58+00:00\" \/>\n<meta property=\"og:image\" content=\"https:\/\/mk-product.com\/wp-content\/uploads\/2023\/12\/AYU9565-e1702391953881.webp\" \/>\n\t<meta property=\"og:image:width\" content=\"800\" \/>\n\t<meta property=\"og:image:height\" content=\"702\" \/>\n\t<meta property=\"og:image:type\" content=\"image\/webp\" \/>\n<meta name=\"twitter:card\" content=\"summary_large_image\" \/>\n<meta name=\"twitter:label1\" content=\"Dur\u00e9e de lecture estim\u00e9e\" \/>\n\t<meta name=\"twitter:data1\" content=\"2 minutes\" \/>\n<script type=\"application\/ld+json\" class=\"yoast-schema-graph\">{\"@context\":\"https:\/\/schema.org\",\"@graph\":[{\"@type\":\"WebPage\",\"@id\":\"https:\/\/mk-product.com\/product\/custom-plastic-injection-molding-part\/\",\"url\":\"https:\/\/mk-product.com\/product\/custom-plastic-injection-molding-part\/\",\"name\":\"Custom Plastic injection Molding Part - mk-product.com\",\"isPartOf\":{\"@id\":\"https:\/\/mk-product.com\/#website\"},\"datePublished\":\"2023-12-12T14:39:27+00:00\",\"dateModified\":\"2023-12-14T15:11:58+00:00\",\"breadcrumb\":{\"@id\":\"https:\/\/mk-product.com\/product\/custom-plastic-injection-molding-part\/#breadcrumb\"},\"inLanguage\":\"fr-FR\",\"potentialAction\":[{\"@type\":\"ReadAction\",\"target\":[\"https:\/\/mk-product.com\/product\/custom-plastic-injection-molding-part\/\"]}]},{\"@type\":\"BreadcrumbList\",\"@id\":\"https:\/\/mk-product.com\/product\/custom-plastic-injection-molding-part\/#breadcrumb\",\"itemListElement\":[{\"@type\":\"ListItem\",\"position\":1,\"name\":\"Home\",\"item\":\"https:\/\/mk-product.com\/\"},{\"@type\":\"ListItem\",\"position\":2,\"name\":\"Products\",\"item\":\"https:\/\/mk-product.com\/products\/\"},{\"@type\":\"ListItem\",\"position\":3,\"name\":\"Custom Plastic injection Molding Part\"}]},{\"@type\":\"WebSite\",\"@id\":\"https:\/\/mk-product.com\/#website\",\"url\":\"https:\/\/mk-product.com\/\",\"name\":\"mk-product.com\",\"description\":\"\",\"publisher\":{\"@id\":\"https:\/\/mk-product.com\/#organization\"},\"potentialAction\":[{\"@type\":\"SearchAction\",\"target\":{\"@type\":\"EntryPoint\",\"urlTemplate\":\"https:\/\/mk-product.com\/?s={search_term_string}\"},\"query-input\":\"required name=search_term_string\"}],\"inLanguage\":\"fr-FR\"},{\"@type\":\"Organization\",\"@id\":\"https:\/\/mk-product.com\/#organization\",\"name\":\"mk-product.com\",\"url\":\"https:\/\/mk-product.com\/\",\"logo\":{\"@type\":\"ImageObject\",\"inLanguage\":\"fr-FR\",\"@id\":\"https:\/\/mk-product.com\/#\/schema\/logo\/image\/\",\"url\":\"https:\/\/mk-product.com\/wp-content\/uploads\/2023\/12\/cropped-MK-logo-final.png\",\"contentUrl\":\"https:\/\/mk-product.com\/wp-content\/uploads\/2023\/12\/cropped-MK-logo-final.png\",\"width\":780,\"height\":430,\"caption\":\"mk-product.com\"},\"image\":{\"@id\":\"https:\/\/mk-product.com\/#\/schema\/logo\/image\/\"}}]}<\/script>\n<!-- \/ Yoast SEO plugin. -->","yoast_head_json":{"title":"Custom Plastic injection Molding Part - mk-product.com","robots":{"index":"index","follow":"follow","max-snippet":"max-snippet:-1","max-image-preview":"max-image-preview:large","max-video-preview":"max-video-preview:-1"},"canonical":"https:\/\/mk-product.com\/fr\/produit\/custom-plastic-injection-molding-part\/","og_locale":"fr_FR","og_type":"article","og_title":"Custom Plastic injection Molding Part - mk-product.com","og_description":"Plastic Molding Part Our plastic molding part is a high-quality component designed to meet your specific manufacturing needs. Whether you require custom plastic parts for automotive, electronics, medical, or any other industry, our molding part offers exceptional durability and precision. Superior Quality At our company, we prioritize quality in every step of the manufacturing process. &hellip; Custom Plastic injection Molding Part Lire la suite\u00a0\u00bb","og_url":"https:\/\/mk-product.com\/fr\/produit\/custom-plastic-injection-molding-part\/","og_site_name":"mk-product.com","article_modified_time":"2023-12-14T15:11:58+00:00","og_image":[{"width":800,"height":702,"url":"https:\/\/mk-product.com\/wp-content\/uploads\/2023\/12\/AYU9565-e1702391953881.webp","type":"image\/webp"}],"twitter_card":"summary_large_image","twitter_misc":{"Dur\u00e9e de lecture estim\u00e9e":"2 minutes"},"schema":{"@context":"https:\/\/schema.org","@graph":[{"@type":"WebPage","@id":"https:\/\/mk-product.com\/product\/custom-plastic-injection-molding-part\/","url":"https:\/\/mk-product.com\/product\/custom-plastic-injection-molding-part\/","name":"Custom Plastic injection Molding Part - mk-product.com","isPartOf":{"@id":"https:\/\/mk-product.com\/#website"},"datePublished":"2023-12-12T14:39:27+00:00","dateModified":"2023-12-14T15:11:58+00:00","breadcrumb":{"@id":"https:\/\/mk-product.com\/product\/custom-plastic-injection-molding-part\/#breadcrumb"},"inLanguage":"fr-FR","potentialAction":[{"@type":"ReadAction","target":["https:\/\/mk-product.com\/product\/custom-plastic-injection-molding-part\/"]}]},{"@type":"BreadcrumbList","@id":"https:\/\/mk-product.com\/product\/custom-plastic-injection-molding-part\/#breadcrumb","itemListElement":[{"@type":"ListItem","position":1,"name":"Home","item":"https:\/\/mk-product.com\/"},{"@type":"ListItem","position":2,"name":"Products","item":"https:\/\/mk-product.com\/products\/"},{"@type":"ListItem","position":3,"name":"Custom Plastic injection Molding Part"}]},{"@type":"WebSite","@id":"https:\/\/mk-product.com\/#website","url":"https:\/\/mk-product.com\/","name":"mk-product.com","description":"","publisher":{"@id":"https:\/\/mk-product.com\/#organization"},"potentialAction":[{"@type":"SearchAction","target":{"@type":"EntryPoint","urlTemplate":"https:\/\/mk-product.com\/?s={search_term_string}"},"query-input":"required name=search_term_string"}],"inLanguage":"fr-FR"},{"@type":"Organization","@id":"https:\/\/mk-product.com\/#organization","name":"mk-product.com","url":"https:\/\/mk-product.com\/","logo":{"@type":"ImageObject","inLanguage":"fr-FR","@id":"https:\/\/mk-product.com\/#\/schema\/logo\/image\/","url":"https:\/\/mk-product.com\/wp-content\/uploads\/2023\/12\/cropped-MK-logo-final.png","contentUrl":"https:\/\/mk-product.com\/wp-content\/uploads\/2023\/12\/cropped-MK-logo-final.png","width":780,"height":430,"caption":"mk-product.com"},"image":{"@id":"https:\/\/mk-product.com\/#\/schema\/logo\/image\/"}}]}},"_links":{"self":[{"href":"https:\/\/mk-product.com\/fr\/wp-json\/wp\/v2\/product\/1057"}],"collection":[{"href":"https:\/\/mk-product.com\/fr\/wp-json\/wp\/v2\/product"}],"about":[{"href":"https:\/\/mk-product.com\/fr\/wp-json\/wp\/v2\/types\/product"}],"wp:featuredmedia":[{"embeddable":true,"href":"https:\/\/mk-product.com\/fr\/wp-json\/wp\/v2\/media\/1058"}],"wp:attachment":[{"href":"https:\/\/mk-product.com\/fr\/wp-json\/wp\/v2\/media?parent=1057"}],"wp:term":[{"taxonomy":"product_cat","embeddable":true,"href":"https:\/\/mk-product.com\/fr\/wp-json\/wp\/v2\/product_cat?post=1057"},{"taxonomy":"product_tag","embeddable":true,"href":"https:\/\/mk-product.com\/fr\/wp-json\/wp\/v2\/product_tag?post=1057"}],"curies":[{"name":"wp","href":"https:\/\/api.w.org\/{rel}","templated":true}]}}