{"id":1040,"date":"2023-12-12T22:19:39","date_gmt":"2023-12-12T14:19:39","guid":{"rendered":"https:\/\/mk-product.com\/?post_type=product&#038;p=1040"},"modified":"2023-12-14T05:13:47","modified_gmt":"2023-12-14T15:13:47","slug":"aluminum-die-casting-patio-furniture-parts","status":"publish","type":"product","link":"https:\/\/mk-product.com\/fr\/produit\/aluminum-die-casting-patio-furniture-parts\/","title":{"rendered":"Pi\u00e8ces de mobilier de patio moul\u00e9es sous pression en aluminium"},"content":{"rendered":"<h2>Am\u00e9liorez votre espace ext\u00e9rieur avec des pi\u00e8ces de mobilier de patio moul\u00e9es sous pression en aluminium<\/h2>\n<p>Vous souhaitez moderniser votre mobilier de terrasse ? Ne cherchez pas plus loin ! Nos pi\u00e8ces de mobilier de patio en aluminium moul\u00e9 de haute qualit\u00e9 sont la solution parfaite pour transformer votre espace ext\u00e9rieur en une oasis \u00e9l\u00e9gante et confortable.<\/p>\n<h3>Les avantages de la coul\u00e9e sous pression d'aluminium<\/h3>\n<p>Le moulage sous pression de l'aluminium est un proc\u00e9d\u00e9 de fabrication qui permet de produire des pi\u00e8ces solides et durables avec une excellente pr\u00e9cision dimensionnelle. Ce proc\u00e9d\u00e9 consiste \u00e0 injecter de l'aluminium en fusion dans une cavit\u00e9 de moule sous haute pression, ce qui permet d'obtenir des pi\u00e8ces de mobilier de terrasse complexes et pr\u00e9cises.<\/p>\n<p>Voici quelques avantages cl\u00e9s de l'utilisation du moulage sous pression de l'aluminium pour les pi\u00e8ces de mobilier de terrasse :<\/p>\n<ul>\n<li><strong>Solidit\u00e9 et durabilit\u00e9 :<\/strong> Le moulage sous pression de l'aluminium permet de cr\u00e9er des pi\u00e8ces solides et capables de r\u00e9sister aux \u00e9l\u00e9ments, ce qui les rend parfaites pour les meubles d'ext\u00e9rieur.<\/li>\n<li><strong>L\u00e9ger :<\/strong> Malgr\u00e9 sa solidit\u00e9, l'aluminium est l\u00e9ger, ce qui facilite le d\u00e9placement et la r\u00e9organisation de votre mobilier de terrasse en fonction des besoins.<\/li>\n<li><strong>R\u00e9sistance \u00e0 la corrosion :<\/strong> L'aluminium forme naturellement une couche d'oxyde protectrice, ce qui le rend tr\u00e8s r\u00e9sistant \u00e0 la corrosion et garantit que votre mobilier de terrasse durera des ann\u00e9es.<\/li>\n<li><strong>Flexibilit\u00e9 de la conception :<\/strong> Le moulage sous pression de l'aluminium permet de r\u00e9aliser des dessins complexes, ce qui offre des possibilit\u00e9s infinies pour cr\u00e9er des meubles de terrasse uniques et \u00e9l\u00e9gants.<\/li>\n<\/ul>\n<h3>Large gamme de pi\u00e8ces d\u00e9tach\u00e9es pour meubles de jardin<\/h3>\n<p>Que vous cherchiez \u00e0 remplacer un seul composant ou \u00e0 construire un ensemble complet de meubles de patio, nous offrons une large gamme de pi\u00e8ces moul\u00e9es en aluminium pour r\u00e9pondre \u00e0 vos besoins. Notre s\u00e9lection comprend :<\/p>\n<ul>\n<li>Ch\u00e2ssis de chaise<\/li>\n<li>Pieds de table<\/li>\n<li>Accoudoirs<\/li>\n<li>Dossiers<\/li>\n<li>Supports de fixation<\/li>\n<li>Et bien plus encore !<\/li>\n<\/ul>\n<p>Nos pi\u00e8ces de mobilier de terrasse sont disponibles en diff\u00e9rentes tailles et finitions, ce qui vous permet de cr\u00e9er un look coh\u00e9rent et \u00e9l\u00e9gant pour votre espace ext\u00e9rieur. Que vous pr\u00e9f\u00e9riez un design classique ou contemporain, nos pi\u00e8ces peuvent \u00eatre personnalis\u00e9es pour correspondre \u00e0 votre style unique.<\/p>\n<h3>Qualit\u00e9 et pr\u00e9cision sans compromis<\/h3>\n<p>Chez [Nom de votre entreprise], nous sommes fiers de fournir des pi\u00e8ces de mobilier de patio en aluminium moul\u00e9 sous pression de la plus haute qualit\u00e9. Notre \u00e9quipe d'ing\u00e9nieurs et de techniciens qualifi\u00e9s veille \u00e0 ce que chaque pi\u00e8ce r\u00e9ponde aux normes de qualit\u00e9 les plus strictes.<\/p>\n<p>De la phase initiale de conception \u00e0 la production finale, nous utilisons une technologie de pointe et des mesures rigoureuses de contr\u00f4le de la qualit\u00e9 pour garantir la pr\u00e9cision et la durabilit\u00e9 de nos pi\u00e8ces. Vous pouvez \u00eatre s\u00fbr que nos pi\u00e8ces de mobilier de terrasse r\u00e9sisteront \u00e0 l'\u00e9preuve du temps et vous procureront des ann\u00e9es de plaisir.<\/p>\n<h3>Installation et entretien faciles<\/h3>\n<p>L'installation de nos pi\u00e8ces de mobilier de patio en aluminium moul\u00e9 sous pression est un jeu d'enfant. Gr\u00e2ce \u00e0 leurs dimensions pr\u00e9cises et \u00e0 leur compatibilit\u00e9, vous pouvez facilement remplacer ou am\u00e9liorer les composants de vos meubles de terrasse existants sans aucun probl\u00e8me.<\/p>\n<p>L'entretien est \u00e9galement un jeu d'enfant avec nos pi\u00e8ces en aluminium moul\u00e9 sous pression. Il suffit de les essuyer avec un chiffon humide pour qu'elles conservent leur aspect propre et frais. Les propri\u00e9t\u00e9s anticorrosion de l'aluminium garantissent que votre mobilier de terrasse conservera son aspect m\u00eame dans des conditions m\u00e9t\u00e9orologiques difficiles.<\/p>\n<h3>Un choix respectueux de l'environnement<\/h3>\n<p>Le choix de pi\u00e8ces de mobilier de terrasse en aluminium moul\u00e9 sous pression est non seulement un excellent investissement pour votre espace ext\u00e9rieur, mais aussi pour l'environnement. L'aluminium est un mat\u00e9riau hautement recyclable, ce qui en fait un choix durable pour la fabrication de meubles de terrasse.<\/p>\n<p>En choisissant nos pi\u00e8ces moul\u00e9es sous pression en aluminium, vous prenez la d\u00e9cision consciente de r\u00e9duire votre empreinte carbone et de contribuer \u00e0 un avenir plus vert.<\/p>\n<h2>Transformez votre espace ext\u00e9rieur d\u00e8s aujourd'hui !<\/h2>\n<p>Am\u00e9liorez votre mobilier de terrasse avec nos pi\u00e8ces moul\u00e9es en aluminium de haute qualit\u00e9. Gr\u00e2ce \u00e0 leur solidit\u00e9, leur durabilit\u00e9 et leur souplesse de conception, vous pouvez cr\u00e9er un espace ext\u00e9rieur \u00e9l\u00e9gant et confortable qui impressionnera vos invit\u00e9s et vous procurera un plaisir sans fin pendant des ann\u00e9es.<\/p>\n<p>Contactez-nous d\u00e8s aujourd'hui pour d\u00e9couvrir notre large gamme de pi\u00e8ces de mobilier de terrasse en aluminium moul\u00e9 sous pression et commencez \u00e0 transformer votre espace ext\u00e9rieur !<\/p>","protected":false},"excerpt":{"rendered":"<p>Enhance Your Outdoor Space with Aluminum Die Casting Patio Furniture Parts Are you looking to upgrade your patio furniture? Look no further! Our high-quality aluminum die casting patio furniture parts are the perfect solution to transform your outdoor space into a stylish and comfortable oasis. The Benefits of Aluminum Die Casting Aluminum die casting is &hellip;<\/p>\n<p class=\"read-more\"> <a class=\"\" href=\"https:\/\/mk-product.com\/fr\/produit\/aluminum-die-casting-patio-furniture-parts\/\"> <span class=\"screen-reader-text\">Pi\u00e8ces de mobilier de patio moul\u00e9es sous pression en aluminium<\/span> Lire la suite\u00a0\u00bb<\/a><\/p>","protected":false},"featured_media":1041,"template":"","meta":{"site-sidebar-layout":"default","site-content-layout":"","ast-site-content-layout":"default","site-content-style":"default","site-sidebar-style":"default","ast-global-header-display":"","ast-banner-title-visibility":"","ast-main-header-display":"","ast-hfb-above-header-display":"","ast-hfb-below-header-display":"","ast-hfb-mobile-header-display":"","site-post-title":"","ast-breadcrumbs-content":"","ast-featured-img":"","footer-sml-layout":"","theme-transparent-header-meta":"default","adv-header-id-meta":"","stick-header-meta":"","header-above-stick-meta":"","header-main-stick-meta":"","header-below-stick-meta":"","astra-migrate-meta-layouts":"set","ast-page-background-enabled":"default","ast-page-background-meta":{"desktop":{"background-color":"","background-image":"","background-repeat":"repeat","background-position":"center center","background-size":"auto","background-attachment":"scroll","background-type":"","background-media":"","overlay-type":"","overlay-color":"","overlay-gradient":""},"tablet":{"background-color":"","background-image":"","background-repeat":"repeat","background-position":"center center","background-size":"auto","background-attachment":"scroll","background-type":"","background-media":"","overlay-type":"","overlay-color":"","overlay-gradient":""},"mobile":{"background-color":"","background-image":"","background-repeat":"repeat","background-position":"center center","background-size":"auto","background-attachment":"scroll","background-type":"","background-media":"","overlay-type":"","overlay-color":"","overlay-gradient":""}},"ast-content-background-meta":{"desktop":{"background-color":"var(--ast-global-color-5)","background-image":"","background-repeat":"repeat","background-position":"center center","background-size":"auto","background-attachment":"scroll","background-type":"","background-media":"","overlay-type":"","overlay-color":"","overlay-gradient":""},"tablet":{"background-color":"var(--ast-global-color-5)","background-image":"","background-repeat":"repeat","background-position":"center center","background-size":"auto","background-attachment":"scroll","background-type":"","background-media":"","overlay-type":"","overlay-color":"","overlay-gradient":""},"mobile":{"background-color":"var(--ast-global-color-5)","background-image":"","background-repeat":"repeat","background-position":"center center","background-size":"auto","background-attachment":"scroll","background-type":"","background-media":"","overlay-type":"","overlay-color":"","overlay-gradient":""}}},"product_cat":[24],"product_tag":[],"yoast_head":"<!-- This site is optimized with the Yoast SEO plugin v21.7 - https:\/\/yoast.com\/wordpress\/plugins\/seo\/ -->\n<title>Aluminum Die Casting Patio Furniture Parts - mk-product.com<\/title>\n<meta name=\"robots\" content=\"index, follow, max-snippet:-1, max-image-preview:large, max-video-preview:-1\" \/>\n<link rel=\"canonical\" href=\"https:\/\/mk-product.com\/fr\/produit\/aluminum-die-casting-patio-furniture-parts\/\" \/>\n<meta property=\"og:locale\" content=\"fr_FR\" \/>\n<meta property=\"og:type\" content=\"article\" \/>\n<meta property=\"og:title\" content=\"Aluminum Die Casting Patio Furniture Parts - mk-product.com\" \/>\n<meta property=\"og:description\" content=\"Enhance Your Outdoor Space with Aluminum Die Casting Patio Furniture Parts Are you looking to upgrade your patio furniture? Look no further! Our high-quality aluminum die casting patio furniture parts are the perfect solution to transform your outdoor space into a stylish and comfortable oasis. The Benefits of Aluminum Die Casting Aluminum die casting is &hellip; Aluminum Die Casting Patio Furniture Parts Lire la suite\u00a0\u00bb\" \/>\n<meta property=\"og:url\" content=\"https:\/\/mk-product.com\/fr\/produit\/aluminum-die-casting-patio-furniture-parts\/\" \/>\n<meta property=\"og:site_name\" content=\"mk-product.com\" \/>\n<meta property=\"article:modified_time\" content=\"2023-12-14T15:13:47+00:00\" \/>\n<meta property=\"og:image\" content=\"https:\/\/mk-product.com\/wp-content\/uploads\/2023\/12\/AYU9528-e1702391234855.webp\" \/>\n\t<meta property=\"og:image:width\" content=\"800\" \/>\n\t<meta property=\"og:image:height\" content=\"700\" \/>\n\t<meta property=\"og:image:type\" content=\"image\/webp\" \/>\n<meta name=\"twitter:card\" content=\"summary_large_image\" \/>\n<meta name=\"twitter:label1\" content=\"Dur\u00e9e de lecture estim\u00e9e\" \/>\n\t<meta name=\"twitter:data1\" content=\"3 minutes\" \/>\n<script type=\"application\/ld+json\" class=\"yoast-schema-graph\">{\"@context\":\"https:\/\/schema.org\",\"@graph\":[{\"@type\":\"WebPage\",\"@id\":\"https:\/\/mk-product.com\/product\/aluminum-die-casting-patio-furniture-parts\/\",\"url\":\"https:\/\/mk-product.com\/product\/aluminum-die-casting-patio-furniture-parts\/\",\"name\":\"Aluminum Die Casting Patio Furniture Parts - mk-product.com\",\"isPartOf\":{\"@id\":\"https:\/\/mk-product.com\/#website\"},\"datePublished\":\"2023-12-12T14:19:39+00:00\",\"dateModified\":\"2023-12-14T15:13:47+00:00\",\"breadcrumb\":{\"@id\":\"https:\/\/mk-product.com\/product\/aluminum-die-casting-patio-furniture-parts\/#breadcrumb\"},\"inLanguage\":\"fr-FR\",\"potentialAction\":[{\"@type\":\"ReadAction\",\"target\":[\"https:\/\/mk-product.com\/product\/aluminum-die-casting-patio-furniture-parts\/\"]}]},{\"@type\":\"BreadcrumbList\",\"@id\":\"https:\/\/mk-product.com\/product\/aluminum-die-casting-patio-furniture-parts\/#breadcrumb\",\"itemListElement\":[{\"@type\":\"ListItem\",\"position\":1,\"name\":\"Home\",\"item\":\"https:\/\/mk-product.com\/\"},{\"@type\":\"ListItem\",\"position\":2,\"name\":\"Products\",\"item\":\"https:\/\/mk-product.com\/products\/\"},{\"@type\":\"ListItem\",\"position\":3,\"name\":\"Aluminum Die Casting Patio Furniture Parts\"}]},{\"@type\":\"WebSite\",\"@id\":\"https:\/\/mk-product.com\/#website\",\"url\":\"https:\/\/mk-product.com\/\",\"name\":\"mk-product.com\",\"description\":\"\",\"publisher\":{\"@id\":\"https:\/\/mk-product.com\/#organization\"},\"potentialAction\":[{\"@type\":\"SearchAction\",\"target\":{\"@type\":\"EntryPoint\",\"urlTemplate\":\"https:\/\/mk-product.com\/?s={search_term_string}\"},\"query-input\":\"required name=search_term_string\"}],\"inLanguage\":\"fr-FR\"},{\"@type\":\"Organization\",\"@id\":\"https:\/\/mk-product.com\/#organization\",\"name\":\"mk-product.com\",\"url\":\"https:\/\/mk-product.com\/\",\"logo\":{\"@type\":\"ImageObject\",\"inLanguage\":\"fr-FR\",\"@id\":\"https:\/\/mk-product.com\/#\/schema\/logo\/image\/\",\"url\":\"https:\/\/mk-product.com\/wp-content\/uploads\/2023\/12\/cropped-MK-logo-final.png\",\"contentUrl\":\"https:\/\/mk-product.com\/wp-content\/uploads\/2023\/12\/cropped-MK-logo-final.png\",\"width\":780,\"height\":430,\"caption\":\"mk-product.com\"},\"image\":{\"@id\":\"https:\/\/mk-product.com\/#\/schema\/logo\/image\/\"}}]}<\/script>\n<!-- \/ Yoast SEO plugin. -->","yoast_head_json":{"title":"Aluminum Die Casting Patio Furniture Parts - mk-product.com","robots":{"index":"index","follow":"follow","max-snippet":"max-snippet:-1","max-image-preview":"max-image-preview:large","max-video-preview":"max-video-preview:-1"},"canonical":"https:\/\/mk-product.com\/fr\/produit\/aluminum-die-casting-patio-furniture-parts\/","og_locale":"fr_FR","og_type":"article","og_title":"Aluminum Die Casting Patio Furniture Parts - mk-product.com","og_description":"Enhance Your Outdoor Space with Aluminum Die Casting Patio Furniture Parts Are you looking to upgrade your patio furniture? Look no further! Our high-quality aluminum die casting patio furniture parts are the perfect solution to transform your outdoor space into a stylish and comfortable oasis. The Benefits of Aluminum Die Casting Aluminum die casting is &hellip; Aluminum Die Casting Patio Furniture Parts Lire la suite\u00a0\u00bb","og_url":"https:\/\/mk-product.com\/fr\/produit\/aluminum-die-casting-patio-furniture-parts\/","og_site_name":"mk-product.com","article_modified_time":"2023-12-14T15:13:47+00:00","og_image":[{"width":800,"height":700,"url":"https:\/\/mk-product.com\/wp-content\/uploads\/2023\/12\/AYU9528-e1702391234855.webp","type":"image\/webp"}],"twitter_card":"summary_large_image","twitter_misc":{"Dur\u00e9e de lecture estim\u00e9e":"3 minutes"},"schema":{"@context":"https:\/\/schema.org","@graph":[{"@type":"WebPage","@id":"https:\/\/mk-product.com\/product\/aluminum-die-casting-patio-furniture-parts\/","url":"https:\/\/mk-product.com\/product\/aluminum-die-casting-patio-furniture-parts\/","name":"Aluminum Die Casting Patio Furniture Parts - mk-product.com","isPartOf":{"@id":"https:\/\/mk-product.com\/#website"},"datePublished":"2023-12-12T14:19:39+00:00","dateModified":"2023-12-14T15:13:47+00:00","breadcrumb":{"@id":"https:\/\/mk-product.com\/product\/aluminum-die-casting-patio-furniture-parts\/#breadcrumb"},"inLanguage":"fr-FR","potentialAction":[{"@type":"ReadAction","target":["https:\/\/mk-product.com\/product\/aluminum-die-casting-patio-furniture-parts\/"]}]},{"@type":"BreadcrumbList","@id":"https:\/\/mk-product.com\/product\/aluminum-die-casting-patio-furniture-parts\/#breadcrumb","itemListElement":[{"@type":"ListItem","position":1,"name":"Home","item":"https:\/\/mk-product.com\/"},{"@type":"ListItem","position":2,"name":"Products","item":"https:\/\/mk-product.com\/products\/"},{"@type":"ListItem","position":3,"name":"Aluminum Die Casting Patio Furniture Parts"}]},{"@type":"WebSite","@id":"https:\/\/mk-product.com\/#website","url":"https:\/\/mk-product.com\/","name":"mk-product.com","description":"","publisher":{"@id":"https:\/\/mk-product.com\/#organization"},"potentialAction":[{"@type":"SearchAction","target":{"@type":"EntryPoint","urlTemplate":"https:\/\/mk-product.com\/?s={search_term_string}"},"query-input":"required name=search_term_string"}],"inLanguage":"fr-FR"},{"@type":"Organization","@id":"https:\/\/mk-product.com\/#organization","name":"mk-product.com","url":"https:\/\/mk-product.com\/","logo":{"@type":"ImageObject","inLanguage":"fr-FR","@id":"https:\/\/mk-product.com\/#\/schema\/logo\/image\/","url":"https:\/\/mk-product.com\/wp-content\/uploads\/2023\/12\/cropped-MK-logo-final.png","contentUrl":"https:\/\/mk-product.com\/wp-content\/uploads\/2023\/12\/cropped-MK-logo-final.png","width":780,"height":430,"caption":"mk-product.com"},"image":{"@id":"https:\/\/mk-product.com\/#\/schema\/logo\/image\/"}}]}},"_links":{"self":[{"href":"https:\/\/mk-product.com\/fr\/wp-json\/wp\/v2\/product\/1040"}],"collection":[{"href":"https:\/\/mk-product.com\/fr\/wp-json\/wp\/v2\/product"}],"about":[{"href":"https:\/\/mk-product.com\/fr\/wp-json\/wp\/v2\/types\/product"}],"wp:featuredmedia":[{"embeddable":true,"href":"https:\/\/mk-product.com\/fr\/wp-json\/wp\/v2\/media\/1041"}],"wp:attachment":[{"href":"https:\/\/mk-product.com\/fr\/wp-json\/wp\/v2\/media?parent=1040"}],"wp:term":[{"taxonomy":"product_cat","embeddable":true,"href":"https:\/\/mk-product.com\/fr\/wp-json\/wp\/v2\/product_cat?post=1040"},{"taxonomy":"product_tag","embeddable":true,"href":"https:\/\/mk-product.com\/fr\/wp-json\/wp\/v2\/product_tag?post=1040"}],"curies":[{"name":"wp","href":"https:\/\/api.w.org\/{rel}","templated":true}]}}