{"id":1040,"date":"2023-12-12T22:19:39","date_gmt":"2023-12-12T14:19:39","guid":{"rendered":"https:\/\/mk-product.com\/?post_type=product&#038;p=1040"},"modified":"2023-12-14T05:13:47","modified_gmt":"2023-12-14T15:13:47","slug":"aluminum-die-casting-patio-furniture-parts","status":"publish","type":"product","link":"https:\/\/mk-product.com\/es\/producto\/aluminum-die-casting-patio-furniture-parts\/","title":{"rendered":"Piezas de fundici\u00f3n de aluminio para muebles de patio"},"content":{"rendered":"<h2>Mejore su espacio exterior con piezas de fundici\u00f3n de aluminio para muebles de patio<\/h2>\n<p>\u00bfQuiere renovar los muebles de su terraza? No busque m\u00e1s. Nuestras piezas de muebles de patio de fundici\u00f3n a presi\u00f3n de aluminio de alta calidad son la soluci\u00f3n perfecta para transformar su espacio al aire libre en un oasis elegante y confortable.<\/p>\n<h3>Ventajas de la fundici\u00f3n a presi\u00f3n de aluminio<\/h3>\n<p>La fundici\u00f3n a presi\u00f3n de aluminio es un proceso de fabricaci\u00f3n que produce piezas resistentes y duraderas con una excelente precisi\u00f3n dimensional. Este proceso consiste en inyectar aluminio fundido en la cavidad de un molde a alta presi\u00f3n, lo que da como resultado piezas de muebles de jard\u00edn complejas y precisas.<\/p>\n<p>Aqu\u00ed est\u00e1n algunas ventajas dominantes de usar la fundici\u00f3n a presi\u00f3n de aluminio para las piezas de los muebles del patio:<\/p>\n<ul>\n<li><strong>Resistencia y durabilidad:<\/strong> La fundici\u00f3n a presi\u00f3n de aluminio crea piezas resistentes y capaces de soportar las inclemencias del tiempo, lo que las hace perfectas para muebles de exterior.<\/li>\n<li><strong>Ligero:<\/strong> A pesar de su resistencia, el aluminio es ligero, por lo que es f\u00e1cil de mover y reorganizar sus muebles de patio seg\u00fan sea necesario.<\/li>\n<li><strong>Resistencia a la corrosi\u00f3n:<\/strong> El aluminio forma de forma natural una capa protectora de \u00f3xido, lo que lo hace muy resistente a la corrosi\u00f3n y garantiza que sus muebles de terraza duren a\u00f1os.<\/li>\n<li><strong>Flexibilidad de dise\u00f1o:<\/strong> La fundici\u00f3n a presi\u00f3n de aluminio permite dise\u00f1os intrincados y complejos, ofreci\u00e9ndole infinitas posibilidades para crear muebles de jard\u00edn \u00fanicos y con estilo.<\/li>\n<\/ul>\n<h3>Amplia gama de piezas para muebles de jard\u00edn<\/h3>\n<p>Tanto si desea sustituir un \u00fanico componente como construir un conjunto completo de muebles de jard\u00edn, le ofrecemos una amplia gama de piezas de fundici\u00f3n a presi\u00f3n de aluminio para satisfacer sus necesidades. Nuestra selecci\u00f3n incluye:<\/p>\n<ul>\n<li>Armazones de sillas<\/li>\n<li>Patas de mesa<\/li>\n<li>Reposabrazos<\/li>\n<li>Respaldos<\/li>\n<li>Soportes<\/li>\n<li>Y mucho m\u00e1s.<\/li>\n<\/ul>\n<p>Nuestras piezas para muebles de patio est\u00e1n disponibles en varios tama\u00f1os y acabados, lo que le permite crear un aspecto cohesivo y elegante para su espacio al aire libre. Tanto si prefiere un dise\u00f1o cl\u00e1sico como contempor\u00e1neo, nuestras piezas pueden personalizarse para adaptarse a su estilo \u00fanico.<\/p>\n<h3>Calidad y precisi\u00f3n sin concesiones<\/h3>\n<p>En [Nombre de su empresa], nos enorgullecemos de ofrecer la m\u00e1s alta calidad en piezas de fundici\u00f3n de aluminio para muebles de patio. Nuestro equipo de ingenieros y t\u00e9cnicos cualificados garantiza que cada pieza cumpla las normas de calidad m\u00e1s estrictas.<\/p>\n<p>Desde la fase inicial de dise\u00f1o hasta la producci\u00f3n final, utilizamos tecnolog\u00eda punta y rigurosas medidas de control de calidad para garantizar la precisi\u00f3n y durabilidad de nuestras piezas. Usted puede confiar en que nuestras piezas de los muebles del patio soportar\u00e1n la prueba del tiempo y le proporcionar\u00e1n a\u00f1os del disfrute.<\/p>\n<h3>F\u00e1cil instalaci\u00f3n y mantenimiento<\/h3>\n<p>La instalaci\u00f3n de nuestro aluminio a presi\u00f3n piezas de los muebles del patio del bastidor es una brisa. Con sus dimensiones y compatibilidad exactas, usted puede substituir o actualizar f\u00e1cilmente sus componentes existentes de los muebles del patio sin ninguna molestia.<\/p>\n<p>El mantenimiento tambi\u00e9n es muy sencillo con nuestras piezas de fundici\u00f3n a presi\u00f3n de aluminio. Basta con pasarles un pa\u00f1o h\u00famedo para mantenerlas limpias y frescas. Las propiedades de resistencia a la corrosi\u00f3n del aluminio garantizan que sus muebles de jard\u00edn mantendr\u00e1n su aspecto incluso en condiciones clim\u00e1ticas adversas.<\/p>\n<h3>Elecci\u00f3n respetuosa con el medio ambiente<\/h3>\n<p>Elegir piezas de fundici\u00f3n de aluminio para muebles de jard\u00edn no s\u00f3lo es una gran inversi\u00f3n para su espacio exterior, sino tambi\u00e9n para el medio ambiente. El aluminio es un material altamente reciclable, por lo que es una opci\u00f3n sostenible para la fabricaci\u00f3n de muebles de patio.<\/p>\n<p>Al elegir nuestras piezas de fundici\u00f3n a presi\u00f3n de aluminio, est\u00e1 tomando una decisi\u00f3n consciente para reducir su huella de carbono y contribuir a un futuro m\u00e1s ecol\u00f3gico.<\/p>\n<h2>Transforme hoy mismo su espacio exterior<\/h2>\n<p>Actualice sus muebles de terraza con nuestras piezas de fundici\u00f3n de aluminio de alta calidad. Gracias a su resistencia, durabilidad y flexibilidad de dise\u00f1o, podr\u00e1 crear un espacio exterior elegante y c\u00f3modo que impresionar\u00e1 a sus invitados y le proporcionar\u00e1 un disfrute sin fin durante a\u00f1os.<\/p>\n<p>P\u00f3ngase en contacto con nosotros hoy mismo para explorar nuestra amplia gama de piezas de fundici\u00f3n de aluminio para muebles de jard\u00edn y empezar a transformar su espacio exterior.<\/p>","protected":false},"excerpt":{"rendered":"<p>Enhance Your Outdoor Space with Aluminum Die Casting Patio Furniture Parts Are you looking to upgrade your patio furniture? Look no further! Our high-quality aluminum die casting patio furniture parts are the perfect solution to transform your outdoor space into a stylish and comfortable oasis. The Benefits of Aluminum Die Casting Aluminum die casting is &hellip;<\/p>\n<p class=\"read-more\"> <a class=\"\" href=\"https:\/\/mk-product.com\/es\/producto\/aluminum-die-casting-patio-furniture-parts\/\"> <span class=\"screen-reader-text\">Piezas de fundici\u00f3n de aluminio para muebles de patio<\/span> Leer m\u00e1s &raquo;<\/a><\/p>","protected":false},"featured_media":1041,"template":"","meta":{"site-sidebar-layout":"default","site-content-layout":"","ast-site-content-layout":"default","site-content-style":"default","site-sidebar-style":"default","ast-global-header-display":"","ast-banner-title-visibility":"","ast-main-header-display":"","ast-hfb-above-header-display":"","ast-hfb-below-header-display":"","ast-hfb-mobile-header-display":"","site-post-title":"","ast-breadcrumbs-content":"","ast-featured-img":"","footer-sml-layout":"","theme-transparent-header-meta":"default","adv-header-id-meta":"","stick-header-meta":"","header-above-stick-meta":"","header-main-stick-meta":"","header-below-stick-meta":"","astra-migrate-meta-layouts":"set","ast-page-background-enabled":"default","ast-page-background-meta":{"desktop":{"background-color":"","background-image":"","background-repeat":"repeat","background-position":"center center","background-size":"auto","background-attachment":"scroll","background-type":"","background-media":"","overlay-type":"","overlay-color":"","overlay-gradient":""},"tablet":{"background-color":"","background-image":"","background-repeat":"repeat","background-position":"center center","background-size":"auto","background-attachment":"scroll","background-type":"","background-media":"","overlay-type":"","overlay-color":"","overlay-gradient":""},"mobile":{"background-color":"","background-image":"","background-repeat":"repeat","background-position":"center center","background-size":"auto","background-attachment":"scroll","background-type":"","background-media":"","overlay-type":"","overlay-color":"","overlay-gradient":""}},"ast-content-background-meta":{"desktop":{"background-color":"var(--ast-global-color-5)","background-image":"","background-repeat":"repeat","background-position":"center center","background-size":"auto","background-attachment":"scroll","background-type":"","background-media":"","overlay-type":"","overlay-color":"","overlay-gradient":""},"tablet":{"background-color":"var(--ast-global-color-5)","background-image":"","background-repeat":"repeat","background-position":"center center","background-size":"auto","background-attachment":"scroll","background-type":"","background-media":"","overlay-type":"","overlay-color":"","overlay-gradient":""},"mobile":{"background-color":"var(--ast-global-color-5)","background-image":"","background-repeat":"repeat","background-position":"center center","background-size":"auto","background-attachment":"scroll","background-type":"","background-media":"","overlay-type":"","overlay-color":"","overlay-gradient":""}}},"product_cat":[24],"product_tag":[],"yoast_head":"<!-- This site is optimized with the Yoast SEO plugin v21.7 - https:\/\/yoast.com\/wordpress\/plugins\/seo\/ -->\n<title>Aluminum Die Casting Patio Furniture Parts - mk-product.com<\/title>\n<meta name=\"robots\" content=\"index, follow, max-snippet:-1, max-image-preview:large, max-video-preview:-1\" \/>\n<link rel=\"canonical\" href=\"https:\/\/mk-product.com\/es\/producto\/aluminum-die-casting-patio-furniture-parts\/\" \/>\n<meta property=\"og:locale\" content=\"es_ES\" \/>\n<meta property=\"og:type\" content=\"article\" \/>\n<meta property=\"og:title\" content=\"Aluminum Die Casting Patio Furniture Parts - mk-product.com\" \/>\n<meta property=\"og:description\" content=\"Enhance Your Outdoor Space with Aluminum Die Casting Patio Furniture Parts Are you looking to upgrade your patio furniture? Look no further! Our high-quality aluminum die casting patio furniture parts are the perfect solution to transform your outdoor space into a stylish and comfortable oasis. The Benefits of Aluminum Die Casting Aluminum die casting is &hellip; Aluminum Die Casting Patio Furniture Parts Leer m\u00e1s &raquo;\" \/>\n<meta property=\"og:url\" content=\"https:\/\/mk-product.com\/es\/producto\/aluminum-die-casting-patio-furniture-parts\/\" \/>\n<meta property=\"og:site_name\" content=\"mk-product.com\" \/>\n<meta property=\"article:modified_time\" content=\"2023-12-14T15:13:47+00:00\" \/>\n<meta property=\"og:image\" content=\"https:\/\/mk-product.com\/wp-content\/uploads\/2023\/12\/AYU9528-e1702391234855.webp\" \/>\n\t<meta property=\"og:image:width\" content=\"800\" \/>\n\t<meta property=\"og:image:height\" content=\"700\" \/>\n\t<meta property=\"og:image:type\" content=\"image\/webp\" \/>\n<meta name=\"twitter:card\" content=\"summary_large_image\" \/>\n<meta name=\"twitter:label1\" content=\"Tiempo de lectura\" \/>\n\t<meta name=\"twitter:data1\" content=\"3 minutos\" \/>\n<script type=\"application\/ld+json\" class=\"yoast-schema-graph\">{\"@context\":\"https:\/\/schema.org\",\"@graph\":[{\"@type\":\"WebPage\",\"@id\":\"https:\/\/mk-product.com\/product\/aluminum-die-casting-patio-furniture-parts\/\",\"url\":\"https:\/\/mk-product.com\/product\/aluminum-die-casting-patio-furniture-parts\/\",\"name\":\"Aluminum Die Casting Patio Furniture Parts - mk-product.com\",\"isPartOf\":{\"@id\":\"https:\/\/mk-product.com\/#website\"},\"datePublished\":\"2023-12-12T14:19:39+00:00\",\"dateModified\":\"2023-12-14T15:13:47+00:00\",\"breadcrumb\":{\"@id\":\"https:\/\/mk-product.com\/product\/aluminum-die-casting-patio-furniture-parts\/#breadcrumb\"},\"inLanguage\":\"es\",\"potentialAction\":[{\"@type\":\"ReadAction\",\"target\":[\"https:\/\/mk-product.com\/product\/aluminum-die-casting-patio-furniture-parts\/\"]}]},{\"@type\":\"BreadcrumbList\",\"@id\":\"https:\/\/mk-product.com\/product\/aluminum-die-casting-patio-furniture-parts\/#breadcrumb\",\"itemListElement\":[{\"@type\":\"ListItem\",\"position\":1,\"name\":\"Home\",\"item\":\"https:\/\/mk-product.com\/\"},{\"@type\":\"ListItem\",\"position\":2,\"name\":\"Products\",\"item\":\"https:\/\/mk-product.com\/products\/\"},{\"@type\":\"ListItem\",\"position\":3,\"name\":\"Aluminum Die Casting Patio Furniture Parts\"}]},{\"@type\":\"WebSite\",\"@id\":\"https:\/\/mk-product.com\/#website\",\"url\":\"https:\/\/mk-product.com\/\",\"name\":\"mk-product.com\",\"description\":\"\",\"publisher\":{\"@id\":\"https:\/\/mk-product.com\/#organization\"},\"potentialAction\":[{\"@type\":\"SearchAction\",\"target\":{\"@type\":\"EntryPoint\",\"urlTemplate\":\"https:\/\/mk-product.com\/?s={search_term_string}\"},\"query-input\":\"required name=search_term_string\"}],\"inLanguage\":\"es\"},{\"@type\":\"Organization\",\"@id\":\"https:\/\/mk-product.com\/#organization\",\"name\":\"mk-product.com\",\"url\":\"https:\/\/mk-product.com\/\",\"logo\":{\"@type\":\"ImageObject\",\"inLanguage\":\"es\",\"@id\":\"https:\/\/mk-product.com\/#\/schema\/logo\/image\/\",\"url\":\"https:\/\/mk-product.com\/wp-content\/uploads\/2023\/12\/cropped-MK-logo-final.png\",\"contentUrl\":\"https:\/\/mk-product.com\/wp-content\/uploads\/2023\/12\/cropped-MK-logo-final.png\",\"width\":780,\"height\":430,\"caption\":\"mk-product.com\"},\"image\":{\"@id\":\"https:\/\/mk-product.com\/#\/schema\/logo\/image\/\"}}]}<\/script>\n<!-- \/ Yoast SEO plugin. -->","yoast_head_json":{"title":"Aluminum Die Casting Patio Furniture Parts - mk-product.com","robots":{"index":"index","follow":"follow","max-snippet":"max-snippet:-1","max-image-preview":"max-image-preview:large","max-video-preview":"max-video-preview:-1"},"canonical":"https:\/\/mk-product.com\/es\/producto\/aluminum-die-casting-patio-furniture-parts\/","og_locale":"es_ES","og_type":"article","og_title":"Aluminum Die Casting Patio Furniture Parts - mk-product.com","og_description":"Enhance Your Outdoor Space with Aluminum Die Casting Patio Furniture Parts Are you looking to upgrade your patio furniture? Look no further! Our high-quality aluminum die casting patio furniture parts are the perfect solution to transform your outdoor space into a stylish and comfortable oasis. The Benefits of Aluminum Die Casting Aluminum die casting is &hellip; Aluminum Die Casting Patio Furniture Parts Leer m\u00e1s &raquo;","og_url":"https:\/\/mk-product.com\/es\/producto\/aluminum-die-casting-patio-furniture-parts\/","og_site_name":"mk-product.com","article_modified_time":"2023-12-14T15:13:47+00:00","og_image":[{"width":800,"height":700,"url":"https:\/\/mk-product.com\/wp-content\/uploads\/2023\/12\/AYU9528-e1702391234855.webp","type":"image\/webp"}],"twitter_card":"summary_large_image","twitter_misc":{"Tiempo de lectura":"3 minutos"},"schema":{"@context":"https:\/\/schema.org","@graph":[{"@type":"WebPage","@id":"https:\/\/mk-product.com\/product\/aluminum-die-casting-patio-furniture-parts\/","url":"https:\/\/mk-product.com\/product\/aluminum-die-casting-patio-furniture-parts\/","name":"Aluminum Die Casting Patio Furniture Parts - mk-product.com","isPartOf":{"@id":"https:\/\/mk-product.com\/#website"},"datePublished":"2023-12-12T14:19:39+00:00","dateModified":"2023-12-14T15:13:47+00:00","breadcrumb":{"@id":"https:\/\/mk-product.com\/product\/aluminum-die-casting-patio-furniture-parts\/#breadcrumb"},"inLanguage":"es","potentialAction":[{"@type":"ReadAction","target":["https:\/\/mk-product.com\/product\/aluminum-die-casting-patio-furniture-parts\/"]}]},{"@type":"BreadcrumbList","@id":"https:\/\/mk-product.com\/product\/aluminum-die-casting-patio-furniture-parts\/#breadcrumb","itemListElement":[{"@type":"ListItem","position":1,"name":"Home","item":"https:\/\/mk-product.com\/"},{"@type":"ListItem","position":2,"name":"Products","item":"https:\/\/mk-product.com\/products\/"},{"@type":"ListItem","position":3,"name":"Aluminum Die Casting Patio Furniture Parts"}]},{"@type":"WebSite","@id":"https:\/\/mk-product.com\/#website","url":"https:\/\/mk-product.com\/","name":"mk-product.com","description":"","publisher":{"@id":"https:\/\/mk-product.com\/#organization"},"potentialAction":[{"@type":"SearchAction","target":{"@type":"EntryPoint","urlTemplate":"https:\/\/mk-product.com\/?s={search_term_string}"},"query-input":"required name=search_term_string"}],"inLanguage":"es"},{"@type":"Organization","@id":"https:\/\/mk-product.com\/#organization","name":"mk-product.com","url":"https:\/\/mk-product.com\/","logo":{"@type":"ImageObject","inLanguage":"es","@id":"https:\/\/mk-product.com\/#\/schema\/logo\/image\/","url":"https:\/\/mk-product.com\/wp-content\/uploads\/2023\/12\/cropped-MK-logo-final.png","contentUrl":"https:\/\/mk-product.com\/wp-content\/uploads\/2023\/12\/cropped-MK-logo-final.png","width":780,"height":430,"caption":"mk-product.com"},"image":{"@id":"https:\/\/mk-product.com\/#\/schema\/logo\/image\/"}}]}},"_links":{"self":[{"href":"https:\/\/mk-product.com\/es\/wp-json\/wp\/v2\/product\/1040"}],"collection":[{"href":"https:\/\/mk-product.com\/es\/wp-json\/wp\/v2\/product"}],"about":[{"href":"https:\/\/mk-product.com\/es\/wp-json\/wp\/v2\/types\/product"}],"wp:featuredmedia":[{"embeddable":true,"href":"https:\/\/mk-product.com\/es\/wp-json\/wp\/v2\/media\/1041"}],"wp:attachment":[{"href":"https:\/\/mk-product.com\/es\/wp-json\/wp\/v2\/media?parent=1040"}],"wp:term":[{"taxonomy":"product_cat","embeddable":true,"href":"https:\/\/mk-product.com\/es\/wp-json\/wp\/v2\/product_cat?post=1040"},{"taxonomy":"product_tag","embeddable":true,"href":"https:\/\/mk-product.com\/es\/wp-json\/wp\/v2\/product_tag?post=1040"}],"curies":[{"name":"wp","href":"https:\/\/api.w.org\/{rel}","templated":true}]}}